{"id":95,"date":"2018-01-14T15:47:31","date_gmt":"2018-01-14T15:47:31","guid":{"rendered":"http:\/\/wroclawskaszkolaspiewu.pl\/?page_id=95"},"modified":"2025-10-06T17:56:54","modified_gmt":"2025-10-06T17:56:54","slug":"regulamin","status":"publish","type":"page","link":"https:\/\/wroclawskaszkolaspiewu.pl\/index.php\/regulamin\/","title":{"rendered":"Regulamin i cennik"},"content":{"rendered":"<h2><span style=\"color: #cc99ff;\"><b>POLITYKA PRYWATNO\u015aCI<\/b><\/span><\/h2>\n<p><a href=\"http:\/\/wroclawskaszkolaspiewu.pl\/index.php\/polityka-prywatnosci\/\"><b>http:\/\/wroclawskaszkolaspiewu.pl\/index.php\/polityka-prywatnosci\/<\/b><\/a><\/p>\n<h1><span style=\"color: #cc99ff;\"><b>REGULAMIN<\/b><\/span><\/h1>\n<p><span style=\"font-weight: 400;\">Regulamin Wroc\u0142awskiej Szko\u0142y \u015apiewu jest dost\u0119pny na stronie internetowej Szko\u0142y. Rozpocz\u0119cie nauki w Szkole (dokonanie pierwszej wp\u0142aty) jest jednoznaczne z akceptacj\u0105 jego postanowie\u0144.<\/span><\/p>\n<p><span style=\"font-weight: 400;\">Zaj\u0119cia we Wroc\u0142awskiej Szkole \u015apiewu kierowane s\u0105 zar\u00f3wno do amator\u00f3w bez wcze\u015bniejszego przygotowania, jak i do zaawansowanych wokalist\u00f3w.<\/span><\/p>\n<p><b>Do Wroc\u0142awskiej Szko\u0142y \u015apiewu nie obowi\u0105zuj\u0105 egzaminy wst\u0119pne. Ka\u017cdy mo\u017ce rozpocz\u0105\u0107 nauk\u0119 w dowolnym momencie roku, a program nauczania b\u0119dzie dostosowany do aktualnego poziomu wiedzy i umiej\u0119tno\u015bci Ucznia.<\/b><\/p>\n<p><span style=\"font-weight: 400;\">Form\u0105 sprawdzenia nabytej wiedzy muzycznej i umiej\u0119tno\u015bci s\u0105 koncerty Uczni\u00f3w, regularnie organizowane przez Szko\u0142\u0119 na koniec ka\u017cdego semestru szkolnego.<\/span><\/p>\n<p><span style=\"font-weight: 400;\">Szko\u0142a prowadzi zaj\u0119cia indywidualne dla dzieci, m\u0142odzie\u017cy i doros\u0142ych, zgodnie z ofert\u0105 dost\u0119pn\u0105 na niniejszej stronie internetowej. Mo\u017cliwe s\u0105 tak\u017ce zaj\u0119cia w parach i grupowe, podlegaj\u0105 jednak odr\u0119bnym ustaleniom.<\/span><\/p>\n<p><b>Terminy zaj\u0119\u0107 ustalane s\u0105 indywidualnie. <\/b><span style=\"font-weight: 400;\">Z przyczyn organizacyjnych oraz dla zapewnienia optymalnej efektywno\u015bci nauki zalecane jest wyznaczenie sta\u0142ego terminu zaj\u0119\u0107. Je\u015bli nie jest to mo\u017cliwe, termin mo\u017ce by\u0107 zmienny &#8211; w miar\u0119 dost\u0119pno\u015bci sali i Trener\u00f3w.<\/span><\/p>\n<p><span style=\"font-weight: 400;\">Cz\u0119stotliwo\u015b\u0107 zaj\u0119\u0107 jest ustalana indywidualnie z Uczniem lub jego Opiekunem. Z punktu widzenia efektywno\u015bci nauki zalecana cz\u0119stotliwo\u015b\u0107 to 1 spotkanie w tygodniu.<\/span><\/p>\n<p><span style=\"font-weight: 400;\">Szko\u0142a prowadzi r\u00f3wnie\u017c na odr\u0119bnych zasadach warsztaty i zaj\u0119cia grupowe, o kt\u00f3rych informuje na stronie internetowej, w mediach spo\u0142eczno\u015bciowych i\/lub przez newsletter.<\/span><\/p>\n<p><span style=\"color: #3366ff;\"><b>EFEKTY KSZTA\u0141CENIA W SZKOLE<\/b><\/span><\/p>\n<p><span style=\"font-weight: 400;\">Wynikiem nauki we Wroc\u0142awskiej Szkole \u015apiewu jest rozwini\u0119cie szerokiego wachlarza umiej\u0119tno\u015bci muzycznych oraz poszerzenie wiedzy z dziedziny muzyki, a tak\u017ce emisji i higieny g\u0142osu.<\/span><\/p>\n<p><span style=\"font-weight: 400;\">W\u015br\u00f3d efekt\u00f3w kszta\u0142cenia wymieni\u0107 mo\u017cna:<\/span><\/p>\n<ul>\n<li style=\"font-weight: 400;\" aria-level=\"1\"><span style=\"font-weight: 400;\">Rozw\u00f3j w zakresie indywidualnej i zespo\u0142owej ekspresji muzycznej w zr\u00f3\u017cnicowanych gatunkach i stylach muzycznych, za pomoc\u0105 g\u0142osu, instrument\u00f3w i w\u0142asnego cia\u0142a<\/span><\/li>\n<li style=\"font-weight: 400;\" aria-level=\"1\"><span style=\"font-weight: 400;\">Rozw\u00f3j w zakresie znajomo\u015bci j\u0119zyka i funkcji muzyki i my\u015blenia muzycznego<\/span><\/li>\n<li style=\"font-weight: 400;\" aria-level=\"1\"><span style=\"font-weight: 400;\">Rozw\u00f3j w zakresie kreatywno\u015bci muzycznej i tw\u00f3rczych dzia\u0142a\u0144 w obr\u0119bie muzyki<\/span><\/li>\n<li style=\"font-weight: 400;\" aria-level=\"1\"><span style=\"font-weight: 400;\">Poszerzenie wiedzy o kulturze muzycznej<\/span><\/li>\n<li style=\"font-weight: 400;\" aria-level=\"1\"><span style=\"font-weight: 400;\">Rozw\u00f3j umiej\u0119tno\u015bci w zakresie fonetyki j\u0119zyk\u00f3w obcych<\/span><\/li>\n<li style=\"font-weight: 400;\" aria-level=\"1\"><span style=\"font-weight: 400;\">Rozw\u00f3j umiej\u0119tno\u015bci w zakresie tw\u00f3rczego pisania, a tak\u017ce wra\u017cliwo\u015bci i \u015bwiadomo\u015bci literackiej<\/span><\/li>\n<li style=\"font-weight: 400;\" aria-level=\"1\"><span style=\"font-weight: 400;\">Rozw\u00f3j umiej\u0119tno\u015bci w zakresie s\u0142uchu (w tym s\u0142uchu harmonicznego), rytmu i improwizacji muzycznej<\/span><\/li>\n<li style=\"font-weight: 400;\" aria-level=\"1\"><span style=\"font-weight: 400;\">Poszerzenie wiedzy i budowanie dobrych nawyk\u00f3w w zakresie higieny g\u0142osu i jego prawid\u0142owej emisji, a tak\u017ce dykcji i artykulacji<\/span><\/li>\n<\/ul>\n<h2><span style=\"color: #cc99ff;\"><b>ROZPOCZ\u0118CIE NAUKI W SZKOLE<\/b><\/span><\/h2>\n<p><b>Nauk\u0119 mo\u017cna rozpocz\u0105\u0107 w dowolnym momencie roku. Nauka odbywa si\u0119 w trybie ci\u0105g\u0142ym, Wroc\u0142awska Szko\u0142a \u015apiewu nie dzieli roku na semestry. Zaj\u0119cia odbywaj\u0105 si\u0119 tak\u017ce w okresie wakacyjnym w miar\u0119 dost\u0119pno\u015bci Trener\u00f3w.<\/b><\/p>\n<p><span style=\"font-weight: 400;\">Rezerwacji terminu pierwszych zaj\u0119\u0107 mo\u017cna dokona\u0107 na trzy sposoby:<\/span><\/p>\n<ol>\n<li><span style=\"font-weight: 400;\">kontaktuj\u0105c si\u0119 ze Szko\u0142\u0105 pod numerem: +48 519 393 163<\/span><\/li>\n<li><span style=\"font-weight: 400;\">mailowo pod adresem wroclawskaszkolaspiewu@gmail.com<\/span><\/li>\n<li><span style=\"font-weight: 400;\">wype\u0142niaj\u0105c formularz kontaktowy dost\u0119pny pod adresem:<\/span><a href=\"http:\/\/bit.ly\/WSSformularz\"> bit.<span style=\"font-weight: 400;\">ly\/WSSformularz<\/span><\/a><\/li>\n<\/ol>\n<p><b>W ci\u0105gu 24 godzin od rezerwacji terminu pierwszych zaj\u0119\u0107 nale\u017cy przela\u0107 na konto Szko\u0142y kwot\u0119 nale\u017cn\u0105 za te zaj\u0119cia <\/b><span style=\"font-weight: 400;\">(zgodnie z cennikiem poni\u017cej) oraz przes\u0142a\u0107 potwierdzenie przelewu na adres wroclawskaszkolaspiewu@gmail.com. <\/span><b>Brak wp\u0142aty na konto w ci\u0105gu 24 godzin od momentu rezerwacji skutkuje anulowaniem um\u00f3wionego terminu zaj\u0119\u0107.<\/b><\/p>\n<h2><span style=\"color: #cc99ff;\"><b>UMAWIANIE I ODWO\u0141YWANIE ZAJ\u0118\u0106<\/b><\/span><\/h2>\n<p><b>Terminy kolejnych zaj\u0119\u0107 mo\u017cna umawia\u0107 na dwa sposoby:<\/b><\/p>\n<ol>\n<li><span style=\"font-weight: 400;\">Podczas zaj\u0119\u0107 mo\u017cna bezpo\u015brednio u Trenera um\u00f3wi\u0107 si\u0119 na termin kolejnego spotkania.<\/span><\/li>\n<li><span style=\"font-weight: 400;\">Poza zaj\u0119ciami terminy kolejnych zaj\u0119\u0107 nale\u017cy ustala\u0107<\/span><span style=\"font-weight: 400;\">\u00a0przez kontakt z koordynatork\u0105 zaj\u0119\u0107 Wroc\u0142awskiej Szko\u0142y \u015apiewu pod numerem: +48 519 393 163 lub mailowo pod adresem wroclawskaszkolaspiewu@gmail.com.<\/span><\/li>\n<\/ol>\n<p><b>Odwo\u0142ywa\u0107 zaj\u0119cia mo\u017cna WY\u0141\u0104CZNIE kontaktuj\u0105c si\u0119 ze Szko\u0142\u0105 <\/b><span style=\"font-weight: 400;\">pod numerem: +48 519 393 163 lub mailowo pod adresem wroclawskaszkolaspiewu@gmail.com.<\/span><\/p>\n<p><b>Ustalony termin zaj\u0119\u0107 mo\u017cna odwo\u0142a\u0107 bez konsekwencji najp\u00f3\u017aniej do 19:00 dnia poprzedzaj\u0105cego um\u00f3wion\u0105 lekcj\u0119. Za zaj\u0119cia odwo\u0142ane po tym terminie obowi\u0105zuje kara umowna w wysoko\u015bci pe\u0142nej ceny odwo\u0142anych zaj\u0119\u0107.<\/b><\/p>\n<p><span style=\"font-weight: 400;\">W przypadku zaj\u0119\u0107 odwo\u0142anych po terminie Szko\u0142a prze\u015ble Uczniowi mailem \u0107wiczenia do wykonania we w\u0142asnym zakresie, stanowi\u0105ce ekwiwalent 1 lekcji.<\/span><\/p>\n<h2><span style=\"color: #cc99ff;\"><b>P\u0141ATNO\u015aCI<\/b><\/span><\/h2>\n<p><span style=\"font-weight: 400;\">Zaj\u0119cia rozliczane s\u0105 raz w miesi\u0105cu.<\/span><\/p>\n<p><b>Po zako\u0144czeniu miesi\u0105ca kalendarzowego Ucze\u0144 w przeci\u0105gu tygodnia otrzyma drog\u0105 mailow\u0105 zestawienie przeprowadzonych zaj\u0119\u0107 wraz z nale\u017cnymi kwotami. Zestawienie to jednocze\u015bnie jest rachunkiem.<\/b><\/p>\n<p><span style=\"font-weight: 400;\">W szczeg\u00f3lnych przypadkach Szko\u0142a mo\u017ce przyzna\u0107 Uczniowi rabat. <\/span><b>Warunkiem przyznania rabatu jest terminowe dokonywanie p\u0142atno\u015bci.<\/b><\/p>\n<p><span style=\"font-weight: 400;\">Ucze\u0144 (lub Opiekun) zobowi\u0105zany jest dokona\u0107 p\u0142atno\u015bci w terminie okre\u015blonym w rachunku.<\/span><\/p>\n<p><span style=\"font-weight: 400;\">P\u0142atno\u015bci nale\u017cy dokona\u0107 przelewem bankowym. Dane do przelewu zostan\u0105 przes\u0142ane mailowo.<\/span><\/p>\n<p>W przypadku os\u00f3b rozpoczynaj\u0105cych nauk\u0119 w naszej Szkole lub powracaj\u0105cych po przerwie d\u0142u\u017cszej ni\u017c 6 miesi\u0119cy pierwsza lekcja jest p\u0142atna z g\u00f3ry.<\/p>\n<h1><\/h1>\n","protected":false},"excerpt":{"rendered":"<p>POLITYKA PRYWATNO\u015aCI http:\/\/wroclawskaszkolaspiewu.pl\/index.php\/polityka-prywatnosci\/ REGULAMIN Regulamin Wroc\u0142awskiej Szko\u0142y \u015apiewu jest dost\u0119pny na stronie internetowej Szko\u0142y. Rozpocz\u0119cie nauki w Szkole (dokonanie pierwszej wp\u0142aty) jest jednoznaczne z akceptacj\u0105 jego postanowie\u0144. Zaj\u0119cia we Wroc\u0142awskiej Szkole \u015apiewu kierowane s\u0105 zar\u00f3wno do amator\u00f3w bez wcze\u015bniejszego przygotowania, jak i do zaawansowanych wokalist\u00f3w. Do Wroc\u0142awskiej Szko\u0142y \u015apiewu nie obowi\u0105zuj\u0105 egzaminy wst\u0119pne. Ka\u017cdy mo\u017ce &hellip; <\/p>\n<p class=\"link-more\"><a href=\"https:\/\/wroclawskaszkolaspiewu.pl\/index.php\/regulamin\/\" class=\"more-link\">Czytaj dalej<span class=\"screen-reader-text\"> \u201eRegulamin i cennik\u201d<\/span><\/a><\/p>\n","protected":false},"author":1,"featured_media":0,"parent":0,"menu_order":0,"comment_status":"closed","ping_status":"closed","template":"","meta":{"footnotes":""},"_links":{"self":[{"href":"https:\/\/wroclawskaszkolaspiewu.pl\/index.php\/wp-json\/wp\/v2\/pages\/95"}],"collection":[{"href":"https:\/\/wroclawskaszkolaspiewu.pl\/index.php\/wp-json\/wp\/v2\/pages"}],"about":[{"href":"https:\/\/wroclawskaszkolaspiewu.pl\/index.php\/wp-json\/wp\/v2\/types\/page"}],"author":[{"embeddable":true,"href":"https:\/\/wroclawskaszkolaspiewu.pl\/index.php\/wp-json\/wp\/v2\/users\/1"}],"replies":[{"embeddable":true,"href":"https:\/\/wroclawskaszkolaspiewu.pl\/index.php\/wp-json\/wp\/v2\/comments?post=95"}],"version-history":[{"count":46,"href":"https:\/\/wroclawskaszkolaspiewu.pl\/index.php\/wp-json\/wp\/v2\/pages\/95\/revisions"}],"predecessor-version":[{"id":1177,"href":"https:\/\/wroclawskaszkolaspiewu.pl\/index.php\/wp-json\/wp\/v2\/pages\/95\/revisions\/1177"}],"wp:attachment":[{"href":"https:\/\/wroclawskaszkolaspiewu.pl\/index.php\/wp-json\/wp\/v2\/media?parent=95"}],"curies":[{"name":"wp","href":"https:\/\/api.w.org\/{rel}","templated":true}]}}