{"id":903,"date":"2024-08-30T10:59:32","date_gmt":"2024-08-30T10:59:32","guid":{"rendered":"https:\/\/wroclawskaszkolaspiewu.pl\/?page_id=903"},"modified":"2025-05-14T17:28:13","modified_gmt":"2025-05-14T17:28:13","slug":"sara-adamczak","status":"publish","type":"page","link":"https:\/\/wroclawskaszkolaspiewu.pl\/index.php\/zespol\/sara-adamczak\/","title":{"rendered":"Sara Adamczak"},"content":{"rendered":"\n<figure class=\"wp-block-image size-large\"><img loading=\"lazy\" decoding=\"async\" width=\"1024\" height=\"1024\" src=\"https:\/\/wroclawskaszkolaspiewu.pl\/wp-content\/uploads\/2024\/08\/White-Hello-May-1024x1024.jpg\" alt=\"\" class=\"wp-image-914\" srcset=\"https:\/\/wroclawskaszkolaspiewu.pl\/wp-content\/uploads\/2024\/08\/White-Hello-May-1024x1024.jpg 1024w, https:\/\/wroclawskaszkolaspiewu.pl\/wp-content\/uploads\/2024\/08\/White-Hello-May-300x300.jpg 300w, https:\/\/wroclawskaszkolaspiewu.pl\/wp-content\/uploads\/2024\/08\/White-Hello-May-150x150.jpg 150w, https:\/\/wroclawskaszkolaspiewu.pl\/wp-content\/uploads\/2024\/08\/White-Hello-May-768x768.jpg 768w, https:\/\/wroclawskaszkolaspiewu.pl\/wp-content\/uploads\/2024\/08\/White-Hello-May-100x100.jpg 100w, https:\/\/wroclawskaszkolaspiewu.pl\/wp-content\/uploads\/2024\/08\/White-Hello-May.jpg 1080w\" sizes=\"(max-width: 767px) 89vw, (max-width: 1000px) 54vw, (max-width: 1071px) 543px, 580px\" \/><\/figure>\n\n\n\n<p>Sara jest koordynatork\u0105 zaj\u0119\u0107 we Wroc\u0142awskiej Szkole \u015apiewu. To jej g\u0142os s\u0142yszycie w s\u0142uchawce telefonu i to ona odpowiada na Wasze maile. Organizacyjnie nie ma dla niej rzeczy niemo\u017cliwych.<\/p>\n\n\n\n<p>Sara \u0142\u0105czy w tej pracy swoje dwa obszary zainteresowa\u0144. Muzyk\u0105 interesuje si\u0119 od najm\u0142odszych lat. Ma r\u00f3wnie\u017c zainteresowania zwi\u0105zane z naukami ekonomicznymi. Jest absolwentk\u0105 Uniwersytetu Ekonomicznego we Wroc\u0142awiu.&nbsp;<\/p>\n\n\n\n<p>Swoj\u0105 pasj\u0119 muzyczn\u0105 rozwija\u0142a w Pa\u0144stwowej Szkole Muzycznej II stopnia im. Ryszarda Bukowskiego we Wroc\u0142awiu w klasie alt\u00f3wki. Z muzyk\u0105 i pozytywn\u0105 energi\u0105 dzieli si\u0119&nbsp;podczas wyst\u0105pie\u0144 na r\u00f3\u017cnych eventach prezentuj\u0105c przy tym \u015bwiec\u0105ce skrzypce elektryczne. Jest tak\u017ce altowiolistk\u0105 we Wroc\u0142awskiej Orkiestrze Wszechmuzycznej.&nbsp;<\/p>\n\n\n\n<p>Prowadzi zaj\u0119cia rytmiczne z dzie\u0107mi w \u017c\u0142obkach i plac\u00f3wkach szkolno &#8211; przedszkolnych.<\/p>\n","protected":false},"excerpt":{"rendered":"<p>Sara jest koordynatork\u0105 zaj\u0119\u0107 we Wroc\u0142awskiej Szkole \u015apiewu. To jej g\u0142os s\u0142yszycie w s\u0142uchawce telefonu i to ona odpowiada na Wasze maile. Organizacyjnie nie ma dla niej rzeczy niemo\u017cliwych. Sara \u0142\u0105czy w tej pracy swoje dwa obszary zainteresowa\u0144. Muzyk\u0105 interesuje si\u0119 od najm\u0142odszych lat. Ma r\u00f3wnie\u017c zainteresowania zwi\u0105zane z naukami ekonomicznymi. Jest absolwentk\u0105 Uniwersytetu Ekonomicznego &hellip; <\/p>\n<p class=\"link-more\"><a href=\"https:\/\/wroclawskaszkolaspiewu.pl\/index.php\/zespol\/sara-adamczak\/\" class=\"more-link\">Czytaj dalej<span class=\"screen-reader-text\"> \u201eSara Adamczak\u201d<\/span><\/a><\/p>\n","protected":false},"author":1,"featured_media":0,"parent":20,"menu_order":0,"comment_status":"closed","ping_status":"closed","template":"","meta":{"footnotes":""},"_links":{"self":[{"href":"https:\/\/wroclawskaszkolaspiewu.pl\/index.php\/wp-json\/wp\/v2\/pages\/903"}],"collection":[{"href":"https:\/\/wroclawskaszkolaspiewu.pl\/index.php\/wp-json\/wp\/v2\/pages"}],"about":[{"href":"https:\/\/wroclawskaszkolaspiewu.pl\/index.php\/wp-json\/wp\/v2\/types\/page"}],"author":[{"embeddable":true,"href":"https:\/\/wroclawskaszkolaspiewu.pl\/index.php\/wp-json\/wp\/v2\/users\/1"}],"replies":[{"embeddable":true,"href":"https:\/\/wroclawskaszkolaspiewu.pl\/index.php\/wp-json\/wp\/v2\/comments?post=903"}],"version-history":[{"count":3,"href":"https:\/\/wroclawskaszkolaspiewu.pl\/index.php\/wp-json\/wp\/v2\/pages\/903\/revisions"}],"predecessor-version":[{"id":1112,"href":"https:\/\/wroclawskaszkolaspiewu.pl\/index.php\/wp-json\/wp\/v2\/pages\/903\/revisions\/1112"}],"up":[{"embeddable":true,"href":"https:\/\/wroclawskaszkolaspiewu.pl\/index.php\/wp-json\/wp\/v2\/pages\/20"}],"wp:attachment":[{"href":"https:\/\/wroclawskaszkolaspiewu.pl\/index.php\/wp-json\/wp\/v2\/media?parent=903"}],"curies":[{"name":"wp","href":"https:\/\/api.w.org\/{rel}","templated":true}]}}