{"id":804,"date":"2023-06-14T13:43:32","date_gmt":"2023-06-14T13:43:32","guid":{"rendered":"https:\/\/wroclawskaszkolaspiewu.pl\/?page_id=804"},"modified":"2025-06-06T09:29:31","modified_gmt":"2025-06-06T09:29:31","slug":"materialy-do-pobrania","status":"publish","type":"page","link":"https:\/\/wroclawskaszkolaspiewu.pl\/index.php\/materialy-do-pobrania\/","title":{"rendered":"Materia\u0142y do pobrania"},"content":{"rendered":"\n<figure class=\"wp-block-image size-medium\"><a href=\"https:\/\/drive.google.com\/file\/d\/1lARFkuF4glax1NuolOLJSofW5_BTVnsh\/view?usp=drive_link\" target=\"_blank\" rel=\"noreferrer noopener\"><img loading=\"lazy\" decoding=\"async\" width=\"169\" height=\"300\" src=\"https:\/\/wroclawskaszkolaspiewu.pl\/wp-content\/uploads\/2023\/06\/Screenshot-2023-06-14-at-15.50.59-169x300.png\" alt=\"\" class=\"wp-image-809\" srcset=\"https:\/\/wroclawskaszkolaspiewu.pl\/wp-content\/uploads\/2023\/06\/Screenshot-2023-06-14-at-15.50.59-169x300.png 169w, https:\/\/wroclawskaszkolaspiewu.pl\/wp-content\/uploads\/2023\/06\/Screenshot-2023-06-14-at-15.50.59-577x1024.png 577w, https:\/\/wroclawskaszkolaspiewu.pl\/wp-content\/uploads\/2023\/06\/Screenshot-2023-06-14-at-15.50.59.png 599w\" sizes=\"(max-width: 169px) 100vw, 169px\" \/><\/a><\/figure>\n\n\n\n<p><a href=\"https:\/\/drive.google.com\/file\/d\/1lARFkuF4glax1NuolOLJSofW5_BTVnsh\/view?usp=drive_link\" target=\"_blank\" rel=\"noreferrer noopener\">Feminizacja, maskulinizacja, neutralizacja g\u0142osu &#8211; materia\u0142y do podstawowych \u0107wicze\u0144 (pdf)<\/a><br><a href=\"https:\/\/drive.google.com\/drive\/folders\/10O0DWc0lCmXya22v6-6fLJSEcQdZWnmI?usp=sharing\" target=\"_blank\" rel=\"noreferrer noopener\">Nagrania<\/a><\/p>\n\n\n\n<figure class=\"wp-block-image size-medium\"><a href=\"https:\/\/drive.google.com\/file\/d\/1lTn08_zypdM_N9gnTTd_b_HQRXYmgcgo\/view?usp=sharing\" target=\"_blank\" rel=\"noreferrer noopener\"><img loading=\"lazy\" decoding=\"async\" width=\"232\" height=\"300\" src=\"https:\/\/wroclawskaszkolaspiewu.pl\/wp-content\/uploads\/2023\/07\/Screenshot-2023-07-24-at-00.16.43-232x300.png\" alt=\"\" class=\"wp-image-815\" srcset=\"https:\/\/wroclawskaszkolaspiewu.pl\/wp-content\/uploads\/2023\/07\/Screenshot-2023-07-24-at-00.16.43-232x300.png 232w, https:\/\/wroclawskaszkolaspiewu.pl\/wp-content\/uploads\/2023\/07\/Screenshot-2023-07-24-at-00.16.43-793x1024.png 793w, https:\/\/wroclawskaszkolaspiewu.pl\/wp-content\/uploads\/2023\/07\/Screenshot-2023-07-24-at-00.16.43-768x992.png 768w, https:\/\/wroclawskaszkolaspiewu.pl\/wp-content\/uploads\/2023\/07\/Screenshot-2023-07-24-at-00.16.43.png 920w\" sizes=\"(max-width: 232px) 100vw, 232px\" \/><\/a><\/figure>\n\n\n\n<p><a href=\"https:\/\/drive.google.com\/file\/d\/1lTn08_zypdM_N9gnTTd_b_HQRXYmgcgo\/view?usp=sharing\" data-type=\"URL\" data-id=\"https:\/\/drive.google.com\/file\/d\/1lTn08_zypdM_N9gnTTd_b_HQRXYmgcgo\/view?usp=sharing\" target=\"_blank\" rel=\"noreferrer noopener\">Piosenkopisanie (Patrycja Obara): 30-dniowe wyzwanie piosenkopisarskie, zeszyt \u0107wicze\u0144 (pdf)<\/a><\/p>\n","protected":false},"excerpt":{"rendered":"<p>Feminizacja, maskulinizacja, neutralizacja g\u0142osu &#8211; materia\u0142y do podstawowych \u0107wicze\u0144 (pdf)Nagrania Piosenkopisanie (Patrycja Obara): 30-dniowe wyzwanie piosenkopisarskie, zeszyt \u0107wicze\u0144 (pdf)<\/p>\n","protected":false},"author":1,"featured_media":0,"parent":0,"menu_order":0,"comment_status":"closed","ping_status":"closed","template":"","meta":{"footnotes":""},"_links":{"self":[{"href":"https:\/\/wroclawskaszkolaspiewu.pl\/index.php\/wp-json\/wp\/v2\/pages\/804"}],"collection":[{"href":"https:\/\/wroclawskaszkolaspiewu.pl\/index.php\/wp-json\/wp\/v2\/pages"}],"about":[{"href":"https:\/\/wroclawskaszkolaspiewu.pl\/index.php\/wp-json\/wp\/v2\/types\/page"}],"author":[{"embeddable":true,"href":"https:\/\/wroclawskaszkolaspiewu.pl\/index.php\/wp-json\/wp\/v2\/users\/1"}],"replies":[{"embeddable":true,"href":"https:\/\/wroclawskaszkolaspiewu.pl\/index.php\/wp-json\/wp\/v2\/comments?post=804"}],"version-history":[{"count":6,"href":"https:\/\/wroclawskaszkolaspiewu.pl\/index.php\/wp-json\/wp\/v2\/pages\/804\/revisions"}],"predecessor-version":[{"id":1114,"href":"https:\/\/wroclawskaszkolaspiewu.pl\/index.php\/wp-json\/wp\/v2\/pages\/804\/revisions\/1114"}],"wp:attachment":[{"href":"https:\/\/wroclawskaszkolaspiewu.pl\/index.php\/wp-json\/wp\/v2\/media?parent=804"}],"curies":[{"name":"wp","href":"https:\/\/api.w.org\/{rel}","templated":true}]}}