{"id":698,"date":"2022-10-22T16:23:50","date_gmt":"2022-10-22T16:23:50","guid":{"rendered":"https:\/\/wroclawskaszkolaspiewu.pl\/?page_id=698"},"modified":"2026-03-26T10:10:03","modified_gmt":"2026-03-26T10:10:03","slug":"krzysztof-bobel","status":"publish","type":"page","link":"https:\/\/wroclawskaszkolaspiewu.pl\/index.php\/krzysztof-bobel\/","title":{"rendered":"Chris Bobel (w\u0142. Krzysztof Bobel)"},"content":{"rendered":"\n<figure class=\"wp-block-image size-large\"><img loading=\"lazy\" decoding=\"async\" width=\"819\" height=\"1024\" src=\"https:\/\/wroclawskaszkolaspiewu.pl\/wp-content\/uploads\/2026\/03\/cafe-deluca-\u2014-kopia-Post-na-Instagram-45-819x1024.png\" alt=\"\" class=\"wp-image-1242\" srcset=\"https:\/\/wroclawskaszkolaspiewu.pl\/wp-content\/uploads\/2026\/03\/cafe-deluca-\u2014-kopia-Post-na-Instagram-45-819x1024.png 819w, https:\/\/wroclawskaszkolaspiewu.pl\/wp-content\/uploads\/2026\/03\/cafe-deluca-\u2014-kopia-Post-na-Instagram-45-240x300.png 240w, https:\/\/wroclawskaszkolaspiewu.pl\/wp-content\/uploads\/2026\/03\/cafe-deluca-\u2014-kopia-Post-na-Instagram-45-768x960.png 768w, https:\/\/wroclawskaszkolaspiewu.pl\/wp-content\/uploads\/2026\/03\/cafe-deluca-\u2014-kopia-Post-na-Instagram-45.png 1080w\" sizes=\"(max-width: 767px) 89vw, (max-width: 1000px) 54vw, (max-width: 1071px) 543px, 580px\" \/><\/figure>\n\n\n\n<p>Wokalista, trener emisji g\u0142osu, instrumentalista, aktor scen muzycznych. Absolwent wokalistyki jazzowej Wydzia\u0142u Dyrygentury, Jazzu i Edukacji Muzycznej Akademii Muzycznej im. Feliksa Nowowiejskiego w Bydgoszczy (w klasie dr hab. Joanny \u017b\u00f3\u0142ko\u015b-Zagda\u0144skiej), a tak\u017ce Policealnego Studium Piosenkarskiego im. Czes\u0142awa Niemena w Poznaniu.<\/p>\n\n\n\n<p>Z muzyk\u0105 zwi\u0105zany od najm\u0142odszych lat. Od 7 roku \u017cycia rozwija\u0142 umiej\u0119tno\u015bci gry na instrumentach klawiszowych (m.in. w Pa\u0144stwowej Szkole Muzycznej I Stopnia w Gi\u017cycku, w klasie akordeonu), a w wieku 16 lat \u2013 podj\u0105\u0142 si\u0119 tak\u017ce nauki \u015bpiewu.<\/p>\n\n\n\n<p>Dwukrotny uczestnik telewizyjnego talent show \u2013 \u201eSzansa na Sukces\u201d (w tym m.in. wyr\u00f3\u017cniony przez jury w sk\u0142adzie: Krystyna Pro\u0144ko, Janusz Szrom i Marian Pawlik).<\/p>\n\n\n\n<p>Odtw\u00f3rca roli Jankiela w musicalu \u201ePan Tadeusz \u201918 (w re\u017c. Witolda Szulca).<\/p>\n\n\n\n<p>Na co dzie\u0144 wyst\u0119puje jako solista w projektach og\u00f3lnopolskich tras koncertowych, takich, jak m.in. &#8222;M\u0119skie Brzmienia&#8221;, czy &#8222;Lubi\u0119 wraca\u0107 tam. Nowe aran\u017cacje polskiej piosenki.&#8221;<\/p>\n\n\n\n<p>Bra\u0142 udzia\u0142 w takich muzycznych projektach, jak chocia\u017cby \u201eTribute to Michael Jackson\u201d (gdzie mia\u0142 okazj\u0119 wsp\u00f3\u0142dzielenia sceny m.in. z Kub\u0105 Badachem, Piotrem Cugowskim, czy te\u017c Natali\u0105 Kukulsk\u0105), \u201eKol\u0119da Nocka\u201d (reedycja przygotowana przez Filharmoni\u0119 Pomorsk\u0105 w Bydgoszczy, z go\u015bcinnym udzia\u0142em Krystyny Pro\u0144ko), czy te\u017c \u201eKantata Rotaria\u0144ska\u201d (reedycja).<\/p>\n\n\n\n<p>Wsp\u00f3\u0142pracowa\u0142 m.in. z Joann\u0105 \u017b\u00f3\u0142ko\u015b-Zagda\u0144sk\u0105, Adamem Lema\u0144czykiem, Jackiem Piskorzem, Maciejem Szyma\u0144skim, Waldemarem Franczykiem, Grzegorzem Daroniem, Big Bandem Zespo\u0142u Szk\u00f3\u0142 Muzycznych w Poznaniu, Orkiestr\u0105 Reprezentacyjn\u0105 SGGW w Warszawie, Ch\u00f3rem Akademickim UAM w Poznaniu, Orkiestr\u0105 Sebastiana Sikory, czy cho\u0107by z Krzesimirem D\u0119bskim (w ramach Festiwalu Piosenki i Ballady Filmowej w Toruniu).<\/p>\n\n\n\n<p>Ucz\u0119szcza\u0142 na warsztaty, szkolenia i zaj\u0119cia wokalne organizowane i prowadzone chocia\u017cby przez Stowarzyszenie Wokalist\u00f3w MIX, Stowarzyszenie Pedagog\u00f3w Wokalnych &#8211; Natural Voice Perfection, Corinne Mager, Barbar\u0119 Sambor, Dominik\u0119 P\u0142onk\u0119, Soni\u0119 Lachowolsk\u0105, Bartka Cabonia, Michalin\u0119 Zwierzychowsk\u0105-Wydr\u0119, Kamila Dominiaka, Rogera Treece\u2019a, Ad\u0119 Rusinkiewicz, Piotra Wojtasika, czy te\u017c Ann\u0119 Mari\u0119 Jopek.<\/p>\n\n\n\n<p>Uko\u0144czy\u0142 m.in. kurs Estill Voice Training Level 1&amp;2.<\/p>\n\n\n\n<p>Ide\u0105, kt\u00f3ra najbardziej przy\u015bwieca mu jako trenerowi wokalnemu, jest ch\u0119\u0107 wydobywania z ka\u017cdego g\u0142osu jego najmocniejszych, indywidualnych walor\u00f3w, a tak\u017ce ch\u0119\u0107 udzielania pomocy w przekuwaniu tych\u017ce g\u0142os\u00f3w w unikalne narz\u0119dzia, b\u0119d\u0105ce \u015bwiadomym i autentycznym no\u015bnikiem ich w\u0142asnych emocji.<\/p>\n\n\n\n<p>Dzieli pogl\u0105d, \u017ce to wcale nie poprawna intonacja, czy te\u017c \u015bwietnie opanowana i bardzo skrupulatnie kalibrowana technika emisyjna, czyni\u0105 \u015bpiewaj\u0105cego prawdziwie szczerze oddanym sztuce \u015bpiewu, lecz w\u0142a\u015bnie ekspozycja w\u0142asnych emocji poprzez \u015bpiew, b\u0119d\u0105ca najszlachetniejszym dope\u0142nieniem dla \u015bwiadomego procesu interpretacji piosenki.<\/p>\n\n\n\n<p>Z racji wysokiej wra\u017cliwo\u015bci na sztuk\u0119 i drugiego cz\u0142owieka oraz wzmo\u017conego g\u0142odu inspiracji, jaki w nim na co dzie\u0144 drzemie \u2013 kieruje nim artystyczna potrzeba uprawiania szerokiej gamy gatunk\u00f3w muzycznych. Obraca si\u0119 zar\u00f3wno w przestrzeni muzyki rockowej, funkowej, pop, soulowej, jazzowej, jak i chocia\u017cby muzyki gospel, czy te\u017c musicalu.<\/p>\n\n\n\n<p>W wolnych chwilach lubi grywa\u0107 na fortepianie. Od czasu do czasu r\u00f3wnie\u017c komponuje swoj\u0105 muzyk\u0119, pisze teksty piosenek i felietony.<\/p>\n\n\n\n<p>Poza muzyk\u0105, najbardziej pasjonuj\u0105 go: sport, psychologia, kinematografia oraz psychoakustyka.<\/p>\n","protected":false},"excerpt":{"rendered":"<p>Wokalista, trener emisji g\u0142osu, instrumentalista, aktor scen muzycznych. Absolwent wokalistyki jazzowej Wydzia\u0142u Dyrygentury, Jazzu i Edukacji Muzycznej Akademii Muzycznej im. Feliksa Nowowiejskiego w Bydgoszczy (w klasie dr hab. Joanny \u017b\u00f3\u0142ko\u015b-Zagda\u0144skiej), a tak\u017ce Policealnego Studium Piosenkarskiego im. Czes\u0142awa Niemena w Poznaniu. Z muzyk\u0105 zwi\u0105zany od najm\u0142odszych lat. Od 7 roku \u017cycia rozwija\u0142 umiej\u0119tno\u015bci gry na instrumentach &hellip; <\/p>\n<p class=\"link-more\"><a href=\"https:\/\/wroclawskaszkolaspiewu.pl\/index.php\/krzysztof-bobel\/\" class=\"more-link\">Czytaj dalej<span class=\"screen-reader-text\"> \u201eChris Bobel (w\u0142. Krzysztof Bobel)\u201d<\/span><\/a><\/p>\n","protected":false},"author":1,"featured_media":0,"parent":0,"menu_order":0,"comment_status":"closed","ping_status":"closed","template":"","meta":{"footnotes":""},"_links":{"self":[{"href":"https:\/\/wroclawskaszkolaspiewu.pl\/index.php\/wp-json\/wp\/v2\/pages\/698"}],"collection":[{"href":"https:\/\/wroclawskaszkolaspiewu.pl\/index.php\/wp-json\/wp\/v2\/pages"}],"about":[{"href":"https:\/\/wroclawskaszkolaspiewu.pl\/index.php\/wp-json\/wp\/v2\/types\/page"}],"author":[{"embeddable":true,"href":"https:\/\/wroclawskaszkolaspiewu.pl\/index.php\/wp-json\/wp\/v2\/users\/1"}],"replies":[{"embeddable":true,"href":"https:\/\/wroclawskaszkolaspiewu.pl\/index.php\/wp-json\/wp\/v2\/comments?post=698"}],"version-history":[{"count":3,"href":"https:\/\/wroclawskaszkolaspiewu.pl\/index.php\/wp-json\/wp\/v2\/pages\/698\/revisions"}],"predecessor-version":[{"id":1243,"href":"https:\/\/wroclawskaszkolaspiewu.pl\/index.php\/wp-json\/wp\/v2\/pages\/698\/revisions\/1243"}],"wp:attachment":[{"href":"https:\/\/wroclawskaszkolaspiewu.pl\/index.php\/wp-json\/wp\/v2\/media?parent=698"}],"curies":[{"name":"wp","href":"https:\/\/api.w.org\/{rel}","templated":true}]}}