{"id":521,"date":"2022-05-25T19:35:58","date_gmt":"2022-05-25T19:35:58","guid":{"rendered":"http:\/\/wroclawskaszkolaspiewu.pl\/?page_id=521"},"modified":"2023-11-14T08:21:24","modified_gmt":"2023-11-14T08:21:24","slug":"vouchery","status":"publish","type":"page","link":"https:\/\/wroclawskaszkolaspiewu.pl\/index.php\/vouchery\/","title":{"rendered":"Vouchery na zaj\u0119cia"},"content":{"rendered":"\n<p>Je\u015bli chcesz sprawi\u0107 komu\u015b roz\u015bpiewany prezent, mamy co\u015b dla Ciebie. Na takie w\u0142a\u015bnie okazje przygotowali\u015bmy imienne vouchery na zaj\u0119cia z naszej oferty.<\/p>\n\n\n\n<figure class=\"wp-block-image size-large\"><img loading=\"lazy\" decoding=\"async\" width=\"1024\" height=\"684\" src=\"http:\/\/wroclawskaszkolaspiewu.pl\/wp-content\/uploads\/2022\/05\/Screenshot-2022-05-25-at-21.34.46-1024x684.png\" alt=\"\" class=\"wp-image-522\" srcset=\"https:\/\/wroclawskaszkolaspiewu.pl\/wp-content\/uploads\/2022\/05\/Screenshot-2022-05-25-at-21.34.46-1024x684.png 1024w, https:\/\/wroclawskaszkolaspiewu.pl\/wp-content\/uploads\/2022\/05\/Screenshot-2022-05-25-at-21.34.46-300x200.png 300w, https:\/\/wroclawskaszkolaspiewu.pl\/wp-content\/uploads\/2022\/05\/Screenshot-2022-05-25-at-21.34.46-768x513.png 768w, https:\/\/wroclawskaszkolaspiewu.pl\/wp-content\/uploads\/2022\/05\/Screenshot-2022-05-25-at-21.34.46.png 1392w\" sizes=\"(max-width: 767px) 89vw, (max-width: 1000px) 54vw, (max-width: 1071px) 543px, 580px\" \/><\/figure>\n\n\n\n<p><strong>Jak wybra\u0107 zaj\u0119cia?<\/strong><\/p>\n\n\n\n<p>Zapoznaj si\u0119 z ofert\u0105 naszych zaj\u0119\u0107 na stronie http:\/\/wroclawskaszkolaspiewu.pl\/index.php\/zajecia-indywidualne\/ i wybierz te, kt\u00f3re Ci\u0119 interesuj\u0105. Napisz do nas, a my wystawimy voucher dla wskazanej przez Ciebie osoby.<\/p>\n\n\n\n<p><strong>A co, je\u015bli nie wiesz, jakie zaj\u0119cia wybra\u0107?<\/strong><\/p>\n\n\n\n<p>\u017baden problem! Mo\u017cesz r\u00f3wnie\u017c wykupi\u0107 voucher na konkretn\u0105 kwot\u0119, a osoba, kt\u00f3r\u0105 obdarujesz, sama zdecyduje, na jakie zaj\u0119cia chce j\u0105 przeznaczy\u0107.<\/p>\n\n\n\n<p><strong>Ile jest czasu na zrealizowanie vouchera?<\/strong><\/p>\n\n\n\n<p>Nasze vouchery s\u0105 wa\u017cne 6 miesi\u0119cy od momentu wystawienia, ale w wyj\u0105tkowych sytuacjach mo\u017cemy dostosowa\u0107 termin wa\u017cno\u015bci voucher\u00f3w do Twoich konkretnych potrzeb.<\/p>\n\n\n\n<p><strong>Jak zap\u0142aci\u0107 za voucher?<\/strong><\/p>\n\n\n\n<p>Napisz do nas na adres wroclawskaszkolaspiewu@gmail.com. Wszystkie szczeg\u00f3\u0142y otrzymasz od nas w informacji zwrotnej.<\/p>\n\n\n\n<p><strong>Jak odebra\u0107 voucher?<\/strong><\/p>\n\n\n\n<p>Voucher w formie cyfrowej otrzymasz od nas mailem.<\/p>\n\n\n\n<p>Je\u015bli masz jakie\u015b dodatkowe pytania, zapraszamy do kontaktu z nasz\u0105 Szko\u0142\u0105:<\/p>\n\n\n\n<p><em>wroclawskaszkolaspiewu@gmail.com<\/em><\/p>\n\n\n\n<p><em>tel. +48.519 393 163<\/em><\/p>\n","protected":false},"excerpt":{"rendered":"<p>Je\u015bli chcesz sprawi\u0107 komu\u015b roz\u015bpiewany prezent, mamy co\u015b dla Ciebie. Na takie w\u0142a\u015bnie okazje przygotowali\u015bmy imienne vouchery na zaj\u0119cia z naszej oferty. Jak wybra\u0107 zaj\u0119cia? Zapoznaj si\u0119 z ofert\u0105 naszych zaj\u0119\u0107 na stronie http:\/\/wroclawskaszkolaspiewu.pl\/index.php\/zajecia-indywidualne\/ i wybierz te, kt\u00f3re Ci\u0119 interesuj\u0105. Napisz do nas, a my wystawimy voucher dla wskazanej przez Ciebie osoby. A co, je\u015bli &hellip; <\/p>\n<p class=\"link-more\"><a href=\"https:\/\/wroclawskaszkolaspiewu.pl\/index.php\/vouchery\/\" class=\"more-link\">Czytaj dalej<span class=\"screen-reader-text\"> \u201eVouchery na zaj\u0119cia\u201d<\/span><\/a><\/p>\n","protected":false},"author":1,"featured_media":0,"parent":0,"menu_order":0,"comment_status":"closed","ping_status":"closed","template":"","meta":{"footnotes":""},"_links":{"self":[{"href":"https:\/\/wroclawskaszkolaspiewu.pl\/index.php\/wp-json\/wp\/v2\/pages\/521"}],"collection":[{"href":"https:\/\/wroclawskaszkolaspiewu.pl\/index.php\/wp-json\/wp\/v2\/pages"}],"about":[{"href":"https:\/\/wroclawskaszkolaspiewu.pl\/index.php\/wp-json\/wp\/v2\/types\/page"}],"author":[{"embeddable":true,"href":"https:\/\/wroclawskaszkolaspiewu.pl\/index.php\/wp-json\/wp\/v2\/users\/1"}],"replies":[{"embeddable":true,"href":"https:\/\/wroclawskaszkolaspiewu.pl\/index.php\/wp-json\/wp\/v2\/comments?post=521"}],"version-history":[{"count":2,"href":"https:\/\/wroclawskaszkolaspiewu.pl\/index.php\/wp-json\/wp\/v2\/pages\/521\/revisions"}],"predecessor-version":[{"id":836,"href":"https:\/\/wroclawskaszkolaspiewu.pl\/index.php\/wp-json\/wp\/v2\/pages\/521\/revisions\/836"}],"wp:attachment":[{"href":"https:\/\/wroclawskaszkolaspiewu.pl\/index.php\/wp-json\/wp\/v2\/media?parent=521"}],"curies":[{"name":"wp","href":"https:\/\/api.w.org\/{rel}","templated":true}]}}