{"id":397,"date":"2020-05-15T12:04:07","date_gmt":"2020-05-15T12:04:07","guid":{"rendered":"http:\/\/wroclawskaszkolaspiewu.pl\/?page_id=397"},"modified":"2025-10-06T18:22:24","modified_gmt":"2025-10-06T18:22:24","slug":"zespoly-wokalne","status":"publish","type":"page","link":"https:\/\/wroclawskaszkolaspiewu.pl\/index.php\/zespoly-wokalne\/","title":{"rendered":"Zespo\u0142y wokalne"},"content":{"rendered":"\n<p>We Wroc\u0142awskiej Szkole \u015apiewu dzia\u0142aj\u0105 dwa zespo\u0142y wokalne:<\/p>\n\n\n\n<p><strong>Harmonium &#8211; zesp\u00f3\u0142 wokalny dla doros\u0142ych <\/strong>oraz<strong> M\u0142odzie\u017cowy Zesp\u00f3\u0142 Wokalny<\/strong><\/p>\n\n\n\n<p>Nasze Zespo\u0142y Wokalne to grupy ludzi, kt\u00f3rych \u0142\u0105czy wsp\u00f3lna pasja, kt\u00f3rzy po ca\u0142ym dniu pracy lub szko\u0142y, w \u015brodku tygodnia id\u0105 na pr\u00f3b\u0119 i robi\u0105 to, co kochaj\u0105 najbardziej &#8211; a kochaj\u0105 \u015bpiewa\u0107 i to \u015bpiewa\u0107 wsp\u00f3lnie.<\/p>\n\n\n\n<p>Zesp\u00f3\u0142 dla doros\u0142ych prowadzi nasza Trenerka <a href=\"https:\/\/wroclawskaszkolaspiewu.pl\/index.php\/anna-kaminska\/\" data-type=\"page\" data-id=\"251\">Anna Kami\u0144ska<\/a>, a zesp\u00f3\u0142 dla m\u0142odzie\u017cy nasza Trenerka <a href=\"https:\/\/wroclawskaszkolaspiewu.pl\/index.php\/magdalena-kubat\/\" data-type=\"page\" data-id=\"1167\">Magdalena Kubat<\/a>.<\/p>\n\n\n\n<p>Podczas zaj\u0119\u0107 pracujemy nad:<br>\u2022 emisj\u0105 g\u0142osu,<br>\u2022 s\u0142uchem muzycznym,<br>\u2022 s\u0142uchem harmonicznym,<br>\u2022 dykcj\u0105,<br>\u2022 intonacj\u0105,<br>\u2022 artykulacj\u0105,<br>\u2022 dynamik\u0105,<br>\u2022 poczuciem rytmu,<br>\u2022 wsp\u00f3\u0142brzmieniem w zespole<br>\u2022 wra\u017cliwo\u015bci\u0105 muzyczn\u0105,<br>\u2022 konkretnymi utworami.<\/p>\n\n\n\n<p>Zaj\u0119cia odbywaj\u0105 si\u0119 raz w tygodniu.<\/p>\n\n\n\n<ul>\n<li><strong><mark style=\"background-color:rgba(0, 0, 0, 0)\" class=\"has-inline-color has-vivid-cyan-blue-color\">Harmonium (zesp\u00f3\u0142 wokalny dla doros\u0142ych) spotyka si\u0119 w \u015brody o 19:05, w sali przy ulicy Trwa\u0142ej 7 (terminy ustalane s\u0105 wsp\u00f3lnie). Czas trwania zaj\u0119\u0107: 90 minut. Cena: 75 z\u0142 \/ os. za spotkanie.<\/mark><\/strong><\/li>\n\n\n\n<li><strong><mark style=\"background-color:rgba(0, 0, 0, 0)\" class=\"has-inline-color has-vivid-purple-color\">Zesp\u00f3\u0142 m\u0142odzie\u017cowy &#8211; wtorki godzina 18:00 w sali przy ulicy Trwa\u0142ej 7. Czas trwania zaj\u0119\u0107: 60 minut. Cena: 70 z\u0142 \/ os. za spotkanie.<\/mark><\/strong><\/li>\n<\/ul>\n\n\n\n<p>Nab\u00f3r do grupy prowadzimy w trybie ci\u0105g\u0142ym. Obowi\u0105zuje darmowe przes\u0142uchanie.<\/p>\n\n\n\n<div class=\"wp-block-buttons is-content-justification-center is-layout-flex wp-container-core-buttons-layout-1 wp-block-buttons-is-layout-flex\">\n<div class=\"wp-block-button\"><a class=\"wp-block-button__link has-vivid-cyan-blue-background-color has-background has-text-align-center wp-element-button\" href=\"https:\/\/docs.google.com\/forms\/d\/e\/1FAIpQLSfBZJOAHFmwA40lbneAfNt721w24Jlx04MgH0l8YVOWJZvtJQ\/viewform\" target=\"_blank\" rel=\"noreferrer noopener\">Zapisz si\u0119 do zespo\u0142u<\/a><\/div>\n<\/div>\n\n\n\n<hr class=\"wp-block-separator has-alpha-channel-opacity\"\/>\n\n\n\n<p><em>Zespo\u0142y wyst\u0119puj\u0105 na koncertach szkolnych organizowanych dwa razy w roku.<\/em><\/p>\n\n\n\n<p><em>Zesp\u00f3\u0142 Harmonium wyst\u0105pi\u0142 r\u00f3wnie\u017c podczas Festiwalu BuskerBus 2019 we Wroc\u0142awiu i za\u015bpiewa\u0142 samodzielny koncert w Nietocie w kwietniu 2023 roku.<\/em><\/p>\n\n\n\n<p><em>Zespo\u0142y pracuj\u0105 nad repertuarem rozrywkowym (piosenki popowe i musicalowe po polsku i po angielsku).<\/em><\/p>\n\n\n\n<figure class=\"wp-block-embed is-type-video is-provider-youtube wp-block-embed-youtube wp-embed-aspect-16-9 wp-has-aspect-ratio\"><div class=\"wp-block-embed__wrapper\">\n<iframe loading=\"lazy\" title=\"Zesp\u00f3\u0142 Wokalny Wroc\u0142awskiej Szko\u0142y \u015apiewu - From now on (The Greatest Showman) - cover\" width=\"525\" height=\"295\" src=\"https:\/\/www.youtube.com\/embed\/ggjMdUxYPF0?feature=oembed\" frameborder=\"0\" allow=\"accelerometer; autoplay; clipboard-write; encrypted-media; gyroscope; picture-in-picture; web-share\" referrerpolicy=\"strict-origin-when-cross-origin\" allowfullscreen><\/iframe>\n<\/div><\/figure>\n\n\n\n<figure class=\"wp-block-embed is-type-video is-provider-youtube wp-block-embed-youtube wp-embed-aspect-16-9 wp-has-aspect-ratio\"><div class=\"wp-block-embed__wrapper\">\n<iframe loading=\"lazy\" title=\"Zesp\u00f3\u0142 Wokalny Wroc\u0142awskiej Szko\u0142y \u015apiewu Harmonium - Let the sunshine in (z musicalu &quot;Hair&quot;)\" width=\"525\" height=\"295\" src=\"https:\/\/www.youtube.com\/embed\/aZesLR3IsxI?feature=oembed\" frameborder=\"0\" allow=\"accelerometer; autoplay; clipboard-write; encrypted-media; gyroscope; picture-in-picture; web-share\" referrerpolicy=\"strict-origin-when-cross-origin\" allowfullscreen><\/iframe>\n<\/div><\/figure>\n\n\n\n<figure class=\"wp-block-embed is-type-video is-provider-youtube wp-block-embed-youtube wp-embed-aspect-16-9 wp-has-aspect-ratio\"><div class=\"wp-block-embed__wrapper\">\n<iframe loading=\"lazy\" title=\"Drzewo Wisielc\u00f3w (Hanging Tree), Igrzyska \u015amierci - cover: Zesp\u00f3\u0142 Wokalny Wroc\u0142awskiej Szko\u0142y \u015apiewu\" width=\"525\" height=\"295\" src=\"https:\/\/www.youtube.com\/embed\/G2hKa6yqTZY?feature=oembed\" frameborder=\"0\" allow=\"accelerometer; autoplay; clipboard-write; encrypted-media; gyroscope; picture-in-picture; web-share\" referrerpolicy=\"strict-origin-when-cross-origin\" allowfullscreen><\/iframe>\n<\/div><\/figure>\n\n\n\n<figure class=\"wp-block-image size-large\"><img loading=\"lazy\" decoding=\"async\" width=\"1024\" height=\"768\" src=\"http:\/\/wroclawskaszkolaspiewu.pl\/wp-content\/uploads\/2020\/05\/67387859_390794928212829_8569119423841959936_n-1024x768.jpg\" alt=\"\" class=\"wp-image-399\" srcset=\"https:\/\/wroclawskaszkolaspiewu.pl\/wp-content\/uploads\/2020\/05\/67387859_390794928212829_8569119423841959936_n-1024x768.jpg 1024w, https:\/\/wroclawskaszkolaspiewu.pl\/wp-content\/uploads\/2020\/05\/67387859_390794928212829_8569119423841959936_n-300x225.jpg 300w, https:\/\/wroclawskaszkolaspiewu.pl\/wp-content\/uploads\/2020\/05\/67387859_390794928212829_8569119423841959936_n-768x576.jpg 768w, https:\/\/wroclawskaszkolaspiewu.pl\/wp-content\/uploads\/2020\/05\/67387859_390794928212829_8569119423841959936_n.jpg 1119w\" sizes=\"(max-width: 767px) 89vw, (max-width: 1000px) 54vw, (max-width: 1071px) 543px, 580px\" \/><\/figure>\n\n\n\n<p><\/p>\n","protected":false},"excerpt":{"rendered":"<p>We Wroc\u0142awskiej Szkole \u015apiewu dzia\u0142aj\u0105 dwa zespo\u0142y wokalne: Harmonium &#8211; zesp\u00f3\u0142 wokalny dla doros\u0142ych oraz M\u0142odzie\u017cowy Zesp\u00f3\u0142 Wokalny Nasze Zespo\u0142y Wokalne to grupy ludzi, kt\u00f3rych \u0142\u0105czy wsp\u00f3lna pasja, kt\u00f3rzy po ca\u0142ym dniu pracy lub szko\u0142y, w \u015brodku tygodnia id\u0105 na pr\u00f3b\u0119 i robi\u0105 to, co kochaj\u0105 najbardziej &#8211; a kochaj\u0105 \u015bpiewa\u0107 i to \u015bpiewa\u0107 wsp\u00f3lnie. &hellip; <\/p>\n<p class=\"link-more\"><a href=\"https:\/\/wroclawskaszkolaspiewu.pl\/index.php\/zespoly-wokalne\/\" class=\"more-link\">Czytaj dalej<span class=\"screen-reader-text\"> \u201eZespo\u0142y wokalne\u201d<\/span><\/a><\/p>\n","protected":false},"author":1,"featured_media":398,"parent":0,"menu_order":0,"comment_status":"closed","ping_status":"closed","template":"","meta":{"footnotes":""},"_links":{"self":[{"href":"https:\/\/wroclawskaszkolaspiewu.pl\/index.php\/wp-json\/wp\/v2\/pages\/397"}],"collection":[{"href":"https:\/\/wroclawskaszkolaspiewu.pl\/index.php\/wp-json\/wp\/v2\/pages"}],"about":[{"href":"https:\/\/wroclawskaszkolaspiewu.pl\/index.php\/wp-json\/wp\/v2\/types\/page"}],"author":[{"embeddable":true,"href":"https:\/\/wroclawskaszkolaspiewu.pl\/index.php\/wp-json\/wp\/v2\/users\/1"}],"replies":[{"embeddable":true,"href":"https:\/\/wroclawskaszkolaspiewu.pl\/index.php\/wp-json\/wp\/v2\/comments?post=397"}],"version-history":[{"count":14,"href":"https:\/\/wroclawskaszkolaspiewu.pl\/index.php\/wp-json\/wp\/v2\/pages\/397\/revisions"}],"predecessor-version":[{"id":1179,"href":"https:\/\/wroclawskaszkolaspiewu.pl\/index.php\/wp-json\/wp\/v2\/pages\/397\/revisions\/1179"}],"wp:featuredmedia":[{"embeddable":true,"href":"https:\/\/wroclawskaszkolaspiewu.pl\/index.php\/wp-json\/wp\/v2\/media\/398"}],"wp:attachment":[{"href":"https:\/\/wroclawskaszkolaspiewu.pl\/index.php\/wp-json\/wp\/v2\/media?parent=397"}],"curies":[{"name":"wp","href":"https:\/\/api.w.org\/{rel}","templated":true}]}}