{"id":386,"date":"2020-05-12T12:55:03","date_gmt":"2020-05-12T12:55:03","guid":{"rendered":"http:\/\/wroclawskaszkolaspiewu.pl\/?page_id=386"},"modified":"2022-08-19T11:19:29","modified_gmt":"2022-08-19T11:19:29","slug":"realizacja-nagran","status":"publish","type":"page","link":"https:\/\/wroclawskaszkolaspiewu.pl\/index.php\/realizacja-nagran\/","title":{"rendered":"Realizacja nagra\u0144"},"content":{"rendered":"\n<p>Je\u015bli chcesz nagra\u0107 swoj\u0105 ulubion\u0105 piosenk\u0119, autorsk\u0105 lub cover, zapraszamy do nas.<\/p>\n\n\n\n<p>Wsp\u00f3\u0142pracujemy z doskona\u0142ymi kompozytorami, aran\u017cerami, realizatorami d\u017awi\u0119ku i z wyj\u0105tkowym wroc\u0142awskim studiem nagra\u0144 unIQ Studio.<\/p>\n\n\n\n<p>Co oferujemy?<\/p>\n\n\n\n<ul><li>Wsparcie naszych Trenerek i Trener\u00f3w wokalnych w przygotowaniu si\u0119 do wykonania utworu i w samym nagraniu. Dzi\u0119ki temu nauczysz si\u0119 pracowa\u0107 z mikrofonem i dobrze funkcjonowa\u0107 w warunkach studyjnych<\/li><li>Nagranie audio lub audio i video z us\u0142ug\u0105 miksu, masteringu i monta\u017cu<\/li><li>Przygotowanie podk\u0142adu lub udzia\u0142 akompaniatora\/ki w Twoim nagraniu<\/li><\/ul>\n\n\n\n<p>To Ty decydujesz, czego potrzebujesz i jaki rodzaj nagrania najbardziej Ci odpowiada.<\/p>\n\n\n\n<p>Us\u0142uga jest wyceniana indywidualnie. Skontaktuj si\u0119 z nami, \u017ceby porozmawia\u0107 o szczeg\u00f3\u0142ach. Czekamy na Ciebie pod numerem 519 393 163 lub mailowo: wroclawskaszkolaspiewu@gmail.com<\/p>\n\n\n\n<p>Przyk\u0142adowe nagrania naszych uczni\u00f3w i uczestnik\u00f3w naszych warsztat\u00f3w:<\/p>\n\n\n\n<figure class=\"wp-block-embed is-type-rich is-provider-embed-handler wp-block-embed-embed-handler wp-embed-aspect-16-9 wp-has-aspect-ratio\"><div class=\"wp-block-embed__wrapper\">\n<iframe loading=\"lazy\" title=\"Artie Bens - Apathy ((piosenka z warsztat\u00f3w songwriterskich Od zera do premiery)\" width=\"525\" height=\"295\" src=\"https:\/\/www.youtube.com\/embed\/DzHFljcXn1Y?feature=oembed\" frameborder=\"0\" allow=\"accelerometer; autoplay; clipboard-write; encrypted-media; gyroscope; picture-in-picture\" allowfullscreen><\/iframe>\n<\/div><\/figure>\n\n\n\n<figure class=\"wp-block-embed is-type-rich is-provider-embed-handler wp-block-embed-embed-handler wp-embed-aspect-16-9 wp-has-aspect-ratio\"><div class=\"wp-block-embed__wrapper\">\n<iframe loading=\"lazy\" title=\"Karol Rajter - Stare zdj\u0119cia (piosenka z warsztat\u00f3w songwriterskich Od zera do premiery)\" width=\"525\" height=\"295\" src=\"https:\/\/www.youtube.com\/embed\/WwaqY1Wam7I?feature=oembed\" frameborder=\"0\" allow=\"accelerometer; autoplay; clipboard-write; encrypted-media; gyroscope; picture-in-picture\" allowfullscreen><\/iframe>\n<\/div><\/figure>\n\n\n\n<figure class=\"wp-block-embed is-type-rich is-provider-embed-handler wp-block-embed-embed-handler wp-embed-aspect-16-9 wp-has-aspect-ratio\"><div class=\"wp-block-embed__wrapper\">\n<iframe loading=\"lazy\" title=\"Grzegorz Zi\u0119ba - By\u0107 tam (cover)\" width=\"525\" height=\"295\" src=\"https:\/\/www.youtube.com\/embed\/56Nh6R7NSeE?feature=oembed\" frameborder=\"0\" allow=\"accelerometer; autoplay; clipboard-write; encrypted-media; gyroscope; picture-in-picture\" allowfullscreen><\/iframe>\n<\/div><\/figure>\n\n\n\n<figure class=\"wp-block-embed is-type-rich is-provider-embed-handler wp-block-embed-embed-handler wp-embed-aspect-16-9 wp-has-aspect-ratio\"><div class=\"wp-block-embed__wrapper\">\n<iframe loading=\"lazy\" title=\"You are the reason (Calum Scott) - cover by Anna Jaskot\" width=\"525\" height=\"295\" src=\"https:\/\/www.youtube.com\/embed\/i83ARyrLnd0?feature=oembed\" frameborder=\"0\" allow=\"accelerometer; autoplay; clipboard-write; encrypted-media; gyroscope; picture-in-picture\" allowfullscreen><\/iframe>\n<\/div><\/figure>\n","protected":false},"excerpt":{"rendered":"<p>Je\u015bli chcesz nagra\u0107 swoj\u0105 ulubion\u0105 piosenk\u0119, autorsk\u0105 lub cover, zapraszamy do nas. Wsp\u00f3\u0142pracujemy z doskona\u0142ymi kompozytorami, aran\u017cerami, realizatorami d\u017awi\u0119ku i z wyj\u0105tkowym wroc\u0142awskim studiem nagra\u0144 unIQ Studio. Co oferujemy? Wsparcie naszych Trenerek i Trener\u00f3w wokalnych w przygotowaniu si\u0119 do wykonania utworu i w samym nagraniu. Dzi\u0119ki temu nauczysz si\u0119 pracowa\u0107 z mikrofonem i dobrze funkcjonowa\u0107 &hellip; <\/p>\n<p class=\"link-more\"><a href=\"https:\/\/wroclawskaszkolaspiewu.pl\/index.php\/realizacja-nagran\/\" class=\"more-link\">Czytaj dalej<span class=\"screen-reader-text\"> \u201eRealizacja nagra\u0144\u201d<\/span><\/a><\/p>\n","protected":false},"author":1,"featured_media":654,"parent":0,"menu_order":0,"comment_status":"closed","ping_status":"closed","template":"","meta":{"footnotes":""},"_links":{"self":[{"href":"https:\/\/wroclawskaszkolaspiewu.pl\/index.php\/wp-json\/wp\/v2\/pages\/386"}],"collection":[{"href":"https:\/\/wroclawskaszkolaspiewu.pl\/index.php\/wp-json\/wp\/v2\/pages"}],"about":[{"href":"https:\/\/wroclawskaszkolaspiewu.pl\/index.php\/wp-json\/wp\/v2\/types\/page"}],"author":[{"embeddable":true,"href":"https:\/\/wroclawskaszkolaspiewu.pl\/index.php\/wp-json\/wp\/v2\/users\/1"}],"replies":[{"embeddable":true,"href":"https:\/\/wroclawskaszkolaspiewu.pl\/index.php\/wp-json\/wp\/v2\/comments?post=386"}],"version-history":[{"count":3,"href":"https:\/\/wroclawskaszkolaspiewu.pl\/index.php\/wp-json\/wp\/v2\/pages\/386\/revisions"}],"predecessor-version":[{"id":655,"href":"https:\/\/wroclawskaszkolaspiewu.pl\/index.php\/wp-json\/wp\/v2\/pages\/386\/revisions\/655"}],"wp:featuredmedia":[{"embeddable":true,"href":"https:\/\/wroclawskaszkolaspiewu.pl\/index.php\/wp-json\/wp\/v2\/media\/654"}],"wp:attachment":[{"href":"https:\/\/wroclawskaszkolaspiewu.pl\/index.php\/wp-json\/wp\/v2\/media?parent=386"}],"curies":[{"name":"wp","href":"https:\/\/api.w.org\/{rel}","templated":true}]}}