{"id":374,"date":"2020-05-12T12:13:58","date_gmt":"2020-05-12T12:13:58","guid":{"rendered":"http:\/\/wroclawskaszkolaspiewu.pl\/?page_id=374"},"modified":"2023-05-31T17:08:22","modified_gmt":"2023-05-31T17:08:22","slug":"teksty-piosenek","status":"publish","type":"page","link":"https:\/\/wroclawskaszkolaspiewu.pl\/index.php\/teksty-piosenek\/","title":{"rendered":"Teksty piosenek"},"content":{"rendered":"\n<p>Je\u015bli potrzebujesz tekstu piosenki w j\u0119zyku polskim lub angielskim, napiszemy go dla Ciebie.<\/p>\n\n\n\n<ul>\n<li>Je\u015bli masz ju\u017c podk\u0142ad i lini\u0119 melodyczn\u0105 (lub jej fragment), napiszemy s\u0142owa do tej melodii.<\/li>\n\n\n\n<li>Je\u015bli masz podk\u0142ad bez linii melodycznej, napiszemy tekst z melodi\u0105, lub bez, je\u015bli wolisz opracowa\u0107 j\u0105 samodzielnie.<\/li>\n\n\n\n<li>Je\u015bli chcesz zacz\u0105\u0107 od tekstu i nie masz jeszcze muzyki, napiszemy sam tekst.<\/li>\n<\/ul>\n\n\n\n<p class=\"has-vivid-cyan-blue-color has-text-color\"><strong>Mo\u017cesz nam powiedzie\u0107, o czym ma by\u0107 tekst, podes\u0142a\u0107 kilka skojarze\u0144, jakie\u015b s\u0142owo, kt\u00f3re lubisz, albo opisa\u0107 klimat, poda\u0107 temat lub ca\u0142kowicie zda\u0107 si\u0119 na nas.<\/strong><\/p>\n\n\n\n<p class=\"has-black-color has-text-color\">Je\u015bli masz ju\u017c sw\u00f3j tekst w j\u0119zyku polskim lub angielskim, ale chcesz si\u0119 upewni\u0107, \u017ce nie ma b\u0142\u0119d\u00f3w, lub skonsultowa\u0107 jakie\u015b jego fragmenty, <strong>wykonamy dla Ciebie korekt\u0119<\/strong> i podpowiemy najlepsze rozwi\u0105zania.<\/p>\n\n\n\n<p><strong>Mo\u017cesz te\u017c um\u00f3wi\u0107 si\u0119 na konsultacje z songwritingu.<\/strong> Podczas spotkania online lub stacjonarnie pomo\u017cemy Ci prze\u0142ama\u0107 blokad\u0119 tw\u00f3rcz\u0105, popchniemy do przodu tekst, kt\u00f3ry utkn\u0105\u0142 w miejscu albo poszukamy iskry inspiracji, je\u015bli pomys\u0142y uparcie nie chc\u0105 przyj\u015b\u0107 Ci do g\u0142owy.<\/p>\n\n\n\n<h2 class=\"wp-block-heading\">Z kim b\u0119dziesz pracowa\u0107?<\/h2>\n\n\n\n<figure class=\"wp-block-image size-large\"><img loading=\"lazy\" decoding=\"async\" width=\"1024\" height=\"614\" src=\"https:\/\/wroclawskaszkolaspiewu.pl\/wp-content\/uploads\/2022\/05\/piosenkopisanie-1024x614.jpg\" alt=\"\" class=\"wp-image-526\" srcset=\"https:\/\/wroclawskaszkolaspiewu.pl\/wp-content\/uploads\/2022\/05\/piosenkopisanie-1024x614.jpg 1024w, https:\/\/wroclawskaszkolaspiewu.pl\/wp-content\/uploads\/2022\/05\/piosenkopisanie-300x180.jpg 300w, https:\/\/wroclawskaszkolaspiewu.pl\/wp-content\/uploads\/2022\/05\/piosenkopisanie-768x460.jpg 768w, https:\/\/wroclawskaszkolaspiewu.pl\/wp-content\/uploads\/2022\/05\/piosenkopisanie-1536x921.jpg 1536w, https:\/\/wroclawskaszkolaspiewu.pl\/wp-content\/uploads\/2022\/05\/piosenkopisanie.jpg 2000w\" sizes=\"(max-width: 767px) 89vw, (max-width: 1000px) 54vw, (max-width: 1071px) 543px, 580px\" \/><\/figure>\n\n\n\n<p>Teksty napisze dla Ciebie (lub poprowadzi konsultacje) Patrycja Obara &#8211; autorka tekst\u00f3w, kompozytorka, producentka muzyczna, trenerka g\u0142osu, za\u0142o\u017cycielka Wroc\u0142awskiej Szko\u0142y \u015apiewu. Patrycja jest stypendystk\u0105 MKiDN i autork\u0105 podr\u0119cznika pisania tekst\u00f3w piosenek &#8222;Piosenkopisanie&#8221; wydanego w 2020 roku.<\/p>\n\n\n\n<p>Ma na koncie dwie autorskie p\u0142yty: dwup\u0142ytowy album SHE-la STORIES: #retrospect\/ #andersenretold (w j\u0119zyku angielskim, premiera: 2018) i p\u0142yt\u0119 Syrena (w j\u0119zyku polskim, premiera: 2020). Obecnie pracuje nad nowym materia\u0142em.<\/p>\n\n\n\n<p>Za swoj\u0105 dzia\u0142alno\u015b\u0107 artystyczn\u0105 w projekcie SHE-la zosta\u0142a nominowana do Wroc\u0142awskiej Nagrody Muzycznej 2019.<\/p>\n\n\n\n<p>Od lat prowadzi zaj\u0119cia i warsztaty piosenkopisarskie, a jako songwriterka wsp\u00f3\u0142pracuje z unIQ Studio i z artystami niezale\u017cnymi z r\u00f3\u017cnych cz\u0119\u015bci Polski.<\/p>\n\n\n\n<hr class=\"wp-block-separator has-alpha-channel-opacity\"\/>\n\n\n\n<p class=\"has-pale-pink-color has-text-color\"><strong>Ka\u017cde zlecenie wyceniamy indywidualnie. Je\u015bli masz jakie\u015b pytania, skontaktuj si\u0119 z nami mailowo lub telefonicznie.<\/strong><\/p>\n\n\n\n<div class=\"wp-block-group is-vertical is-layout-flex wp-container-core-group-layout-2 wp-block-group-is-layout-flex\">\n<div class=\"wp-block-group is-nowrap is-layout-flex wp-container-core-group-layout-1 wp-block-group-is-layout-flex\">\n<p>Telefon: 519 393 163, mail: wroclawskaszkolaspiewu@gmail.com<\/p>\n<\/div>\n<\/div>\n\n\n\n<hr class=\"wp-block-separator has-alpha-channel-opacity\"\/>\n\n\n\n<p><strong>Przyk\u0142adowe realizacje:<\/strong><\/p>\n\n\n\n<ul>\n<li>Tekst do istniej\u0105cej melodii:<\/li>\n<\/ul>\n\n\n\n<figure class=\"wp-block-embed is-type-rich is-provider-embed-handler wp-block-embed-embed-handler wp-embed-aspect-16-9 wp-has-aspect-ratio\"><div class=\"wp-block-embed__wrapper\">\n<iframe loading=\"lazy\" title=\"obara \/ sypie\u0144 - niewidzialna (official video)\" width=\"525\" height=\"295\" src=\"https:\/\/www.youtube.com\/embed\/N46pTBj9S98?feature=oembed\" frameborder=\"0\" allow=\"accelerometer; autoplay; clipboard-write; encrypted-media; gyroscope; picture-in-picture; web-share\" allowfullscreen><\/iframe>\n<\/div><\/figure>\n\n\n\n<ul>\n<li>Teksty stworzone wsp\u00f3lnie z artystami podczas warsztat\u00f3w piosenkopisarskich:<\/li>\n<\/ul>\n\n\n\n<figure class=\"wp-block-embed is-type-rich is-provider-embed-handler wp-block-embed-embed-handler wp-embed-aspect-16-9 wp-has-aspect-ratio\"><div class=\"wp-block-embed__wrapper\">\n<iframe loading=\"lazy\" title=\"Karol Rajter - Stare zdj\u0119cia (piosenka z warsztat\u00f3w songwriterskich Od zera do premiery)\" width=\"525\" height=\"295\" src=\"https:\/\/www.youtube.com\/embed\/WwaqY1Wam7I?feature=oembed\" frameborder=\"0\" allow=\"accelerometer; autoplay; clipboard-write; encrypted-media; gyroscope; picture-in-picture; web-share\" allowfullscreen><\/iframe>\n<\/div><\/figure>\n\n\n\n<figure class=\"wp-block-embed is-type-rich is-provider-embed-handler wp-block-embed-embed-handler wp-embed-aspect-16-9 wp-has-aspect-ratio\"><div class=\"wp-block-embed__wrapper\">\n<iframe loading=\"lazy\" title=\"Katrina Binder - Frykasy (piosenka z warsztat\u00f3w songwriterskich Od zera do premiery)\" width=\"525\" height=\"295\" src=\"https:\/\/www.youtube.com\/embed\/zZq7QxRN-5c?feature=oembed\" frameborder=\"0\" allow=\"accelerometer; autoplay; clipboard-write; encrypted-media; gyroscope; picture-in-picture; web-share\" allowfullscreen><\/iframe>\n<\/div><\/figure>\n\n\n\n<ul>\n<li>Piosenka stworzona podczas zaj\u0119\u0107 indywidualnych z songwritingu:<\/li>\n<\/ul>\n\n\n\n<figure class=\"wp-block-embed is-type-video is-provider-youtube wp-block-embed-youtube wp-embed-aspect-16-9 wp-has-aspect-ratio\"><div class=\"wp-block-embed__wrapper\">\n<iframe loading=\"lazy\" title=\"Kasia Klein - B\u0142\u0119kit\" width=\"525\" height=\"295\" src=\"https:\/\/www.youtube.com\/embed\/t0Xqq9SP7jY?feature=oembed\" frameborder=\"0\" allow=\"accelerometer; autoplay; clipboard-write; encrypted-media; gyroscope; picture-in-picture; web-share\" allowfullscreen><\/iframe>\n<\/div><\/figure>\n\n\n\n<ul>\n<li>Piosenka tworzona podczas zaj\u0119\u0107 indywidualnych z songwritingu:<\/li>\n<\/ul>\n\n\n\n<figure class=\"wp-block-embed is-type-video is-provider-youtube wp-block-embed-youtube wp-embed-aspect-16-9 wp-has-aspect-ratio\"><div class=\"wp-block-embed__wrapper\">\n<iframe loading=\"lazy\" title=\"Aleksandra Andrzejewska - Co\u015b Ci Opowiem (Official Video)\" width=\"525\" height=\"295\" src=\"https:\/\/www.youtube.com\/embed\/8pdLZafz7oE?feature=oembed\" frameborder=\"0\" allow=\"accelerometer; autoplay; clipboard-write; encrypted-media; gyroscope; picture-in-picture; web-share\" allowfullscreen><\/iframe>\n<\/div><\/figure>\n\n\n\n<ul>\n<li>Tekst w j\u0119zyku angielskim:<\/li>\n<\/ul>\n\n\n\n<figure class=\"wp-block-embed is-type-video is-provider-youtube wp-block-embed-youtube wp-embed-aspect-16-9 wp-has-aspect-ratio\"><div class=\"wp-block-embed__wrapper\">\n<iframe loading=\"lazy\" title=\"SHE-la - Mommy &amp; Daddy Left (official music video by Cloud Theater)\" width=\"525\" height=\"295\" src=\"https:\/\/www.youtube.com\/embed\/8NlViya6-kk?feature=oembed\" frameborder=\"0\" allow=\"accelerometer; autoplay; clipboard-write; encrypted-media; gyroscope; picture-in-picture; web-share\" allowfullscreen><\/iframe>\n<\/div><\/figure>\n\n\n\n<ul>\n<li>Tekst w j\u0119zyku polskim:<\/li>\n<\/ul>\n\n\n\n<figure class=\"wp-block-embed is-type-video is-provider-youtube wp-block-embed-youtube wp-embed-aspect-16-9 wp-has-aspect-ratio\"><div class=\"wp-block-embed__wrapper\">\n<iframe loading=\"lazy\" title=\"obara\/sypie\u0144 - Masz babo (live session)\" width=\"525\" height=\"295\" src=\"https:\/\/www.youtube.com\/embed\/jLU_mtIliMw?feature=oembed\" frameborder=\"0\" allow=\"accelerometer; autoplay; clipboard-write; encrypted-media; gyroscope; picture-in-picture; web-share\" allowfullscreen><\/iframe>\n<\/div><\/figure>\n\n\n\n<ul>\n<li>Utw\u00f3r przygotowany we wsp\u00f3\u0142pracy z wytw\u00f3rni\u0105 Uniq Records:<\/li>\n<\/ul>\n\n\n\n<figure class=\"wp-block-embed is-type-video is-provider-youtube wp-block-embed-youtube wp-embed-aspect-16-9 wp-has-aspect-ratio\"><div class=\"wp-block-embed__wrapper\">\n<iframe loading=\"lazy\" title=\"Bezpartyjny Wroc\u0142aw - motyw muzyczny kampanii wyborczej\" width=\"525\" height=\"295\" src=\"https:\/\/www.youtube.com\/embed\/shvGelbqWI8?feature=oembed\" frameborder=\"0\" allow=\"accelerometer; autoplay; clipboard-write; encrypted-media; gyroscope; picture-in-picture; web-share\" allowfullscreen><\/iframe>\n<\/div><\/figure>\n","protected":false},"excerpt":{"rendered":"<p>Je\u015bli potrzebujesz tekstu piosenki w j\u0119zyku polskim lub angielskim, napiszemy go dla Ciebie. Mo\u017cesz nam powiedzie\u0107, o czym ma by\u0107 tekst, podes\u0142a\u0107 kilka skojarze\u0144, jakie\u015b s\u0142owo, kt\u00f3re lubisz, albo opisa\u0107 klimat, poda\u0107 temat lub ca\u0142kowicie zda\u0107 si\u0119 na nas. Je\u015bli masz ju\u017c sw\u00f3j tekst w j\u0119zyku polskim lub angielskim, ale chcesz si\u0119 upewni\u0107, \u017ce nie &hellip; <\/p>\n<p class=\"link-more\"><a href=\"https:\/\/wroclawskaszkolaspiewu.pl\/index.php\/teksty-piosenek\/\" class=\"more-link\">Czytaj dalej<span class=\"screen-reader-text\"> \u201eTeksty piosenek\u201d<\/span><\/a><\/p>\n","protected":false},"author":1,"featured_media":381,"parent":0,"menu_order":0,"comment_status":"closed","ping_status":"closed","template":"","meta":{"footnotes":""},"_links":{"self":[{"href":"https:\/\/wroclawskaszkolaspiewu.pl\/index.php\/wp-json\/wp\/v2\/pages\/374"}],"collection":[{"href":"https:\/\/wroclawskaszkolaspiewu.pl\/index.php\/wp-json\/wp\/v2\/pages"}],"about":[{"href":"https:\/\/wroclawskaszkolaspiewu.pl\/index.php\/wp-json\/wp\/v2\/types\/page"}],"author":[{"embeddable":true,"href":"https:\/\/wroclawskaszkolaspiewu.pl\/index.php\/wp-json\/wp\/v2\/users\/1"}],"replies":[{"embeddable":true,"href":"https:\/\/wroclawskaszkolaspiewu.pl\/index.php\/wp-json\/wp\/v2\/comments?post=374"}],"version-history":[{"count":9,"href":"https:\/\/wroclawskaszkolaspiewu.pl\/index.php\/wp-json\/wp\/v2\/pages\/374\/revisions"}],"predecessor-version":[{"id":802,"href":"https:\/\/wroclawskaszkolaspiewu.pl\/index.php\/wp-json\/wp\/v2\/pages\/374\/revisions\/802"}],"wp:featuredmedia":[{"embeddable":true,"href":"https:\/\/wroclawskaszkolaspiewu.pl\/index.php\/wp-json\/wp\/v2\/media\/381"}],"wp:attachment":[{"href":"https:\/\/wroclawskaszkolaspiewu.pl\/index.php\/wp-json\/wp\/v2\/media?parent=374"}],"curies":[{"name":"wp","href":"https:\/\/api.w.org\/{rel}","templated":true}]}}