{"id":315,"date":"2020-04-30T17:38:27","date_gmt":"2020-04-30T17:38:27","guid":{"rendered":"http:\/\/wroclawskaszkolaspiewu.pl\/?page_id=315"},"modified":"2020-04-30T17:45:12","modified_gmt":"2020-04-30T17:45:12","slug":"uslugi-muzyczne","status":"publish","type":"page","link":"https:\/\/wroclawskaszkolaspiewu.pl\/index.php\/uslugi-muzyczne\/","title":{"rendered":"Us\u0142ugi muzyczne"},"content":{"rendered":"<p>W naszej Szkole pracuje zesp\u00f3\u0142 specjalist\u00f3w &#8211; nie tylko od nauczania, ale tak\u017ce w zakresie r\u00f3\u017cnych dziedzin sztuki. Je\u015bli potrzebujesz podk\u0142adu muzycznego lub tekstu piosenki, chcesz, \u017ceby kto\u015b zaaran\u017cowa\u0142 Tw\u00f3j utw\u00f3r, interesuj\u0105 Ci\u0119 integracyjne warsztaty muzyczne w Twojej firmie, albo poszukujesz wysokiej jako\u015bci oprawy artystycznej wydarzenia, kt\u00f3re organizujesz, skontaktuj si\u0119 z nami.<\/p>\n","protected":false},"excerpt":{"rendered":"<p>W naszej Szkole pracuje zesp\u00f3\u0142 specjalist\u00f3w &#8211; nie tylko od nauczania, ale tak\u017ce w zakresie r\u00f3\u017cnych dziedzin sztuki. Je\u015bli potrzebujesz podk\u0142adu muzycznego lub tekstu piosenki, chcesz, \u017ceby kto\u015b zaaran\u017cowa\u0142 Tw\u00f3j utw\u00f3r, interesuj\u0105 Ci\u0119 integracyjne warsztaty muzyczne w Twojej firmie, albo poszukujesz wysokiej jako\u015bci oprawy artystycznej wydarzenia, kt\u00f3re organizujesz, skontaktuj si\u0119 z nami.<\/p>\n","protected":false},"author":1,"featured_media":319,"parent":0,"menu_order":0,"comment_status":"closed","ping_status":"closed","template":"","meta":{"footnotes":""},"_links":{"self":[{"href":"https:\/\/wroclawskaszkolaspiewu.pl\/index.php\/wp-json\/wp\/v2\/pages\/315"}],"collection":[{"href":"https:\/\/wroclawskaszkolaspiewu.pl\/index.php\/wp-json\/wp\/v2\/pages"}],"about":[{"href":"https:\/\/wroclawskaszkolaspiewu.pl\/index.php\/wp-json\/wp\/v2\/types\/page"}],"author":[{"embeddable":true,"href":"https:\/\/wroclawskaszkolaspiewu.pl\/index.php\/wp-json\/wp\/v2\/users\/1"}],"replies":[{"embeddable":true,"href":"https:\/\/wroclawskaszkolaspiewu.pl\/index.php\/wp-json\/wp\/v2\/comments?post=315"}],"version-history":[{"count":1,"href":"https:\/\/wroclawskaszkolaspiewu.pl\/index.php\/wp-json\/wp\/v2\/pages\/315\/revisions"}],"predecessor-version":[{"id":317,"href":"https:\/\/wroclawskaszkolaspiewu.pl\/index.php\/wp-json\/wp\/v2\/pages\/315\/revisions\/317"}],"wp:featuredmedia":[{"embeddable":true,"href":"https:\/\/wroclawskaszkolaspiewu.pl\/index.php\/wp-json\/wp\/v2\/media\/319"}],"wp:attachment":[{"href":"https:\/\/wroclawskaszkolaspiewu.pl\/index.php\/wp-json\/wp\/v2\/media?parent=315"}],"curies":[{"name":"wp","href":"https:\/\/api.w.org\/{rel}","templated":true}]}}