{"id":286,"date":"2020-04-25T17:01:27","date_gmt":"2020-04-25T17:01:27","guid":{"rendered":"http:\/\/wroclawskaszkolaspiewu.pl\/?page_id=286"},"modified":"2020-04-25T17:01:27","modified_gmt":"2020-04-25T17:01:27","slug":"slawomir-chomiak-physioteam","status":"publish","type":"page","link":"https:\/\/wroclawskaszkolaspiewu.pl\/index.php\/slawomir-chomiak-physioteam\/","title":{"rendered":"S\u0142awomir Chomiak &#8211; Physioteam"},"content":{"rendered":"<p><img loading=\"lazy\" decoding=\"async\" class=\"aligncenter size-full wp-image-214\" src=\"http:\/\/wroclawskaszkolaspiewu.pl\/wp-content\/uploads\/2018\/01\/cafe-deluca-\u2014-kopia-11.png\" alt=\"\" width=\"559\" height=\"397\" srcset=\"https:\/\/wroclawskaszkolaspiewu.pl\/wp-content\/uploads\/2018\/01\/cafe-deluca-\u2014-kopia-11.png 559w, https:\/\/wroclawskaszkolaspiewu.pl\/wp-content\/uploads\/2018\/01\/cafe-deluca-\u2014-kopia-11-300x213.png 300w\" sizes=\"(max-width: 559px) 100vw, 559px\" \/><\/p>\n<p>Z zawodu i z pasji fizjoterapeuta, z zami\u0142owania zajmuj\u0105cy si\u0119 r\u00f3wnie\u017c \u015bpiewem &#8211; w praktyce (przez wiele lat \u015bpiewa\u0142 w ch\u00f3rach) i w teorii (wsp\u00f3\u0142tw\u00f3rca metody pracy z g\u0142osem w uj\u0119ciu ruchowym, okre\u015blanej jako KINEMISJA &#8211; podr\u0119cznik w przygotowaniu). Absolwent kierunku i Wydzia\u0142u Fizjoterapii na wroc\u0142awskiej AWF. Fizjoterapeuta, praktyk, badacz i dydaktyk, za\u0142o\u017cyciel marki\u00a0<a href=\"https:\/\/www.facebook.com\/PhysioteamSlawomirChomiak\/?__tn__=%2CdK%2AF-R&amp;eid=ARAwSqvUi3x3gd6DSniFP8g4gmk1tbwBYPvQ5emp2b9j9k5eMxzkhN6p7gMJryLU8NofSnMqn5P2Us8d\">Physioteam<\/a>, cz\u0142onek Krajowej Rady Fizjoterapii.<\/p>\n<p>Na drodze rozwoju terapeutycznego, naukowego i dydaktycznego utwierdzi\u0142 si\u0119 w przekonaniu, \u017ce jedn\u0105 z najwa\u017cniejszych zdolno\u015bci ludzkiego organizmu jest adaptacja b\u0119d\u0105ca podstaw\u0105 rozwoju organizm\u00f3w \u017cywych, a jednocze\u015bnie fundamentem fizjoterapii jako profesji. Umiej\u0119tno\u015b\u0107 wykorzystania tego fenomenu sta\u0142a si\u0119 si\u0142\u0105 nap\u0119dow\u0105 jego dzia\u0142a\u0144 oraz cz\u0119\u015bci\u0105 codziennych do\u015bwiadcze\u0144 terapeutycznych i dydaktycznych.<\/p>\n<p>Je\u015bli potrzebujesz fizjoterapeutycznego wsparcia aparatu g\u0142osu, mo\u017cesz liczy\u0107 na jego pomoc. S\u0142awek wsp\u00f3\u0142pracuje r\u00f3wnie\u017c z logopedami i neurologopedami.<\/p>\n","protected":false},"excerpt":{"rendered":"<p>Z zawodu i z pasji fizjoterapeuta, z zami\u0142owania zajmuj\u0105cy si\u0119 r\u00f3wnie\u017c \u015bpiewem &#8211; w praktyce (przez wiele lat \u015bpiewa\u0142 w ch\u00f3rach) i w teorii (wsp\u00f3\u0142tw\u00f3rca metody pracy z g\u0142osem w uj\u0119ciu ruchowym, okre\u015blanej jako KINEMISJA &#8211; podr\u0119cznik w przygotowaniu). Absolwent kierunku i Wydzia\u0142u Fizjoterapii na wroc\u0142awskiej AWF. Fizjoterapeuta, praktyk, badacz i dydaktyk, za\u0142o\u017cyciel marki\u00a0Physioteam, cz\u0142onek &hellip; <\/p>\n<p class=\"link-more\"><a href=\"https:\/\/wroclawskaszkolaspiewu.pl\/index.php\/slawomir-chomiak-physioteam\/\" class=\"more-link\">Czytaj dalej<span class=\"screen-reader-text\"> \u201eS\u0142awomir Chomiak &#8211; Physioteam\u201d<\/span><\/a><\/p>\n","protected":false},"author":1,"featured_media":0,"parent":0,"menu_order":0,"comment_status":"closed","ping_status":"closed","template":"","meta":{"footnotes":""},"_links":{"self":[{"href":"https:\/\/wroclawskaszkolaspiewu.pl\/index.php\/wp-json\/wp\/v2\/pages\/286"}],"collection":[{"href":"https:\/\/wroclawskaszkolaspiewu.pl\/index.php\/wp-json\/wp\/v2\/pages"}],"about":[{"href":"https:\/\/wroclawskaszkolaspiewu.pl\/index.php\/wp-json\/wp\/v2\/types\/page"}],"author":[{"embeddable":true,"href":"https:\/\/wroclawskaszkolaspiewu.pl\/index.php\/wp-json\/wp\/v2\/users\/1"}],"replies":[{"embeddable":true,"href":"https:\/\/wroclawskaszkolaspiewu.pl\/index.php\/wp-json\/wp\/v2\/comments?post=286"}],"version-history":[{"count":1,"href":"https:\/\/wroclawskaszkolaspiewu.pl\/index.php\/wp-json\/wp\/v2\/pages\/286\/revisions"}],"predecessor-version":[{"id":288,"href":"https:\/\/wroclawskaszkolaspiewu.pl\/index.php\/wp-json\/wp\/v2\/pages\/286\/revisions\/288"}],"wp:attachment":[{"href":"https:\/\/wroclawskaszkolaspiewu.pl\/index.php\/wp-json\/wp\/v2\/media?parent=286"}],"curies":[{"name":"wp","href":"https:\/\/api.w.org\/{rel}","templated":true}]}}