{"id":271,"date":"2020-04-25T16:55:53","date_gmt":"2020-04-25T16:55:53","guid":{"rendered":"http:\/\/wroclawskaszkolaspiewu.pl\/?page_id=271"},"modified":"2021-10-18T15:19:03","modified_gmt":"2021-10-18T15:19:03","slug":"emil-smardzewski","status":"publish","type":"page","link":"https:\/\/wroclawskaszkolaspiewu.pl\/index.php\/emil-smardzewski\/","title":{"rendered":"Emil Smardzewski"},"content":{"rendered":"\n<figure class=\"wp-block-image size-large\"><img loading=\"lazy\" decoding=\"async\" width=\"1024\" height=\"726\" src=\"http:\/\/wroclawskaszkolaspiewu.pl\/wp-content\/uploads\/2021\/10\/cafe-deluca-\u2014-kopia-6-1024x726.png\" alt=\"\" class=\"wp-image-468\" srcset=\"https:\/\/wroclawskaszkolaspiewu.pl\/wp-content\/uploads\/2021\/10\/cafe-deluca-\u2014-kopia-6-1024x726.png 1024w, https:\/\/wroclawskaszkolaspiewu.pl\/wp-content\/uploads\/2021\/10\/cafe-deluca-\u2014-kopia-6-300x213.png 300w, https:\/\/wroclawskaszkolaspiewu.pl\/wp-content\/uploads\/2021\/10\/cafe-deluca-\u2014-kopia-6-768x545.png 768w, https:\/\/wroclawskaszkolaspiewu.pl\/wp-content\/uploads\/2021\/10\/cafe-deluca-\u2014-kopia-6-1536x1090.png 1536w, https:\/\/wroclawskaszkolaspiewu.pl\/wp-content\/uploads\/2021\/10\/cafe-deluca-\u2014-kopia-6.png 1748w\" sizes=\"(max-width: 767px) 89vw, (max-width: 1000px) 54vw, (max-width: 1071px) 543px, 580px\" \/><\/figure>\n\n\n\n<p>Urodzony w Zgorzelcu 18.07.1995, gdzie uko\u0144czy\u0142 I i II stopie\u0144 Pa\u0144stwowej Szko\u0142y Muzycznej im. Feliksa Nowowiejskiego w klasie fortepianu. Absolwent Akademii Muzycznej im. Karola Lipi\u0144skiego we Wroc\u0142awiu oraz technikum realizacji d\u017awi\u0119ku w Szkole Muzyki Nowoczesnej, tam\u017ce. Do\u015bwiadczenie zdobywa\u0142 r\u00f3wnie\u017c podczas r\u00f3\u017cnorodnych warsztat\u00f3w pianistycznych oraz jako akompaniator (wielokrotnie wyr\u00f3\u017cniany za wyj\u0105tkowo dobry kontakt z solist\u0105) podczas festiwali, m.in. Przegl\u0105d Piosenki Aktorskiej we Wroc\u0142awiu, Festiwal Tw\u00f3rczo\u015bci Jacka Kaczmarskiego w Zgorzelcu, Og\u00f3lnopolski Konkurs Recytatorski, Fete De La Musique, II Album Muzyki Wsp\u00f3\u0142czesnej (prawykonanie utworu \u201eCzar Mi\u0142o\u015bci\u201d). W latach 2015 &#8211; 2018 zwi\u0105zany z Sulikowskim Domem Kultury jako instruktor muzyczny oraz realizator d\u017awi\u0119ku na wydarzeniach kulturalnych (m.in. realizacja d\u017awi\u0119ku na Og\u00f3lnopolskim Festiwalu Film\u00f3w Komediowych w Lubomierzu). Nauczyciel muzyki w Zespole Szk\u00f3\u0142 Niepublicznych \u201eUNLOCK\u201d.<\/p>\n\n\n\n<p>Jest aktywnym muzykiem,&nbsp;zaanga\u017cowanym w wiele projekt\u00f3w artystycznych jako tw\u00f3rca muzyki, aran\u017cer oraz wykonawca, m.in. w&nbsp;2019 roku bra\u0142 udzia\u0142 w nagraniach p\u0142yty \u201eSave Yourself\u201d zespo\u0142u Charlie Kilo, w latach 2019\/20 w tworzeniu i nagraniach muzyki do monomusicalu \u201eSyrena\u201d, klawiszowiec w zespo\u0142ach Paihivo oraz She-La, aran\u017cer oraz wykonawca w kilku czu\u0142o\u015bciach \u2013 autorskim projekcie wokalistki, Anny Kami\u0144skiej, wsp\u00f3\u0142tw\u00f3rca muzyki oraz tekst\u00f3w w autorskim projekcie Kwarta w Nocy. W trio kreatywnym z Ann\u0105 Kami\u0144sk\u0105 i Jankiem Kami\u0144skim wsp\u00f3\u0142pracuj\u0105 z firm\u0105 Ortega&nbsp;w zakresie zdj\u0119\u0107 oraz nagra\u0144 promocyjnych.<\/p>\n\n\n\n<p>Pasjonuj\u0105 go realizacja d\u017awi\u0119ku, elektroakustyka, motoryzacja i fotografia.<br>Zgromadzi\u0142 ca\u0142kiem poka\u017an\u0105 kolekcj\u0119 r\u00f3\u017cnorodnych mikrofon\u00f3w.<\/p>\n\n\n\n<p>W naszej szkole prowadzi zaj\u0119cia z akompaniamentu, teorii muzyki, kszta\u0142cenia s\u0142uchu i home recordingu. Mo\u017ce te\u017c zrealizowa\u0107 nagranie Twojego wymarzonego utworu.<\/p>\n","protected":false},"excerpt":{"rendered":"<p>Urodzony w Zgorzelcu 18.07.1995, gdzie uko\u0144czy\u0142 I i II stopie\u0144 Pa\u0144stwowej Szko\u0142y Muzycznej im. Feliksa Nowowiejskiego w klasie fortepianu. Absolwent Akademii Muzycznej im. Karola Lipi\u0144skiego we Wroc\u0142awiu oraz technikum realizacji d\u017awi\u0119ku w Szkole Muzyki Nowoczesnej, tam\u017ce. Do\u015bwiadczenie zdobywa\u0142 r\u00f3wnie\u017c podczas r\u00f3\u017cnorodnych warsztat\u00f3w pianistycznych oraz jako akompaniator (wielokrotnie wyr\u00f3\u017cniany za wyj\u0105tkowo dobry kontakt z solist\u0105) podczas &hellip; <\/p>\n<p class=\"link-more\"><a href=\"https:\/\/wroclawskaszkolaspiewu.pl\/index.php\/emil-smardzewski\/\" class=\"more-link\">Czytaj dalej<span class=\"screen-reader-text\"> \u201eEmil Smardzewski\u201d<\/span><\/a><\/p>\n","protected":false},"author":1,"featured_media":0,"parent":0,"menu_order":0,"comment_status":"closed","ping_status":"closed","template":"","meta":{"footnotes":""},"_links":{"self":[{"href":"https:\/\/wroclawskaszkolaspiewu.pl\/index.php\/wp-json\/wp\/v2\/pages\/271"}],"collection":[{"href":"https:\/\/wroclawskaszkolaspiewu.pl\/index.php\/wp-json\/wp\/v2\/pages"}],"about":[{"href":"https:\/\/wroclawskaszkolaspiewu.pl\/index.php\/wp-json\/wp\/v2\/types\/page"}],"author":[{"embeddable":true,"href":"https:\/\/wroclawskaszkolaspiewu.pl\/index.php\/wp-json\/wp\/v2\/users\/1"}],"replies":[{"embeddable":true,"href":"https:\/\/wroclawskaszkolaspiewu.pl\/index.php\/wp-json\/wp\/v2\/comments?post=271"}],"version-history":[{"count":3,"href":"https:\/\/wroclawskaszkolaspiewu.pl\/index.php\/wp-json\/wp\/v2\/pages\/271\/revisions"}],"predecessor-version":[{"id":470,"href":"https:\/\/wroclawskaszkolaspiewu.pl\/index.php\/wp-json\/wp\/v2\/pages\/271\/revisions\/470"}],"wp:attachment":[{"href":"https:\/\/wroclawskaszkolaspiewu.pl\/index.php\/wp-json\/wp\/v2\/media?parent=271"}],"curies":[{"name":"wp","href":"https:\/\/api.w.org\/{rel}","templated":true}]}}