{"id":265,"date":"2020-04-25T16:54:47","date_gmt":"2020-04-25T16:54:47","guid":{"rendered":"http:\/\/wroclawskaszkolaspiewu.pl\/?page_id=265"},"modified":"2021-10-18T15:44:31","modified_gmt":"2021-10-18T15:44:31","slug":"teo-dumski","status":"publish","type":"page","link":"https:\/\/wroclawskaszkolaspiewu.pl\/index.php\/teo-dumski\/","title":{"rendered":"Teo Dumski"},"content":{"rendered":"<p><img loading=\"lazy\" decoding=\"async\" class=\"aligncenter size-full wp-image-175\" src=\"http:\/\/wroclawskaszkolaspiewu.pl\/wp-content\/uploads\/2018\/01\/6-2.png\" alt=\"\" width=\"559\" height=\"397\" srcset=\"https:\/\/wroclawskaszkolaspiewu.pl\/wp-content\/uploads\/2018\/01\/6-2.png 559w, https:\/\/wroclawskaszkolaspiewu.pl\/wp-content\/uploads\/2018\/01\/6-2-300x213.png 300w\" sizes=\"(max-width: 559px) 100vw, 559px\" \/><\/p>\n<p>Teo to wroc\u0142awski aktor i re\u017cyser, pedagog, tw\u00f3rca <a href=\"https:\/\/www.facebook.com\/CloudTheater\/\">Cloud Theater<\/a>, laureat WARTO 2018 w dziedzinie teatru. Prowadzi zaj\u0119cia na Akademii Sztuk Teatralnych we Wroc\u0142awiu.<\/p>\n<p>Artysta zajmuj\u0105cy si\u0119 badaniem i nauczaniem technik aktorskich Michai\u0142a Czechowa w \u015bwietle nauk psychologicznych i duchowych. Jest autorem kilku uznanych eksperyment\u00f3w formalnych, szczeg\u00f3lnie na polu kreatywnego wykorzystania nowych technologii w teatrze. Zwi\u0105zany przez wiele lat z wroc\u0142awskim Teatrem Ad Spectatores. W swojej tw\u00f3rczo\u015bci broni sensu istnienia artysty w dzisiejszym technologicznym \u015bwiecie. Tw\u00f3rca idei \u201cTech is a Being\u201d (\u201eTechnologia jest Istot\u0105\u201d). W 2017 roku nominowany do Wroc\u0142awskiej Nagrody Teatralnej.<\/p>\n<p>Je\u015bli \u015bpiewasz, parasz si\u0119 teatrem, ta\u0144czysz, czy chcesz pi\u0119knie m\u00f3wi\u0107 do publiczno\u015bci, na jego zaj\u0119ciach poznasz narz\u0119dzia, kt\u00f3re pomog\u0105 Ci robi\u0107 to jeszcze lepiej i czerpa\u0107 z tego jeszcze wi\u0119ksz\u0105 satysfakcj\u0119.<\/p>\n<p>Zapraszamy do Teo nie tylko na zaj\u0119cia aktorskie, ale tak\u017ce zaj\u0119cia z interpretacji piosenki, podczas kt\u00f3rych nauczycie si\u0119 bardziej by\u0107 w piosence, a tak\u017ce lepiej zarz\u0105dza\u0107 stresem i swoj\u0105 obecno\u015bci\u0105 sceniczn\u0105.<\/p>\n","protected":false},"excerpt":{"rendered":"<p>Teo to wroc\u0142awski aktor i re\u017cyser, pedagog, tw\u00f3rca Cloud Theater, laureat WARTO 2018 w dziedzinie teatru. Prowadzi zaj\u0119cia na Akademii Sztuk Teatralnych we Wroc\u0142awiu. Artysta zajmuj\u0105cy si\u0119 badaniem i nauczaniem technik aktorskich Michai\u0142a Czechowa w \u015bwietle nauk psychologicznych i duchowych. Jest autorem kilku uznanych eksperyment\u00f3w formalnych, szczeg\u00f3lnie na polu kreatywnego wykorzystania nowych technologii w teatrze. &hellip; <\/p>\n<p class=\"link-more\"><a href=\"https:\/\/wroclawskaszkolaspiewu.pl\/index.php\/teo-dumski\/\" class=\"more-link\">Czytaj dalej<span class=\"screen-reader-text\"> \u201eTeo Dumski\u201d<\/span><\/a><\/p>\n","protected":false},"author":1,"featured_media":0,"parent":0,"menu_order":0,"comment_status":"closed","ping_status":"closed","template":"","meta":{"footnotes":""},"_links":{"self":[{"href":"https:\/\/wroclawskaszkolaspiewu.pl\/index.php\/wp-json\/wp\/v2\/pages\/265"}],"collection":[{"href":"https:\/\/wroclawskaszkolaspiewu.pl\/index.php\/wp-json\/wp\/v2\/pages"}],"about":[{"href":"https:\/\/wroclawskaszkolaspiewu.pl\/index.php\/wp-json\/wp\/v2\/types\/page"}],"author":[{"embeddable":true,"href":"https:\/\/wroclawskaszkolaspiewu.pl\/index.php\/wp-json\/wp\/v2\/users\/1"}],"replies":[{"embeddable":true,"href":"https:\/\/wroclawskaszkolaspiewu.pl\/index.php\/wp-json\/wp\/v2\/comments?post=265"}],"version-history":[{"count":2,"href":"https:\/\/wroclawskaszkolaspiewu.pl\/index.php\/wp-json\/wp\/v2\/pages\/265\/revisions"}],"predecessor-version":[{"id":472,"href":"https:\/\/wroclawskaszkolaspiewu.pl\/index.php\/wp-json\/wp\/v2\/pages\/265\/revisions\/472"}],"wp:attachment":[{"href":"https:\/\/wroclawskaszkolaspiewu.pl\/index.php\/wp-json\/wp\/v2\/media?parent=265"}],"curies":[{"name":"wp","href":"https:\/\/api.w.org\/{rel}","templated":true}]}}