{"id":251,"date":"2020-04-25T16:51:35","date_gmt":"2020-04-25T16:51:35","guid":{"rendered":"http:\/\/wroclawskaszkolaspiewu.pl\/?page_id=251"},"modified":"2025-12-27T12:13:47","modified_gmt":"2025-12-27T12:13:47","slug":"anna-kaminska","status":"publish","type":"page","link":"https:\/\/wroclawskaszkolaspiewu.pl\/index.php\/anna-kaminska\/","title":{"rendered":"Ania Kami\u0144ska"},"content":{"rendered":"<div class=\"wp-block-image\">\n<figure class=\"aligncenter\"><img loading=\"lazy\" decoding=\"async\" width=\"559\" height=\"397\" src=\"http:\/\/wroclawskaszkolaspiewu.pl\/wp-content\/uploads\/2018\/01\/4-3.png\" alt=\"\" class=\"wp-image-173\" srcset=\"https:\/\/wroclawskaszkolaspiewu.pl\/wp-content\/uploads\/2018\/01\/4-3.png 559w, https:\/\/wroclawskaszkolaspiewu.pl\/wp-content\/uploads\/2018\/01\/4-3-300x213.png 300w\" sizes=\"(max-width: 559px) 100vw, 559px\" \/><\/figure><\/div>\n\n\n<p>Ania \u2013 \u0142\u0105czy pisarskie zaci\u0119cie z mi\u0142o\u015bci\u0105 do muzyki. Pisze, komponuje, \u015bpiewa \u2013 z ukulele, autoharf\u0105 albo pianinem. Swoj\u0105 emocjonalno\u015b\u0107 zamienia w piosenki w zespole kilka czu\u0142o\u015bci.<\/p>\n\n\n\n<p>Absolwentka wokalistyki jazzowej na Akademii Muzycznej w Poznaniu, dziennikarstwa i komunikacji spo\u0142ecznej oraz komunikacji wizerunkowej na Uniwersytecie Wroc\u0142awskim. Wcze\u015bniej sw\u00f3j warsztat doskonali\u0142a we Wroc\u0142awskiej Szkole Jazzu i Muzyki Rozrywkowej. Uko\u0144czy\u0142a Pa\u0144stwow\u0105 Szko\u0142\u0119 Muzyczn\u0105 I st. w O\u0142awie w klasie fortepianu.<br><br>Do\u015bwiadczenie zdobywa tak\u017ce na r\u00f3\u017cnego rodzaju warsztatach m.in. European Jazz School, Odkryj sw\u00f3j g\u0142os z Olg\u0105 Szwajgier, Voicingers, Flow Phonation, Doctor Vox Therapy Method czy szkoleniach m.in. XI Mi\u0119dzynarodowe Seminaria Naukowe G\u0141OS-CIA\u0141O-EKSPRESJA organizowane przez Stowarzyszenie Wokalist\u00f3w MIX, Estill Voice Training (warsztaty wprowadzaj\u0105ce),&nbsp;prediagnoza&nbsp;<wbr>logopedyczna w pracy wokalnej, wady wymowy i deformacje w pracy wokalnej.<\/p>\n\n\n\n<p>Od 2020 uczy muzyki w Niepublicznej Prywatnej Szkole Podstawowej Montessori we Wroc\u0142awiu, a od 2024 w Autorskim Liceum Artystycznym ALA r\u00f3wnie\u017c we Wroc\u0142awiu.<\/p>\n\n\n\n<p>Z zespo\u0142em kilka czu\u0142o\u015bci aktualnie pracuj\u0105 nad trzecim albumem, z kt\u00f3rym chc\u0105 &#8222;odp\u0142yn\u0105\u0107 na nowe wody muzycznego oceanu&#8221;. Do tej pory wydali dwie p\u0142yty (MI\u0118TA i LAWENDA), z kt\u00f3rych utwory mo\u017cna by\u0142o us\u0142ysze\u0107 m.in. w Radiu Nowy \u015awiat, w radiowej Tr\u00f3jce, Radiu Ram czy Radiu Wroc\u0142aw. Wyst\u0105pili m.in. na Sofar Sounds w Wiedniu, RAM Session we Wroc\u0142awiu, Beatlemania Festival w Warszawie, w Piwnicy pod Baranami w Krakowie. Zagrali r\u00f3wnie\u017c support przed koncertem Anny Marii Jopek i zespo\u0142u Kroke oraz na jednej scenie z Jurkiem Filarem. S\u0105 laureatami nagrody g\u0142\u00f3wnej m.in. na: Festiwalu Wielki Ogie\u0144 im. Miry Kubasi\u0144skiej, Maratonie Piosenki Osobistej, Przegl\u0105dzie Muzycznym PMRock&#8217;23,\u00a0Festiwalu Bazuna, Mi\u0119dzynarodowym Festiwalu Piosenki Szlakiem Bard\u00f3w, Og\u00f3lnopolskiej Turystycznej Gie\u0142dzie Piosenki Studenckiej, Festiwalu &#8222;Kwiaty na kamieniach&#8221;.<\/p>\n\n\n\n<figure class=\"wp-block-image size-large\"><img loading=\"lazy\" decoding=\"async\" width=\"1024\" height=\"680\" src=\"https:\/\/wroclawskaszkolaspiewu.pl\/wp-content\/uploads\/2025\/12\/DSC00151-Edit-1024x680.jpg\" alt=\"\" class=\"wp-image-1215\" srcset=\"https:\/\/wroclawskaszkolaspiewu.pl\/wp-content\/uploads\/2025\/12\/DSC00151-Edit-1024x680.jpg 1024w, https:\/\/wroclawskaszkolaspiewu.pl\/wp-content\/uploads\/2025\/12\/DSC00151-Edit-300x199.jpg 300w, https:\/\/wroclawskaszkolaspiewu.pl\/wp-content\/uploads\/2025\/12\/DSC00151-Edit-768x510.jpg 768w, https:\/\/wroclawskaszkolaspiewu.pl\/wp-content\/uploads\/2025\/12\/DSC00151-Edit-1536x1021.jpg 1536w, https:\/\/wroclawskaszkolaspiewu.pl\/wp-content\/uploads\/2025\/12\/DSC00151-Edit-2048x1361.jpg 2048w\" sizes=\"(max-width: 767px) 89vw, (max-width: 1000px) 54vw, (max-width: 1071px) 543px, 580px\" \/><\/figure>\n\n\n\n<figure class=\"wp-block-embed is-type-video is-provider-youtube wp-block-embed-youtube wp-embed-aspect-16-9 wp-has-aspect-ratio\"><div class=\"wp-block-embed__wrapper\">\n<iframe loading=\"lazy\" title=\"kilka czu\u0142o\u015bci [live session] - Oczami do mnie m\u00f3w\" width=\"525\" height=\"295\" src=\"https:\/\/www.youtube.com\/embed\/shWpoKSIAOM?feature=oembed\" frameborder=\"0\" allow=\"accelerometer; autoplay; clipboard-write; encrypted-media; gyroscope; picture-in-picture; web-share\" referrerpolicy=\"strict-origin-when-cross-origin\" allowfullscreen><\/iframe>\n<\/div><\/figure>\n\n\n\n<figure class=\"wp-block-embed is-type-rich is-provider-spotify wp-block-embed-spotify wp-embed-aspect-21-9 wp-has-aspect-ratio\"><div class=\"wp-block-embed__wrapper\">\n<iframe title=\"Spotify Embed: kilka czu\u0142o\u015bci\" style=\"border-radius: 12px\" width=\"100%\" height=\"352\" frameborder=\"0\" allowfullscreen allow=\"autoplay; clipboard-write; encrypted-media; fullscreen; picture-in-picture\" loading=\"lazy\" src=\"https:\/\/open.spotify.com\/embed\/artist\/5ePKwdz8bcYGy0m2W3Dibo?si=zQXOiOeSTkSrCk96z9QO0g&amp;utm_source=oembed\"><\/iframe>\n<\/div><\/figure>\n\n\n\n<p>Ania wsp\u00f3\u0142pracuje r\u00f3wnie\u017c z firm\u0105 Ortega\u00a0w zakresie zdj\u0119\u0107 oraz nagra\u0144 audio-video. <\/p>\n\n\n\n<figure class=\"wp-block-embed is-type-video is-provider-youtube wp-block-embed-youtube wp-embed-aspect-16-9 wp-has-aspect-ratio\"><div class=\"wp-block-embed__wrapper\">\n<iframe loading=\"lazy\" title=\"BILLIE EILISH &amp; KHALID \u2013 Lovely (Ukulele Cover by Anna Kami\u0144ska &amp; Emil Smardzewski)\" width=\"525\" height=\"295\" src=\"https:\/\/www.youtube.com\/embed\/L-sHngop-2s?feature=oembed\" frameborder=\"0\" allow=\"accelerometer; autoplay; clipboard-write; encrypted-media; gyroscope; picture-in-picture; web-share\" referrerpolicy=\"strict-origin-when-cross-origin\" allowfullscreen><\/iframe>\n<\/div><\/figure>\n\n\n\n<p>Wzi\u0119\u0142a udzia\u0142 w kilku projektach teatralnych: Nico w spektaklu \u201eJe\u017adziec Burzy\u201d \u2013 re\u017c. C. Studniak, scen. A. Jakubik, Dziewczyna w musicalu \u201eCzasy\u201d \u2013 scen. Sz. Barabach, re\u017c. M. Kiljan, Marlenka w spektaklu \u201eHotel Breslau\u201d w Teatrze Ekstrawersja \u2013 scen. i re\u017c. K. Konik. Kilkukrotnie w roli bardki (long-term NPC). Wsp\u00f3\u0142tworzy\u0142a event \u201eWitcher School\u201d organizowany przez wroc\u0142awsk\u0105 agencj\u0119 artystyczno-eventow\u0105 5 \u017bywio\u0142\u00f3w.\u00a0<br><br>Razem z Emilem Smardzewskim skomponowa\u0142a muzyk\u0119 do spektaklu &#8222;Kura na plecach&#8221; w re\u017cyserii Arkadiusza Cyrana (Teatr Polski we Wroc\u0142awiu) oraz do spektakli &#8222;Syzyfowe prace&#8221;, &#8222;Pinokio&#8221;, &#8222;Szatan z VII klasy&#8221; i &#8222;Feliks m\u0105dra mr\u00f3wka&#8221; w re\u017cyserii Agaty Skowro\u0144skiej (Teatrakcja,\u00a0In Art-Teatr Edukacji Wroc\u0142aw).<\/p>\n\n\n\n<p>W muzyce zakocha\u0142a si\u0119, kiedy jako ma\u0142a dziewczynka us\u0142ysza\u0142a utwory zespo\u0142u The Beatles, w\u0142a\u015bnie wtedy d\u017awi\u0119ki sta\u0142y si\u0119 dla niej \u0142\u0105cznikiem pomi\u0119dzy emocjami a \u015bwiatem zewn\u0119trznym. Ci\u0105gle poszukuje, uwa\u017ca, \u017ce podczas tej fascynuj\u0105cej, nierzadko zaskakuj\u0105cej, muzycznej podr\u00f3\u017cy najwa\u017cniejsza jest szczero\u015b\u0107, ale r\u00f3wnie\u017c ciekawo\u015b\u0107 i odwaga. Wierzy, \u017ce po\u015br\u00f3d ca\u0142ego oceanu d\u017awi\u0119k\u00f3w, ka\u017cdy znajdzie jak\u0105\u015b przestrze\u0144 dla siebie. I w tym pr\u00f3buje pom\u00f3c swoim uczniom, w odnalezieniu swojej w\u0142asnej wokalnej \u015bcie\u017cki, aby coraz pewniej ni\u0105 pod\u0105\u017ca\u0107 odkrywaj\u0105c nowe inspiracje i w\u0142asne brzmienia.<\/p>\n\n\n\n<p><strong>Z Wroc\u0142awsk\u0105 Szko\u0142\u0105 \u015apiewu zwi\u0105zana jest od pocz\u0105tku istnienia szko\u0142y. <\/strong>Opr\u00f3cz emisji g\u0142osu Ania prowadzi zesp\u00f3\u0142 wokalny HARMONIUM dla doros\u0142ych oraz zaj\u0119cia z akompaniamentu (pianino, ukulele), z pisania piosenek oraz kszta\u0142cenia s\u0142uchu.<\/p>\n","protected":false},"excerpt":{"rendered":"<p>Ania \u2013 \u0142\u0105czy pisarskie zaci\u0119cie z mi\u0142o\u015bci\u0105 do muzyki. Pisze, komponuje, \u015bpiewa \u2013 z ukulele, autoharf\u0105 albo pianinem. Swoj\u0105 emocjonalno\u015b\u0107 zamienia w piosenki w zespole kilka czu\u0142o\u015bci. Absolwentka wokalistyki jazzowej na Akademii Muzycznej w Poznaniu, dziennikarstwa i komunikacji spo\u0142ecznej oraz komunikacji wizerunkowej na Uniwersytecie Wroc\u0142awskim. Wcze\u015bniej sw\u00f3j warsztat doskonali\u0142a we Wroc\u0142awskiej Szkole Jazzu i Muzyki &hellip; <\/p>\n<p class=\"link-more\"><a href=\"https:\/\/wroclawskaszkolaspiewu.pl\/index.php\/anna-kaminska\/\" class=\"more-link\">Czytaj dalej<span class=\"screen-reader-text\"> \u201eAnia Kami\u0144ska\u201d<\/span><\/a><\/p>\n","protected":false},"author":1,"featured_media":0,"parent":0,"menu_order":0,"comment_status":"closed","ping_status":"closed","template":"","meta":{"footnotes":""},"_links":{"self":[{"href":"https:\/\/wroclawskaszkolaspiewu.pl\/index.php\/wp-json\/wp\/v2\/pages\/251"}],"collection":[{"href":"https:\/\/wroclawskaszkolaspiewu.pl\/index.php\/wp-json\/wp\/v2\/pages"}],"about":[{"href":"https:\/\/wroclawskaszkolaspiewu.pl\/index.php\/wp-json\/wp\/v2\/types\/page"}],"author":[{"embeddable":true,"href":"https:\/\/wroclawskaszkolaspiewu.pl\/index.php\/wp-json\/wp\/v2\/users\/1"}],"replies":[{"embeddable":true,"href":"https:\/\/wroclawskaszkolaspiewu.pl\/index.php\/wp-json\/wp\/v2\/comments?post=251"}],"version-history":[{"count":7,"href":"https:\/\/wroclawskaszkolaspiewu.pl\/index.php\/wp-json\/wp\/v2\/pages\/251\/revisions"}],"predecessor-version":[{"id":1216,"href":"https:\/\/wroclawskaszkolaspiewu.pl\/index.php\/wp-json\/wp\/v2\/pages\/251\/revisions\/1216"}],"wp:attachment":[{"href":"https:\/\/wroclawskaszkolaspiewu.pl\/index.php\/wp-json\/wp\/v2\/media?parent=251"}],"curies":[{"name":"wp","href":"https:\/\/api.w.org\/{rel}","templated":true}]}}