{"id":18,"date":"2018-01-09T01:32:50","date_gmt":"2018-01-09T01:32:50","guid":{"rendered":"http:\/\/wroclawskaszkolaspiewu.pl\/?page_id=18"},"modified":"2021-09-06T19:40:31","modified_gmt":"2021-09-06T19:40:31","slug":"contact","status":"publish","type":"page","link":"https:\/\/wroclawskaszkolaspiewu.pl\/index.php\/contact\/","title":{"rendered":"Kontakt"},"content":{"rendered":"<p>Je\u015bli masz jakie\u015b pytania, skontaktuj si\u0119 z nami &#8211; na wszystkie postaramy si\u0119 odpowiedzie\u0107.<\/p>\n<p>Je\u015bli chcesz zapisa\u0107 si\u0119 na zaj\u0119cia, zapraszamy do wype\u0142nienia formularza:&nbsp;<a href=\"http:\/\/bit.ly\/WSSformularz\" target=\"_blank\" rel=\"noopener noreferrer\">bit.ly\/WSSformularz<\/a><\/p>\n","protected":false},"excerpt":{"rendered":"<p>Je\u015bli masz jakie\u015b pytania, skontaktuj si\u0119 z nami &#8211; na wszystkie postaramy si\u0119 odpowiedzie\u0107. Je\u015bli chcesz zapisa\u0107 si\u0119 na zaj\u0119cia, zapraszamy do wype\u0142nienia formularza:&nbsp;bit.ly\/WSSformularz<\/p>\n","protected":false},"author":1,"featured_media":450,"parent":0,"menu_order":0,"comment_status":"closed","ping_status":"closed","template":"","meta":{"footnotes":""},"_links":{"self":[{"href":"https:\/\/wroclawskaszkolaspiewu.pl\/index.php\/wp-json\/wp\/v2\/pages\/18"}],"collection":[{"href":"https:\/\/wroclawskaszkolaspiewu.pl\/index.php\/wp-json\/wp\/v2\/pages"}],"about":[{"href":"https:\/\/wroclawskaszkolaspiewu.pl\/index.php\/wp-json\/wp\/v2\/types\/page"}],"author":[{"embeddable":true,"href":"https:\/\/wroclawskaszkolaspiewu.pl\/index.php\/wp-json\/wp\/v2\/users\/1"}],"replies":[{"embeddable":true,"href":"https:\/\/wroclawskaszkolaspiewu.pl\/index.php\/wp-json\/wp\/v2\/comments?post=18"}],"version-history":[{"count":6,"href":"https:\/\/wroclawskaszkolaspiewu.pl\/index.php\/wp-json\/wp\/v2\/pages\/18\/revisions"}],"predecessor-version":[{"id":452,"href":"https:\/\/wroclawskaszkolaspiewu.pl\/index.php\/wp-json\/wp\/v2\/pages\/18\/revisions\/452"}],"wp:featuredmedia":[{"embeddable":true,"href":"https:\/\/wroclawskaszkolaspiewu.pl\/index.php\/wp-json\/wp\/v2\/media\/450"}],"wp:attachment":[{"href":"https:\/\/wroclawskaszkolaspiewu.pl\/index.php\/wp-json\/wp\/v2\/media?parent=18"}],"curies":[{"name":"wp","href":"https:\/\/api.w.org\/{rel}","templated":true}]}}