{"id":17,"date":"2018-01-09T01:32:50","date_gmt":"2018-01-09T01:32:50","guid":{"rendered":"http:\/\/wroclawskaszkolaspiewu.pl\/?page_id=17"},"modified":"2024-09-23T12:56:03","modified_gmt":"2024-09-23T12:56:03","slug":"oferta","status":"publish","type":"page","link":"https:\/\/wroclawskaszkolaspiewu.pl\/index.php\/oferta\/","title":{"rendered":"Zaj\u0119cia"},"content":{"rendered":"<p><span style=\"font-size: 1rem;\">Przygotowuj\u0105c nasz\u0105 ofert\u0119 kierowali\u015bmy si\u0119 tym, czego nam brakowa\u0142o, kiedy stawiali\u015bmy pierwsze (i kolejne) kroki na naszych artystycznych \u015bcie\u017ckach. Ka\u017cdy z naszych Pedagog<\/span><span style=\"font-size: 1rem;\">\u00f3w pami\u0119ta wiele sytuacji, kiedy wpada\u0142 na 45-minutowe zaj\u0119cia i chcia\u0142 na nich zrobi\u0107 wszystko: wzmocni\u0107 g\u0142os, rozszerzy\u0107 skal\u0119, nauczy\u0107 si\u0119 \u015bpiewa\u0107 czy\u015bciej, pozna\u0107 r\u00f3\u017cne rytmy, posiedzie\u0107 nad w\u0142a\u015bnie napisanym tekstem piosenki i nauczy\u0107 si\u0119 odr\u00f3\u017cnia\u0107 akordy durowe od molowych. I cho\u0107by nauczyciel dwoi\u0142 si\u0119 i troi\u0142, nie da\u0142o si\u0119 w tak kr\u00f3tkiej lekcji upchn\u0105\u0107 wszystkiego. Dlatego mamy dla Ciebie propozycj\u0119 kompleksowego podej\u015bcia do nauki \u015bpiewu &#8211; nasi wykwalifi<\/span><span style=\"font-size: 1rem;\">kowani (a przy okazji bardzo fajni!) Pedagodzy b\u0119d\u0105 z Tob\u0105 pracowa\u0107 osobno nad ka\u017cdym obszarem, na kt\u00f3rym chcesz si\u0119 rozwija\u0107. Przygotowali\u015bmy dla Ciebie kilka dobrze przemy\u015blanych gotowych rozwi\u0105za\u0144, ale je\u015bli masz ochot\u0119 na co\u015b wi\u0119cej, jeste\u015bmy do Twoich us\u0142ug &#8211; stworzymy program nauczania na miar\u0119 Twoich konkretnych potrzeb.<\/span><\/p>\n<p>Oczywi\u015bcie mo\u017cesz te\u017c wybra\u0107 standardow\u0105 \u015bcie\u017ck\u0119, czyli cotygodniowe zaj\u0119cia z emisji g\u0142osu, podczas kt\u00f3rych na pewno b\u0119dziemy realizowa\u0107 elementy innych umiej\u0119tno\u015bci. Je\u015bli w kt\u00f3rym\u015b momencie poczujesz, \u017ce nad kt\u00f3r\u0105\u015b z nich chcesz popracowa\u0107 wi\u0119cej, znajdziemy dla Ciebie rozwi\u0105zanie.<\/p>\n<p>Pracujemy r\u00f3wnie\u017c online. Lekcja przez internet mo\u017ce by\u0107 tak samo fajna i skuteczna, jak spotkanie z nauczycielem twarz\u0105 w twarz. Nie musisz czeka\u0107, a\u017c takie spotkanie b\u0119dzie mo\u017cliwe &#8211; spotkajmy si\u0119 w chmurze!<\/p>\n<p>Kliknij w grafik\u0119, aby dowiedzie\u0107 si\u0119 wi\u0119cej:<\/p>\n\n\n<figure class=\"wp-block-image size-large\"><a href=\"https:\/\/wroclawskaszkolaspiewu.pl\/index.php\/zajecia-indywidualne\/\"><img loading=\"lazy\" decoding=\"async\" width=\"1024\" height=\"1024\" src=\"https:\/\/wroclawskaszkolaspiewu.pl\/wp-content\/uploads\/2024\/09\/Kopia-\u2013-Kopia-\u2013-Kopia-\u2013-Kopia-\u2013-Kopia-\u2013-Kopia-\u2013-Black-Pink-Bold-and-Simple-Business-Tip-Carousel-Instagram-Post-1024x1024.jpg\" alt=\"\" class=\"wp-image-987\" srcset=\"https:\/\/wroclawskaszkolaspiewu.pl\/wp-content\/uploads\/2024\/09\/Kopia-\u2013-Kopia-\u2013-Kopia-\u2013-Kopia-\u2013-Kopia-\u2013-Kopia-\u2013-Black-Pink-Bold-and-Simple-Business-Tip-Carousel-Instagram-Post-1024x1024.jpg 1024w, https:\/\/wroclawskaszkolaspiewu.pl\/wp-content\/uploads\/2024\/09\/Kopia-\u2013-Kopia-\u2013-Kopia-\u2013-Kopia-\u2013-Kopia-\u2013-Kopia-\u2013-Black-Pink-Bold-and-Simple-Business-Tip-Carousel-Instagram-Post-300x300.jpg 300w, https:\/\/wroclawskaszkolaspiewu.pl\/wp-content\/uploads\/2024\/09\/Kopia-\u2013-Kopia-\u2013-Kopia-\u2013-Kopia-\u2013-Kopia-\u2013-Kopia-\u2013-Black-Pink-Bold-and-Simple-Business-Tip-Carousel-Instagram-Post-150x150.jpg 150w, https:\/\/wroclawskaszkolaspiewu.pl\/wp-content\/uploads\/2024\/09\/Kopia-\u2013-Kopia-\u2013-Kopia-\u2013-Kopia-\u2013-Kopia-\u2013-Kopia-\u2013-Black-Pink-Bold-and-Simple-Business-Tip-Carousel-Instagram-Post-768x768.jpg 768w, https:\/\/wroclawskaszkolaspiewu.pl\/wp-content\/uploads\/2024\/09\/Kopia-\u2013-Kopia-\u2013-Kopia-\u2013-Kopia-\u2013-Kopia-\u2013-Kopia-\u2013-Black-Pink-Bold-and-Simple-Business-Tip-Carousel-Instagram-Post-100x100.jpg 100w, https:\/\/wroclawskaszkolaspiewu.pl\/wp-content\/uploads\/2024\/09\/Kopia-\u2013-Kopia-\u2013-Kopia-\u2013-Kopia-\u2013-Kopia-\u2013-Kopia-\u2013-Black-Pink-Bold-and-Simple-Business-Tip-Carousel-Instagram-Post.jpg 1080w\" sizes=\"(max-width: 767px) 89vw, (max-width: 1000px) 54vw, (max-width: 1071px) 543px, 580px\" \/><\/a><\/figure>\n\n\n\n<div class=\"wp-block-buttons is-layout-flex wp-block-buttons-is-layout-flex\">\n<div class=\"wp-block-button\"><a class=\"wp-block-button__link has-background wp-element-button\" style=\"background-color:#de2aab\">Zapisz si\u0119 na zaj\u0119cia<\/a><\/div>\n<\/div>\n","protected":false},"excerpt":{"rendered":"<p>Przygotowuj\u0105c nasz\u0105 ofert\u0119 kierowali\u015bmy si\u0119 tym, czego nam brakowa\u0142o, kiedy stawiali\u015bmy pierwsze (i kolejne) kroki na naszych artystycznych \u015bcie\u017ckach. Ka\u017cdy z naszych Pedagog\u00f3w pami\u0119ta wiele sytuacji, kiedy wpada\u0142 na 45-minutowe zaj\u0119cia i chcia\u0142 na nich zrobi\u0107 wszystko: wzmocni\u0107 g\u0142os, rozszerzy\u0107 skal\u0119, nauczy\u0107 si\u0119 \u015bpiewa\u0107 czy\u015bciej, pozna\u0107 r\u00f3\u017cne rytmy, posiedzie\u0107 nad w\u0142a\u015bnie napisanym tekstem piosenki i &hellip; <\/p>\n<p class=\"link-more\"><a href=\"https:\/\/wroclawskaszkolaspiewu.pl\/index.php\/oferta\/\" class=\"more-link\">Czytaj dalej<span class=\"screen-reader-text\"> \u201eZaj\u0119cia\u201d<\/span><\/a><\/p>\n","protected":false},"author":1,"featured_media":73,"parent":0,"menu_order":0,"comment_status":"closed","ping_status":"closed","template":"","meta":{"footnotes":""},"_links":{"self":[{"href":"https:\/\/wroclawskaszkolaspiewu.pl\/index.php\/wp-json\/wp\/v2\/pages\/17"}],"collection":[{"href":"https:\/\/wroclawskaszkolaspiewu.pl\/index.php\/wp-json\/wp\/v2\/pages"}],"about":[{"href":"https:\/\/wroclawskaszkolaspiewu.pl\/index.php\/wp-json\/wp\/v2\/types\/page"}],"author":[{"embeddable":true,"href":"https:\/\/wroclawskaszkolaspiewu.pl\/index.php\/wp-json\/wp\/v2\/users\/1"}],"replies":[{"embeddable":true,"href":"https:\/\/wroclawskaszkolaspiewu.pl\/index.php\/wp-json\/wp\/v2\/comments?post=17"}],"version-history":[{"count":14,"href":"https:\/\/wroclawskaszkolaspiewu.pl\/index.php\/wp-json\/wp\/v2\/pages\/17\/revisions"}],"predecessor-version":[{"id":988,"href":"https:\/\/wroclawskaszkolaspiewu.pl\/index.php\/wp-json\/wp\/v2\/pages\/17\/revisions\/988"}],"wp:featuredmedia":[{"embeddable":true,"href":"https:\/\/wroclawskaszkolaspiewu.pl\/index.php\/wp-json\/wp\/v2\/media\/73"}],"wp:attachment":[{"href":"https:\/\/wroclawskaszkolaspiewu.pl\/index.php\/wp-json\/wp\/v2\/media?parent=17"}],"curies":[{"name":"wp","href":"https:\/\/api.w.org\/{rel}","templated":true}]}}