{"id":16,"date":"2018-01-09T01:32:50","date_gmt":"2018-01-09T01:32:50","guid":{"rendered":"http:\/\/wroclawskaszkolaspiewu.pl\/?page_id=16"},"modified":"2020-04-25T15:22:06","modified_gmt":"2020-04-25T15:22:06","slug":"home","status":"publish","type":"page","link":"https:\/\/wroclawskaszkolaspiewu.pl\/","title":{"rendered":"HOME"},"content":{"rendered":"<p><img loading=\"lazy\" decoding=\"async\" class=\"alignnone wp-image-22 size-large\" src=\"http:\/\/wroclawskaszkolaspiewu.pl\/wp-content\/uploads\/2018\/01\/logo_wss\u0301-01-1024x485.jpg\" alt=\"\" width=\"525\" height=\"249\" srcset=\"https:\/\/wroclawskaszkolaspiewu.pl\/wp-content\/uploads\/2018\/01\/logo_wss\u0301-01-1024x485.jpg 1024w, https:\/\/wroclawskaszkolaspiewu.pl\/wp-content\/uploads\/2018\/01\/logo_wss\u0301-01-300x142.jpg 300w, https:\/\/wroclawskaszkolaspiewu.pl\/wp-content\/uploads\/2018\/01\/logo_wss\u0301-01-768x364.jpg 768w\" sizes=\"(max-width: 525px) 100vw, 525px\" \/><\/p>\n<p>Wroc\u0142awska Szko\u0142a \u015apiewu to nie tylko szko\u0142a &#8211; to tw\u00f3rcza i przyjazna przestrze\u0144 dla ka\u017cdego, kto chce wyra\u017ca\u0107 si\u0119 przez muzyk\u0119. Dla pocz\u0105tkuj\u0105cych i dla zaawansowanych. Dla zdecydowanych i dla poszukuj\u0105cych. Dla tych, kt\u00f3rym w duszy \u015bpiewa.<\/p>\n<p>Tym, kt\u00f3rzy \u015bpiewa\u0107 kochaj\u0105, ale si\u0119 wstydz\u0105, pomagamy t\u0119 przeszkod\u0119 pokona\u0107.<\/p>\n<p>Tym, kt\u00f3rzy \u015bpiewa\u0107 pragn\u0105, ale nie wiedz\u0105, czy si\u0119 nadaj\u0105, pokazujemy, \u017ce si\u0119 nadaj\u0105. Ka\u017cdy si\u0119 nadaje.<\/p>\n<p>Tym, kt\u00f3rzy \u015bpiewaj\u0105 od dawna, ale szukaj\u0105 pomys\u0142u na siebie, pomagamy ten pomys\u0142 znale\u017a\u0107.<\/p>\n<p>Tym, kt\u00f3rzy maj\u0105 pomys\u0142 na siebie, pomagamy ten pomys\u0142 zrealizowa\u0107.<\/p>\n<p>\u015apiewamy te\u017c najm\u0142odszym, bo nigdy nie jest za wcze\u015bnie na pierwszy \u0142yk muzyki.<\/p>\n<p><img loading=\"lazy\" decoding=\"async\" class=\"aligncenter size-full wp-image-205\" src=\"http:\/\/wroclawskaszkolaspiewu.pl\/wp-content\/uploads\/2019\/10\/career-timeline-2.png\" alt=\"\" width=\"800\" height=\"2000\" srcset=\"https:\/\/wroclawskaszkolaspiewu.pl\/wp-content\/uploads\/2019\/10\/career-timeline-2.png 800w, https:\/\/wroclawskaszkolaspiewu.pl\/wp-content\/uploads\/2019\/10\/career-timeline-2-120x300.png 120w, https:\/\/wroclawskaszkolaspiewu.pl\/wp-content\/uploads\/2019\/10\/career-timeline-2-768x1920.png 768w, https:\/\/wroclawskaszkolaspiewu.pl\/wp-content\/uploads\/2019\/10\/career-timeline-2-410x1024.png 410w\" sizes=\"(max-width: 767px) 89vw, (max-width: 1000px) 54vw, (max-width: 1071px) 543px, 580px\" \/><\/p>\n","protected":false},"excerpt":{"rendered":"<p>Wroc\u0142awska Szko\u0142a \u015apiewu to nie tylko szko\u0142a &#8211; to tw\u00f3rcza i przyjazna przestrze\u0144 dla ka\u017cdego, kto chce wyra\u017ca\u0107 si\u0119 przez muzyk\u0119. Dla pocz\u0105tkuj\u0105cych i dla zaawansowanych. Dla zdecydowanych i dla poszukuj\u0105cych. Dla tych, kt\u00f3rym w duszy \u015bpiewa. Tym, kt\u00f3rzy \u015bpiewa\u0107 kochaj\u0105, ale si\u0119 wstydz\u0105, pomagamy t\u0119 przeszkod\u0119 pokona\u0107. Tym, kt\u00f3rzy \u015bpiewa\u0107 pragn\u0105, ale nie wiedz\u0105, &hellip; <\/p>\n<p class=\"link-more\"><a href=\"https:\/\/wroclawskaszkolaspiewu.pl\/\" class=\"more-link\">Czytaj dalej<span class=\"screen-reader-text\"> \u201eHOME\u201d<\/span><\/a><\/p>\n","protected":false},"author":1,"featured_media":0,"parent":0,"menu_order":0,"comment_status":"closed","ping_status":"closed","template":"","meta":{"footnotes":""},"_links":{"self":[{"href":"https:\/\/wroclawskaszkolaspiewu.pl\/index.php\/wp-json\/wp\/v2\/pages\/16"}],"collection":[{"href":"https:\/\/wroclawskaszkolaspiewu.pl\/index.php\/wp-json\/wp\/v2\/pages"}],"about":[{"href":"https:\/\/wroclawskaszkolaspiewu.pl\/index.php\/wp-json\/wp\/v2\/types\/page"}],"author":[{"embeddable":true,"href":"https:\/\/wroclawskaszkolaspiewu.pl\/index.php\/wp-json\/wp\/v2\/users\/1"}],"replies":[{"embeddable":true,"href":"https:\/\/wroclawskaszkolaspiewu.pl\/index.php\/wp-json\/wp\/v2\/comments?post=16"}],"version-history":[{"count":8,"href":"https:\/\/wroclawskaszkolaspiewu.pl\/index.php\/wp-json\/wp\/v2\/pages\/16\/revisions"}],"predecessor-version":[{"id":120,"href":"https:\/\/wroclawskaszkolaspiewu.pl\/index.php\/wp-json\/wp\/v2\/pages\/16\/revisions\/120"}],"wp:attachment":[{"href":"https:\/\/wroclawskaszkolaspiewu.pl\/index.php\/wp-json\/wp\/v2\/media?parent=16"}],"curies":[{"name":"wp","href":"https:\/\/api.w.org\/{rel}","templated":true}]}}