{"id":1249,"date":"2026-05-02T09:28:22","date_gmt":"2026-05-02T09:28:22","guid":{"rendered":"https:\/\/wroclawskaszkolaspiewu.pl\/?page_id=1249"},"modified":"2026-05-02T09:28:22","modified_gmt":"2026-05-02T09:28:22","slug":"michal-kusowski","status":"publish","type":"page","link":"https:\/\/wroclawskaszkolaspiewu.pl\/index.php\/zespol\/michal-kusowski\/","title":{"rendered":"Micha\u0142 Kusowski"},"content":{"rendered":"\n<figure class=\"wp-block-image size-large\"><img loading=\"lazy\" decoding=\"async\" width=\"819\" height=\"1024\" src=\"https:\/\/wroclawskaszkolaspiewu.pl\/wp-content\/uploads\/2026\/05\/cafe-deluca-\u2014-kopia-Post-na-Instagram-45-819x1024.jpg\" alt=\"\" class=\"wp-image-1250\" srcset=\"https:\/\/wroclawskaszkolaspiewu.pl\/wp-content\/uploads\/2026\/05\/cafe-deluca-\u2014-kopia-Post-na-Instagram-45-819x1024.jpg 819w, https:\/\/wroclawskaszkolaspiewu.pl\/wp-content\/uploads\/2026\/05\/cafe-deluca-\u2014-kopia-Post-na-Instagram-45-240x300.jpg 240w, https:\/\/wroclawskaszkolaspiewu.pl\/wp-content\/uploads\/2026\/05\/cafe-deluca-\u2014-kopia-Post-na-Instagram-45-768x960.jpg 768w, https:\/\/wroclawskaszkolaspiewu.pl\/wp-content\/uploads\/2026\/05\/cafe-deluca-\u2014-kopia-Post-na-Instagram-45.jpg 1080w\" sizes=\"(max-width: 767px) 89vw, (max-width: 1000px) 54vw, (max-width: 1071px) 543px, 580px\" \/><\/figure>\n\n\n\n<p>Micha\u0142 Kusowski to aktor scen muzycznych, wokalista, trener wokalny. Obecnie rozwija si\u0119 w Studium Musicalowym Capitol.<\/p>\n\n\n\n<p>Zdobywa\u0142 wiedz\u0119 na takich szkoleniach jak: \u201cSzkolenie dla trener\u00f3w wokalnych I stopnia\u201d &#8211; Studio Voice Progress, pod okiem Krzysztofa Wojciechowskiego i \u201cTransvoice &#8211; podstawy pracy z g\u0142osami os\u00f3b transkobiecych\u201d &#8211; Przestrze\u0144 Czu\u0142ego G\u0142osu, pod okiem Natalii Pancewicz.<\/p>\n\n\n\n<p>Bra\u0142 udzia\u0142 r\u00f3wnie\u017c w warsztatach prowadzonych przez specjalist\u00f3w w r\u00f3\u017cnych dziedzinach sztuka artystycznych, takich jak: Bart\u0142omiej Gola, Zac Nemorin, Ikky Mas, Malwina Masternak, Paulina Stekla, Adam Czapla, Anna Malek.\u00a0<\/p>\n\n\n\n<p>Jego ulubione style muzyczne to neo-soul i szeroko poj\u0119ta alternatywa, ale w duszy graj\u0105 mu te\u017c musicalowe brzmienia.<\/p>\n\n\n\n<p>We Wroc\u0142awskiej Szkole \u015apiewu prowadzi zaj\u0119cia z emisji g\u0142osu. Pozytywna atmosfera i tona wsparcia gwarantowane!<\/p>\n","protected":false},"excerpt":{"rendered":"<p>Micha\u0142 Kusowski to aktor scen muzycznych, wokalista, trener wokalny. Obecnie rozwija si\u0119 w Studium Musicalowym Capitol. Zdobywa\u0142 wiedz\u0119 na takich szkoleniach jak: \u201cSzkolenie dla trener\u00f3w wokalnych I stopnia\u201d &#8211; Studio Voice Progress, pod okiem Krzysztofa Wojciechowskiego i \u201cTransvoice &#8211; podstawy pracy z g\u0142osami os\u00f3b transkobiecych\u201d &#8211; Przestrze\u0144 Czu\u0142ego G\u0142osu, pod okiem Natalii Pancewicz. Bra\u0142 udzia\u0142 &hellip; <\/p>\n<p class=\"link-more\"><a href=\"https:\/\/wroclawskaszkolaspiewu.pl\/index.php\/zespol\/michal-kusowski\/\" class=\"more-link\">Czytaj dalej<span class=\"screen-reader-text\"> \u201eMicha\u0142 Kusowski\u201d<\/span><\/a><\/p>\n","protected":false},"author":1,"featured_media":0,"parent":20,"menu_order":0,"comment_status":"closed","ping_status":"closed","template":"","meta":{"footnotes":""},"_links":{"self":[{"href":"https:\/\/wroclawskaszkolaspiewu.pl\/index.php\/wp-json\/wp\/v2\/pages\/1249"}],"collection":[{"href":"https:\/\/wroclawskaszkolaspiewu.pl\/index.php\/wp-json\/wp\/v2\/pages"}],"about":[{"href":"https:\/\/wroclawskaszkolaspiewu.pl\/index.php\/wp-json\/wp\/v2\/types\/page"}],"author":[{"embeddable":true,"href":"https:\/\/wroclawskaszkolaspiewu.pl\/index.php\/wp-json\/wp\/v2\/users\/1"}],"replies":[{"embeddable":true,"href":"https:\/\/wroclawskaszkolaspiewu.pl\/index.php\/wp-json\/wp\/v2\/comments?post=1249"}],"version-history":[{"count":1,"href":"https:\/\/wroclawskaszkolaspiewu.pl\/index.php\/wp-json\/wp\/v2\/pages\/1249\/revisions"}],"predecessor-version":[{"id":1251,"href":"https:\/\/wroclawskaszkolaspiewu.pl\/index.php\/wp-json\/wp\/v2\/pages\/1249\/revisions\/1251"}],"up":[{"embeddable":true,"href":"https:\/\/wroclawskaszkolaspiewu.pl\/index.php\/wp-json\/wp\/v2\/pages\/20"}],"wp:attachment":[{"href":"https:\/\/wroclawskaszkolaspiewu.pl\/index.php\/wp-json\/wp\/v2\/media?parent=1249"}],"curies":[{"name":"wp","href":"https:\/\/api.w.org\/{rel}","templated":true}]}}