{"id":1229,"date":"2025-12-28T22:44:37","date_gmt":"2025-12-28T22:44:37","guid":{"rendered":"https:\/\/wroclawskaszkolaspiewu.pl\/?page_id=1229"},"modified":"2026-05-02T09:37:33","modified_gmt":"2026-05-02T09:37:33","slug":"spiewaj-bez-leku","status":"publish","type":"page","link":"https:\/\/wroclawskaszkolaspiewu.pl\/index.php\/spiewaj-bez-leku\/","title":{"rendered":"\u015apiewaj bez l\u0119ku &#8211; zaj\u0119cia grupowe"},"content":{"rendered":"\n<h1 class=\"wp-block-heading\"><mark style=\"background-color:rgba(0, 0, 0, 0);color:#fa2f62\" class=\"has-inline-color\"><strong>KOLEJNA EDYCJA JU\u017b W PA\u0179DZIERNIKU 2026!<\/strong><\/mark><\/h1>\n\n\n\n<h2 class=\"wp-block-heading\"><em>Zaj\u0119cia grupowe dla os\u00f3b ucz\u0105cych si\u0119 \u015bpiewu, kt\u00f3re chc\u0105 sobie poradzi\u0107 z trem\u0105 i perfekcjonizmem<\/em>.<\/h2>\n\n\n\n<figure class=\"wp-block-image size-full\"><img loading=\"lazy\" decoding=\"async\" width=\"851\" height=\"315\" src=\"https:\/\/wroclawskaszkolaspiewu.pl\/wp-content\/uploads\/2025\/12\/Proste-Zdjecie-Moda-Facebook-Zdjecie-w-Tle.jpg\" alt=\"\" class=\"wp-image-1230\" srcset=\"https:\/\/wroclawskaszkolaspiewu.pl\/wp-content\/uploads\/2025\/12\/Proste-Zdjecie-Moda-Facebook-Zdjecie-w-Tle.jpg 851w, https:\/\/wroclawskaszkolaspiewu.pl\/wp-content\/uploads\/2025\/12\/Proste-Zdjecie-Moda-Facebook-Zdjecie-w-Tle-300x111.jpg 300w, https:\/\/wroclawskaszkolaspiewu.pl\/wp-content\/uploads\/2025\/12\/Proste-Zdjecie-Moda-Facebook-Zdjecie-w-Tle-768x284.jpg 768w\" sizes=\"(max-width: 767px) 89vw, (max-width: 1000px) 54vw, (max-width: 1071px) 543px, 580px\" \/><\/figure>\n\n\n\n<p>\u201c\u015apiewaj bez l\u0119ku\u201d to program, kt\u00f3ry pomaga oswoi\u0107 trem\u0119, wyciszy\u0107 wewn\u0119trznego krytyka i \u015bpiewa\u0107 w zgodzie ze sob\u0105 &#8211; bez presji perfekcji.<\/p>\n\n\n\n<p class=\"has-vivid-cyan-blue-color has-text-color has-link-color wp-elements-1e019ff35681a96d8a883bb78824e7c1\"><strong>Czy chcesz \u015bpiewa\u0107, ale:<\/strong><\/p>\n\n\n\n<ul>\n<li>stres \u015bciska Ci gard\u0142o, gdy kto\u015b s\u0142ucha?<\/li>\n\n\n\n<li>boisz si\u0119 ocen, por\u00f3wna\u0144 albo tego, \u017ce \u201cnie jeste\u015b wystarczaj\u0105co dobra\/-y\u201d?<\/li>\n\n\n\n<li>perfekcjonizm sprawia, \u017ce zamiast rado\u015bci czujesz presj\u0119?<\/li>\n\n\n\n<li>potrzebujesz bezpiecznej, \u017cyczliwej przestrzeni do pracy nad relacj\u0105 ze swoim g\u0142osem?<\/li>\n<\/ul>\n\n\n\n<p>Nie jeste\u015b z tym sam\/-a.<\/p>\n\n\n\n<h3 class=\"wp-block-heading has-text-color has-link-color wp-elements-34fd66c8506feb456cbfa38b77b44cdd\" style=\"color:#c218c6\"><strong>Czym jest program \u201c\u015apiewaj bez l\u0119ku\u201d?<\/strong><\/h3>\n\n\n\n<p>To sze\u015bciomiesi\u0119czny program rozwojowy w formie stacjonarnych zaj\u0119\u0107 grupowych, stworzony dla doros\u0142ych os\u00f3b ucz\u0105cych si\u0119 \u015bpiewu &#8211; szczeg\u00f3lnie tych, kt\u00f3re czuj\u0105, \u017ce najwi\u0119ksz\u0105 przeszkod\u0105 do \u015bpiewania nie jest dla nich g\u0142os sam w sobie, ale napi\u0119cie, l\u0119k, trema i wewn\u0119trzny krytyk.<\/p>\n\n\n\n<p><strong>To nie s\u0105 zaj\u0119cia, na kt\u00f3rych trzeba by\u0107 odwa\u017cnym od pierwszego dnia. Odwaga przyjdzie z czasem &#8211; a razem z ni\u0105, rado\u015b\u0107 i przyjemno\u015b\u0107 ze \u015bpiewania.<\/strong><\/p>\n\n\n\n<div class=\"wp-block-buttons is-layout-flex wp-block-buttons-is-layout-flex\">\n<div class=\"wp-block-button\"><a class=\"wp-block-button__link has-vivid-purple-background-color has-background wp-element-button\" href=\"https:\/\/forms.gle\/fQbyc6syotqP3HKo9\" target=\"_blank\" rel=\"noreferrer noopener\">Kliknij, \u017ceby zapisa\u0107 si\u0119 na list\u0119 oczekuj\u0105cych na kolejn\u0105 edycj\u0119<\/a><\/div>\n<\/div>\n\n\n\n<p><\/p>\n\n\n\n<p class=\"has-vivid-cyan-blue-color has-text-color has-link-color wp-elements-3257e7f902682f8eaf5974eda11976ef\"><strong>Jak pracujemy?<\/strong><\/p>\n\n\n\n<ul>\n<li>spotkania 2 razy w miesi\u0105cu po 90 minut<\/li>\n\n\n\n<li>tempo dopasowane do procesu uczestnik\u00f3w<\/li>\n\n\n\n<li>ciep\u0142a, wspieraj\u0105ca atmosfera bez ocen i presji<\/li>\n<\/ul>\n\n\n\n<p>Dodatkowo dla ch\u0119tnych:<\/p>\n\n\n\n<ul>\n<li>mo\u017cliwo\u015b\u0107 udzia\u0142u w mikrokoncertach Wroc\u0142awskiej Szko\u0142y \u015apiewu (w cenie programu)<\/li>\n\n\n\n<li>mo\u017cliwo\u015b\u0107 wyst\u0119pu w koncercie fina\u0142owym na zako\u0144czenie programu<\/li>\n<\/ul>\n\n\n\n<p class=\"has-text-color has-link-color wp-elements-e03d551f710907ad14d827cf3a9c4f0e\" style=\"color:#b010a3\"><strong>Co mo\u017cesz zyska\u0107?<\/strong><\/p>\n\n\n\n<p>W zale\u017cno\u015bci od Twoich cel\u00f3w:<\/p>\n\n\n\n<ul>\n<li>wi\u0119kszy spok\u00f3j i pewno\u015b\u0107 podczas \u015bpiewania<\/li>\n\n\n\n<li>lepsze radzenie sobie z trem\u0105 i stresem<\/li>\n\n\n\n<li>\u0142agodniejsz\u0105 relacj\u0119 z w\u0142asnym g\u0142osem<\/li>\n\n\n\n<li>odwag\u0119 do pokazania si\u0119 &#8211; na scenie lub po prostu przed innymi<\/li>\n\n\n\n<li>bycie na scenie naprawd\u0119 sob\u0105 &#8211; bez podcinania skrzyde\u0142 przez trem\u0119<\/li>\n<\/ul>\n\n\n\n<p>Nie obiecujemy braku tremy. Obiecujemy narz\u0119dzia i przestrze\u0144, by przesta\u0142a Ci\u0119 ona zatrzymywa\u0107.<\/p>\n\n\n\n<p>Program opiera si\u0119 na pracy w uwa\u017cnej, wspieraj\u0105cej atmosferze w ma\u0142ej grupie, w kt\u00f3rej mo\u017cna poczu\u0107, \u017ce <strong>nie jest si\u0119 samemu ze swoimi trudno\u015bciami<\/strong>.<\/p>\n\n\n\n<p class=\"has-vivid-purple-color has-text-color has-link-color wp-elements-ddd7d2666031510e268de1c9ab325a52\"><strong>Ten program jest dla Ciebie, je\u015bli:<\/strong><\/p>\n\n\n\n<ul>\n<li>jeste\u015b doros\u0142\u0105 osob\u0105 ucz\u0105c\u0105 si\u0119 \u015bpiewu (r\u00f3wnie\u017c od podstaw)<\/li>\n\n\n\n<li>zmagasz si\u0119 z trem\u0105, stresem lub wewn\u0119trznym krytykiem<\/li>\n\n\n\n<li>chcesz rozwija\u0107 si\u0119 w swoim tempie, bez presji i ocen<\/li>\n<\/ul>\n\n\n\n<p class=\"has-vivid-purple-color has-text-color has-link-color wp-elements-2e89fa5359155d64c438de19fba577af\"><strong>To nie jest program dla Ciebie, je\u015bli:<\/strong><\/p>\n\n\n\n<ul>\n<li>szukasz magicznych sztuczek i szybkiego efektu bez pracy nad procesem<\/li>\n\n\n\n<li>lubisz by\u0107 oceniana\/-y lub por\u00f3wnywana\/-y z innymi, motywuje Ci\u0119 to i daje kopa do dzia\u0142ania<\/li>\n\n\n\n<li>oczekujesz wy\u0142\u0105cznie technicznego treningu wokalnego<\/li>\n\n\n\n<li>nie masz problem\u00f3w z trem\u0105 i stresem, \u015bpiewasz radosnym i pe\u0142nym g\u0142osem zawsze, kiedy masz na to ochot\u0119<\/li>\n<\/ul>\n\n\n\n<h3 class=\"wp-block-heading has-text-color has-link-color wp-elements-8858f766c3d7a1ce341ca875fdb5e7c3\" style=\"color:#cb0ab5\"><strong>Kto prowadzi program?<\/strong><\/h3>\n\n\n\n<p class=\"has-black-color has-text-color has-link-color wp-elements-350bfcdcfe9fc79b2d1705664cab8b44\">Zaj\u0119cia prowadzi <strong><a href=\"https:\/\/wroclawskaszkolaspiewu.pl\/index.php\/patrycja-obara\/\" data-type=\"page\" data-id=\"248\">Patrycja Obara<\/a><\/strong> &#8211; coachka, trenerka wokalna, artystka i trenerka wyst\u0105pie\u0144 publicznych, \u0142\u0105cz\u0105ca do\u015bwiadczenie pracy z g\u0142osem, scen\u0105 i rozwojem wewn\u0119trznym.<\/p>\n\n\n\n<div class=\"wp-block-buttons is-layout-flex wp-block-buttons-is-layout-flex\">\n<div class=\"wp-block-button\"><a class=\"wp-block-button__link has-vivid-purple-background-color has-background wp-element-button\" href=\"https:\/\/forms.gle\/fQbyc6syotqP3HKo9\" target=\"_blank\" rel=\"noreferrer noopener\">Kliknij, \u017ceby zapisa\u0107 si\u0119 na list\u0119 oczekuj\u0105cych na kolejn\u0105 edycj\u0119<\/a><\/div>\n<\/div>\n\n\n\n<p><\/p>\n\n\n\n<p class=\"has-vivid-purple-color has-text-color has-link-color wp-elements-8138a389cf78edf7f1457db734777bc6\"><strong>Je\u015bli masz jeszcze w\u0105tpliwo\u015bci lub pytania, zajrzyj poni\u017cej &#8211; by\u0107 mo\u017ce mamy na nie odpowied\u017a<\/strong>:<\/p>\n\n\n\n<blockquote class=\"wp-block-quote\">\n<p><strong>\u201cJestem pocz\u0105tkuj\u0105ca\/-y &#8211; czy to na pewno dla mnie?\u201d<\/strong><strong><br><\/strong>Tak. Program jest skierowany do os\u00f3b doros\u0142ych ucz\u0105cych si\u0119 \u015bpiewu, r\u00f3wnie\u017c od podstaw.<\/p>\n\n\n\n<hr class=\"wp-block-separator has-alpha-channel-opacity\"\/>\n<\/blockquote>\n\n\n\n<blockquote class=\"wp-block-quote\">\n<p><strong>\u201cBoj\u0119 si\u0119 \u015bpiewa\u0107 przy innych.\u201d<\/strong><strong><br><\/strong>Nie musisz. \u015apiewanie na \u017cywo jest zawsze dobrowolne podobnie jak udzia\u0142 w ka\u017cdym \u0107wiczeniu w ramach programu. Zawsze Ty decydujesz.<\/p>\n\n\n\n<hr class=\"wp-block-separator has-alpha-channel-opacity\"\/>\n<\/blockquote>\n\n\n\n<blockquote class=\"wp-block-quote\">\n<p><strong>\u201cNie chc\u0119 terapii ani psychologii.\u201d<\/strong><strong><br><\/strong>To zaj\u0119cia rozwojowe &#8211; pracujemy praktycznie, bez etykietowania i diagnoz.<\/p>\n\n\n\n<hr class=\"wp-block-separator has-alpha-channel-opacity\"\/>\n<\/blockquote>\n\n\n\n<blockquote class=\"wp-block-quote\">\n<p><strong>\u201cA je\u015bli w og\u00f3le nie chc\u0119 wyst\u0119powa\u0107 na scenie?\u201d<\/strong><strong><br><\/strong>To te\u017c w porz\u0105dku. Mo\u017cesz \u015bpiewa\u0107 tylko dla siebie. Celem zaj\u0119\u0107 jest pom\u00f3c Ci znale\u017a\u0107 z tego rado\u015b\u0107, przyjemno\u015b\u0107 i satysfakcj\u0119.<\/p>\n\n\n\n<hr class=\"wp-block-separator has-alpha-channel-opacity\"\/>\n<\/blockquote>\n\n\n\n<blockquote class=\"wp-block-quote\">\n<p><strong>&#8222;Nie wiem, czy dam rad\u0119 regularnie przychodzi\u0107 przez 6 miesi\u0119cy.\u201d<\/strong><br>Program zosta\u0142 zaprojektowany tak, by nie przeci\u0105\u017ca\u0107 uczestnicz\u0105cych w nim os\u00f3b &#8211; spotykamy si\u0119 tylko 2 razy w miesi\u0105cu, a terminy ustalamy wsp\u00f3lnie. Je\u015bli zdarzy si\u0119 nieobecno\u015b\u0107, nie \u201ewypadasz\u201d z programu \u2014 wracasz do grupy w kolejnym spotkaniu.<\/p>\n<\/blockquote>\n\n\n\n<hr class=\"wp-block-separator has-alpha-channel-opacity\"\/>\n\n\n\n<blockquote class=\"wp-block-quote\">\n<p><strong>\u201eBoj\u0119 si\u0119, \u017ce b\u0119d\u0119 odstawa\u0107 od grupy.\u201d<\/strong><br>Grupa jest tworzona z my\u015bl\u0105 o osobach, kt\u00f3re maj\u0105 r\u00f3\u017cne do\u015bwiadczenia i tempo rozwoju. Nie pracujemy w oparciu o por\u00f3wnania, a ka\u017cda osoba decyduje, na ile i w jaki spos\u00f3b chce si\u0119 anga\u017cowa\u0107. To nie jest miejsce rywalizacji &#8211; to przestrze\u0144 na bycie sob\u0105.<\/p>\n<\/blockquote>\n\n\n\n<hr class=\"wp-block-separator has-alpha-channel-opacity\"\/>\n\n\n\n<blockquote class=\"wp-block-quote\">\n<p><strong>\u201eNie wiem, czy to co\u015b dla mnie &#8211; nie mam sprecyzowanego celu.\u201d<\/strong><br>To jest w porz\u0105dku. Nie musisz wiedzie\u0107 od pocz\u0105tku, dok\u0105d dok\u0142adnie chcesz doj\u015b\u0107. Dla jednych celem b\u0119dzie wyst\u0119p, dla innych wi\u0119kszy spok\u00f3j, pewno\u015b\u0107 lub rado\u015b\u0107 ze \u015bpiewania. Program daje przestrze\u0144, by ten cel wy\u0142oni\u0142 si\u0119 w trakcie, w zgodzie z Tob\u0105.<\/p>\n<\/blockquote>\n\n\n\n<hr class=\"wp-block-separator has-alpha-channel-opacity\"\/>\n\n\n\n<h2 class=\"wp-block-heading\">Je\u015bli czujesz, \u017ce <strong>l\u0119k i presja Ci\u0119 blokuj\u0105<\/strong>, zapraszamy Ci\u0119 do udzia\u0142u w zaj\u0119ciach <strong>\u201c\u015apiewaj bez l\u0119ku\u201d<\/strong>.<\/h2>\n\n\n\n<p><\/p>\n\n\n\n<div class=\"wp-block-buttons is-layout-flex wp-block-buttons-is-layout-flex\">\n<div class=\"wp-block-button\"><a class=\"wp-block-button__link has-vivid-purple-background-color has-background wp-element-button\" href=\"https:\/\/forms.gle\/fQbyc6syotqP3HKo9\" target=\"_blank\" rel=\"noreferrer noopener\">Kliknij, \u017ceby zapisa\u0107 si\u0119 na list\u0119 oczekuj\u0105cych na kolejn\u0105 edycj\u0119<\/a><\/div>\n<\/div>\n\n\n\n<p class=\"has-vivid-cyan-blue-color has-text-color has-link-color wp-elements-d39635c20ebe7e4fc58314c6e1571a7a\"><strong>Nie musisz by\u0107 gotowa\/-y. Wystarczy, \u017ce chcesz spr\u00f3bowa\u0107 w bezpiecznych warunkach.<\/strong><\/p>\n\n\n\n<p>REGULAMIN I CENNIK<\/p>\n\n\n\n<p>1. Zapisy dotycz\u0105 udzia\u0142u w ca\u0142ym 6-miesi\u0119cznym programie.&nbsp;<\/p>\n\n\n\n<p>2. Zaj\u0119cia odbywaj\u0105 si\u0119 dwa razy w miesi\u0105cu stacjonarnie w siedzibie Szko\u0142y w terminach ustalonych przez Prowadz\u0105c\u0105 wraz z Grup\u0105. <\/p>\n\n\n\n<p>3. Koszt programu wynosi:<\/p>\n\n\n\n<p>&#8211; 960 z\u0142 za ca\u0142y program = 80 z\u0142 za spotkanie (dla os\u00f3b ucz\u0105cych si\u0119 we Wroc\u0142awskiej Szkole \u015apiewu)<\/p>\n\n\n\n<p>&#8211; 1200 z\u0142 za ca\u0142y program = 100 z\u0142 za spotkanie (dla pozosta\u0142ych os\u00f3b)<\/p>\n\n\n\n<p>BONUS w cenie:<\/p>\n\n\n\n<p>Udzia\u0142 w mikrokoncertach Wroc\u0142awskiej Szko\u0142y \u015apiewu w trakcie trwania programu bez dodatkowych op\u0142at.<\/p>\n\n\n\n<p>4. Do\u0142\u0105czenie do programu jest r\u00f3wnoznaczne z zobowi\u0105zaniem do uregulowania pe\u0142nej kwoty niezale\u017cnie od nieobecno\u015bci na poszczeg\u00f3lnych zaj\u0119ciach.<\/p>\n\n\n\n<p>5. W przypadku os\u00f3b regularnie ucz\u0119szczaj\u0105cych na zaj\u0119cia we Wroc\u0142awskiej Szkole \u015apiewu koszt poszczeg\u00f3lnych spotka\u0144 b\u0119dzie doliczany do comiesi\u0119cznych rachunk\u00f3w za zaj\u0119cia.<\/p>\n\n\n\n<p>6. W przypadku pozosta\u0142ych os\u00f3b prosimy o wp\u0142at\u0119 ca\u0142o\u015bci nale\u017cnej kwoty lub zadatku w wysoko\u015bci 100 z\u0142 w ci\u0105gu 48h od dokonania rezerwacji.<\/p>\n\n\n\n<p>6a) Numer konta do przelewu:&nbsp;<\/p>\n\n\n\n<p>Wroc\u0142awska Szko\u0142a \u015apiewu, ul. Pi\u0142sudskiego 32\/1b, 50-033 Wroc\u0142aw<\/p>\n\n\n\n<p>69 1160 2202 0000 0004 5514 8685<\/p>\n\n\n\n<p>6b) Termin wp\u0142aty ca\u0142ej kwoty up\u0142ywa 7 dni kalendarzowych przed terminem rozpocz\u0119cia programu.<\/p>\n\n\n\n<p>6c) Istnieje mo\u017cliwo\u015b\u0107 roz\u0142o\u017cenia p\u0142atno\u015bci na dwie raty. Je\u015bli interesuje Ci\u0119 takie rozwi\u0105zanie, skontaktuj si\u0119 z nami pod adresem wroclawskaszkolaspiewu@gmail.com<\/p>\n\n\n\n<p>7. Zwroty:<br>7a) W przypadku odwo\u0142ania kursu lub jego cz\u0119\u015bci przez organizatora osoba uczestnicz\u0105ca otrzyma zwrot wp\u0142aconych pieni\u0119dzy za niezrealizowane zaj\u0119cia.<br>7b) W przypadku rezygnacji przez osob\u0119 uczestnicz\u0105c\u0105, zadatek nie podlega zwrotowi.<\/p>\n\n\n\n<p>7c) W przypadku rezygnacji z udzia\u0142u w programie przez osob\u0119 uczestnicz\u0105c\u0105 powy\u017cej 3 dni kalendarzowych przed terminem warsztat\u00f3w, otrzyma ona zwrot wp\u0142aconych \u015brodk\u00f3w (bez zadatku).<\/p>\n\n\n\n<p>7d) W przypadku rezygnacji 3 lub mniej dni kalendarzowych przed terminem warsztat\u00f3w,&nbsp;osob\u0119 uczestnicz\u0105c\u0105 obowi\u0105zuj\u0105 umowne koszty rezygnacji w wysoko\u015bci 25% ceny udzia\u0142u w programie.<\/p>\n\n\n\n<p>7e) W przypadku niepojawienia si\u0119 na warsztatach, osobie uczestnicz\u0105cej nie przys\u0142uguje prawo do zwrotu wp\u0142aty, jej obni\u017cenia, \u017c\u0105dania realizacji \u015bwiadcze\u0144 w innym terminie albo ekwiwalentu za niewykorzystane \u015bwiadczenia.&nbsp;<\/p>\n\n\n\n<p>8. Informacja o przetwarzaniu danych osobowych: <a href=\"https:\/\/wroclawskaszkolaspiewu.pl\/index.php\/polityka-prywatnosci\/\" data-type=\"page\" data-id=\"347\">kliknij tutaj<\/a>.<\/p>\n","protected":false},"excerpt":{"rendered":"<p>KOLEJNA EDYCJA JU\u017b W PA\u0179DZIERNIKU 2026! Zaj\u0119cia grupowe dla os\u00f3b ucz\u0105cych si\u0119 \u015bpiewu, kt\u00f3re chc\u0105 sobie poradzi\u0107 z trem\u0105 i perfekcjonizmem. \u201c\u015apiewaj bez l\u0119ku\u201d to program, kt\u00f3ry pomaga oswoi\u0107 trem\u0119, wyciszy\u0107 wewn\u0119trznego krytyka i \u015bpiewa\u0107 w zgodzie ze sob\u0105 &#8211; bez presji perfekcji. Czy chcesz \u015bpiewa\u0107, ale: Nie jeste\u015b z tym sam\/-a. Czym jest program &hellip; <\/p>\n<p class=\"link-more\"><a href=\"https:\/\/wroclawskaszkolaspiewu.pl\/index.php\/spiewaj-bez-leku\/\" class=\"more-link\">Czytaj dalej<span class=\"screen-reader-text\"> \u201e\u015apiewaj bez l\u0119ku &#8211; zaj\u0119cia grupowe\u201d<\/span><\/a><\/p>\n","protected":false},"author":1,"featured_media":0,"parent":0,"menu_order":0,"comment_status":"closed","ping_status":"closed","template":"","meta":{"footnotes":""},"_links":{"self":[{"href":"https:\/\/wroclawskaszkolaspiewu.pl\/index.php\/wp-json\/wp\/v2\/pages\/1229"}],"collection":[{"href":"https:\/\/wroclawskaszkolaspiewu.pl\/index.php\/wp-json\/wp\/v2\/pages"}],"about":[{"href":"https:\/\/wroclawskaszkolaspiewu.pl\/index.php\/wp-json\/wp\/v2\/types\/page"}],"author":[{"embeddable":true,"href":"https:\/\/wroclawskaszkolaspiewu.pl\/index.php\/wp-json\/wp\/v2\/users\/1"}],"replies":[{"embeddable":true,"href":"https:\/\/wroclawskaszkolaspiewu.pl\/index.php\/wp-json\/wp\/v2\/comments?post=1229"}],"version-history":[{"count":8,"href":"https:\/\/wroclawskaszkolaspiewu.pl\/index.php\/wp-json\/wp\/v2\/pages\/1229\/revisions"}],"predecessor-version":[{"id":1254,"href":"https:\/\/wroclawskaszkolaspiewu.pl\/index.php\/wp-json\/wp\/v2\/pages\/1229\/revisions\/1254"}],"wp:attachment":[{"href":"https:\/\/wroclawskaszkolaspiewu.pl\/index.php\/wp-json\/wp\/v2\/media?parent=1229"}],"curies":[{"name":"wp","href":"https:\/\/api.w.org\/{rel}","templated":true}]}}