{"id":1167,"date":"2025-10-01T20:28:46","date_gmt":"2025-10-01T20:28:46","guid":{"rendered":"https:\/\/wroclawskaszkolaspiewu.pl\/?page_id=1167"},"modified":"2025-10-01T20:28:46","modified_gmt":"2025-10-01T20:28:46","slug":"magdalena-kubat","status":"publish","type":"page","link":"https:\/\/wroclawskaszkolaspiewu.pl\/index.php\/magdalena-kubat\/","title":{"rendered":"Magdalena Kubat"},"content":{"rendered":"\n<figure class=\"wp-block-image size-large\"><img loading=\"lazy\" decoding=\"async\" width=\"1024\" height=\"726\" src=\"https:\/\/wroclawskaszkolaspiewu.pl\/wp-content\/uploads\/2025\/10\/cafe-deluca-\u2014-kopia-3-1024x726.jpg\" alt=\"\" class=\"wp-image-1168\" srcset=\"https:\/\/wroclawskaszkolaspiewu.pl\/wp-content\/uploads\/2025\/10\/cafe-deluca-\u2014-kopia-3-1024x726.jpg 1024w, https:\/\/wroclawskaszkolaspiewu.pl\/wp-content\/uploads\/2025\/10\/cafe-deluca-\u2014-kopia-3-300x213.jpg 300w, https:\/\/wroclawskaszkolaspiewu.pl\/wp-content\/uploads\/2025\/10\/cafe-deluca-\u2014-kopia-3-768x545.jpg 768w, https:\/\/wroclawskaszkolaspiewu.pl\/wp-content\/uploads\/2025\/10\/cafe-deluca-\u2014-kopia-3-1536x1090.jpg 1536w, https:\/\/wroclawskaszkolaspiewu.pl\/wp-content\/uploads\/2025\/10\/cafe-deluca-\u2014-kopia-3.jpg 1748w\" sizes=\"(max-width: 767px) 89vw, (max-width: 1000px) 54vw, (max-width: 1071px) 543px, 580px\" \/><\/figure>\n\n\n\n<p>Wokalistka, pianistka, trenerka wokalna. Absolwentka Akademii Muzycznej im. Feliksa Nowowiejskiego w Bydgoszczy na kierunku wokalistyka jazzowa, a wcze\u015bniej \u2013 PSM I i II stopnia w Boles\u0142awcu w klasie fortepianu. Kszta\u0142ci\u0142a si\u0119 r\u00f3wnie\u017c w Krakowskiej Szkole Jazzu i Muzyki Rozrywkowej. Wsp\u00f3\u0142pracowa\u0142a m. in. z Wroc\u0142awskim Teatrem Lalek, Filharmoni\u0105 Pomorsk\u0105 im. I. J. Paderewskiego w Bydgoszczy, Toru\u0144sk\u0105 Orkiestr\u0105 Symfoniczn\u0105, wyst\u0119powa\u0142a w Miejskim Centrum Kultury w Bydgoszczy w ramach cyklu \u201eKlub Akademii Jazzu\u201d.<\/p>\n\n\n\n<p>Bra\u0142a udzia\u0142 w wielu warsztatach i festiwalach, m. in. Festiwalu \u201eStarzy i M\u0142odzi, czyli jazz w Krakowie\u201d, Mi\u0119dzykulturowych Spotkaniach Muzyki, Kreatywno\u015bci i Ekspresji \u201eVoicingers\u201d, Stacji Kutno \u2013 Og\u00f3lnopolskim Festiwalu Jeremiego Przybory, Mi\u0119dzynarodowym Festiwalu Nova Muzyka i Architektura. <\/p>\n\n\n\n<p>Nieustannie poszerza swoj\u0105 wiedz\u0119, uczestnicz\u0105c w szkoleniach m. in. Stowarzyszenia Wokalist\u00f3w MIX, Estill (1. i 2. poziom \u2013 Anne Marie Speed, Aleksandra Wo\u017aniak, Kamil Dominiak), Krzysztofa Wojciechowskiego, Fundacji Techniki Alexandra (Magdalena K\u0119dzior).<\/p>\n\n\n\n<p>Wierzy, \u017ce \u015bpiew to najpe\u0142niejsza forma komunikacji i chce, aby jej podopieczni zyskali wolno\u015b\u0107 w pos\u0142ugiwaniu si\u0119 swoim g\u0142osem, tak aby wyra\u017ca\u0142 ca\u0142\u0105 palet\u0119 emocji. Towarzyszenie w tej drodze przynosi jej prawdziw\u0105 rado\u015b\u0107.<\/p>\n\n\n\n<p>Uwielbia kaw\u0119, jest mi\u0142o\u015bniczk\u0105 fortepianu jazzowego, baletu oraz muzyki ludowej z r\u00f3\u017cnych stron \u015bwiata, szczeg\u00f3lnie afryka\u0144skiej.<\/p>\n","protected":false},"excerpt":{"rendered":"<p>Wokalistka, pianistka, trenerka wokalna. Absolwentka Akademii Muzycznej im. Feliksa Nowowiejskiego w Bydgoszczy na kierunku wokalistyka jazzowa, a wcze\u015bniej \u2013 PSM I i II stopnia w Boles\u0142awcu w klasie fortepianu. Kszta\u0142ci\u0142a si\u0119 r\u00f3wnie\u017c w Krakowskiej Szkole Jazzu i Muzyki Rozrywkowej. Wsp\u00f3\u0142pracowa\u0142a m. in. z Wroc\u0142awskim Teatrem Lalek, Filharmoni\u0105 Pomorsk\u0105 im. I. J. Paderewskiego w Bydgoszczy, Toru\u0144sk\u0105 &hellip; <\/p>\n<p class=\"link-more\"><a href=\"https:\/\/wroclawskaszkolaspiewu.pl\/index.php\/magdalena-kubat\/\" class=\"more-link\">Czytaj dalej<span class=\"screen-reader-text\"> \u201eMagdalena Kubat\u201d<\/span><\/a><\/p>\n","protected":false},"author":1,"featured_media":0,"parent":0,"menu_order":0,"comment_status":"closed","ping_status":"closed","template":"","meta":{"footnotes":""},"_links":{"self":[{"href":"https:\/\/wroclawskaszkolaspiewu.pl\/index.php\/wp-json\/wp\/v2\/pages\/1167"}],"collection":[{"href":"https:\/\/wroclawskaszkolaspiewu.pl\/index.php\/wp-json\/wp\/v2\/pages"}],"about":[{"href":"https:\/\/wroclawskaszkolaspiewu.pl\/index.php\/wp-json\/wp\/v2\/types\/page"}],"author":[{"embeddable":true,"href":"https:\/\/wroclawskaszkolaspiewu.pl\/index.php\/wp-json\/wp\/v2\/users\/1"}],"replies":[{"embeddable":true,"href":"https:\/\/wroclawskaszkolaspiewu.pl\/index.php\/wp-json\/wp\/v2\/comments?post=1167"}],"version-history":[{"count":1,"href":"https:\/\/wroclawskaszkolaspiewu.pl\/index.php\/wp-json\/wp\/v2\/pages\/1167\/revisions"}],"predecessor-version":[{"id":1170,"href":"https:\/\/wroclawskaszkolaspiewu.pl\/index.php\/wp-json\/wp\/v2\/pages\/1167\/revisions\/1170"}],"wp:attachment":[{"href":"https:\/\/wroclawskaszkolaspiewu.pl\/index.php\/wp-json\/wp\/v2\/media?parent=1167"}],"curies":[{"name":"wp","href":"https:\/\/api.w.org\/{rel}","templated":true}]}}