{"id":1154,"date":"2025-08-25T11:12:34","date_gmt":"2025-08-25T11:12:34","guid":{"rendered":"https:\/\/wroclawskaszkolaspiewu.pl\/?page_id=1154"},"modified":"2025-10-06T12:50:35","modified_gmt":"2025-10-06T12:50:35","slug":"cennik-na-rok-szkolny-2025-2026","status":"publish","type":"page","link":"https:\/\/wroclawskaszkolaspiewu.pl\/index.php\/cennik-na-rok-szkolny-2025-2026\/","title":{"rendered":"Cennik na rok szkolny 2025\/2026"},"content":{"rendered":"\n<p><strong>CENNIK ZAJ\u0118\u0106 WE WROC\u0141AWSKIEJ SZKOLE \u015aPIEWU<\/strong><\/p>\n\n\n\n<p><strong>Cennik obowi\u0105zuje od 1.09.2025 roku i dotyczy os\u00f3b zapisanych na zaj\u0119cia we Wroc\u0142awskiej Szkole \u015apiewu od 1.09.2025 roku lub powracaj\u0105cych po co najmniej trzymiesi\u0119cznej przerwie w nauce.<\/strong><\/p>\n\n\n\n<figure class=\"wp-block-table\"><table><tbody><tr><td><strong>ZAJ\u0118CIA INDYWIDUALNE<\/strong><\/td><td><strong>D\u0142ugo\u015b\u0107 zaj\u0119\u0107<\/strong><\/td><td><strong>Cena zaj\u0119\u0107<\/strong><\/td><\/tr><tr><td><strong><mark style=\"background-color:rgba(0, 0, 0, 0);color:#d94c99\" class=\"has-inline-color\">EMISJA G\u0141OSU (\u015bpiew, mowa) \u2013 Patrycja Obara<\/mark><\/strong><\/td><td>30 min<br>45 min<br>60 min<\/td><td>150 z\u0142<br>200 z\u0142<br>250 z\u0142<\/td><\/tr><tr><td><strong><mark style=\"background-color:rgba(0, 0, 0, 0);color:#207fbb\" class=\"has-inline-color\">EMISJA G\u0141OSU (\u015bpiew, mowa), PIANINO, KSZTA\u0141CENIE S\u0141UCHU  &#8211; Magdalena Kubat<\/mark><\/strong><\/td><td>30 min<br>45 min<br>60 min<\/td><td>120 z\u0142<br>160 z\u0142<br>200 z\u0142<\/td><\/tr><tr><td><strong><mark style=\"background-color:rgba(0, 0, 0, 0)\" class=\"has-inline-color has-vivid-purple-color\">EMISJA G\u0141OSU (\u015bpiew, mowa)<\/mark><\/strong> <strong><mark style=\"background-color:rgba(0, 0, 0, 0)\" class=\"has-inline-color has-vivid-purple-color\">&#8211; Krzysztof Bobel, Anna Kami\u0144ska, Gabriela Komorowska, Iro Stasica, Ilona Tomaszewska<\/mark><\/strong><\/td><td>30 min<br>45 min<br>60 min<\/td><td>110 z\u0142<br>150 z\u0142<br>190 z\u0142<\/td><\/tr><tr><td><strong><mark style=\"background-color:rgba(0, 0, 0, 0)\" class=\"has-inline-color has-pale-pink-color\"><strong><mark style=\"background-color:rgba(0, 0, 0, 0)\" class=\"has-inline-color has-vivid-cyan-blue-color\">COACHING &#8211; <strong>wsparcie w rozwoju artystycznym, zarz\u0105dzaniu stresem i wyst\u0105pieniach publicznych<\/strong><\/mark><\/strong><\/mark><\/strong><br><strong><mark style=\"background-color:rgba(0, 0, 0, 0)\" class=\"has-inline-color has-pale-pink-color\">MENTORING DLA TRENEREK I TRENER\u00d3W WOKALNYCH z Patrycj\u0105 Obar\u0105<\/mark><\/strong><\/td><td>45 min<br>60 min<\/td><td>240 z\u0142<br>300 z\u0142<\/td><\/tr><tr><td><strong>SONGWRITING (nauka pisania piosenek, konsultacja szkic\u00f3w lub pisanie od zera)<\/strong><\/td><td>30 min<br>45 min<br>60 min<\/td><td>150 z\u0142<br>200 z\u0142<br>250 z\u0142<\/td><\/tr><tr><td><strong>INTERPRETACJA PIOSENKI \/ ZAJ\u0118CIA AKTORSKIE (z aktorem i nauczycielem aktorstwa)<\/strong><\/td><td>45 min<br>60 min<\/td><td>180 z\u0142<br>220 z\u0142<\/td><\/tr><tr><td><strong>FONETYKA ANGIELSKA DLA WOKALIST\u00d3W (czyli jak \u015bpiewa\u0107 bez akcentu i jak modyfikowa\u0107 samog\u0142oski &#8211; zaj\u0119cia z anglistk\u0105)<\/strong><\/td><td>30 min<br>45 min<br>60 min<\/td><td>150 z\u0142<br>200 z\u0142<br>250 z\u0142<\/td><\/tr><tr><td><strong>KSZTA\u0141CENIE S\u0141UCHU<\/strong><\/td><td>30 min<br>45 min<\/td><td>110 z\u0142<br>150 z\u0142<\/td><\/tr><tr><td><strong>PIANINO \/ UKULELE &#8211; NAUKA AKOMPANIAMENTU OD PODSTAW<\/strong><\/td><td>30 min<br>45 min<\/td><td>110 z\u0142<br>150 z\u0142<\/td><\/tr><tr><td><strong>ZAJ\u0118CIA ODDECHOWE (z certyfikowan\u0105 trenerk\u0105 oddechu)<\/strong><\/td><td>30 min<br>45 min<\/td><td>150 z\u0142<br>200 z\u0142<\/td><\/tr><tr><td><strong>TRANZYCJA G\u0141OSU<\/strong><\/td><td>30 min<br>45 min<\/td><td>110 z\u0142<br>150 z\u0142<\/td><\/tr><tr><td><strong>REALIZACJA NAGRANIA*<\/strong><\/td><td>60 min<\/td><td>220 z\u0142<\/td><\/tr><tr><td><strong>ZAJ\u0118CIA W PARACH (cena za osob\u0119)<\/strong><\/td><td>45 min<br>60 min<\/td><td>90 z\u0142<br>115 z\u0142<\/td><\/tr><tr><td><strong>ZAJ\u0118CIA GRUPOWE (min. 3 osoby, cena za osob\u0119)<\/strong><\/td><td>45 min<br>60 min<\/td><td>70 z\u0142<br>80 z\u0142<\/td><\/tr><tr><td><strong>MIKROKONCERT<\/strong><\/td><td>45-90 min<\/td><td>35 z\u0142**<\/td><\/tr><tr><td><strong><mark style=\"background-color:rgba(0, 0, 0, 0)\" class=\"has-inline-color has-vivid-purple-color\">ZESPO\u0141Y WOKALNE<\/mark><\/strong><\/td><td><\/td><td><\/td><\/tr><tr><td><strong>DORO\u015aLI (pr\u00f3ba 90 minut, cena za osob\u0119)<\/strong><\/td><td>90 min<\/td><td>75 z\u0142<\/td><\/tr><tr><td><strong>M\u0141ODZIE\u017b (pr\u00f3ba 60 minut, cena za osob\u0119)<\/strong><\/td><td>60 min<\/td><td>70 z\u0142<\/td><\/tr><tr><td><strong>PRZES\u0141UCHANIE<\/strong><\/td><td>30 min<\/td><td>gratis<\/td><\/tr><\/tbody><\/table><\/figure>\n\n\n\n<p>*Cena obejmuje wy\u0142\u0105cznie czas realizacji nagrania. Koszt mixu\/masteringu oraz monta\u017cu video (live session): 500 z\u0142 dla os\u00f3b ucz\u0105cych si\u0119 we Wroc\u0142awskiej Szkole \u015apiewu, 700 z\u0142 dla os\u00f3b spoza Szko\u0142y. Nagranie podk\u0142adu, je\u015bli jest potrzebny, wyceniamy indywidualnie.<\/p>\n\n\n\n<p>** Dotyczy wszystkich os\u00f3b ucz\u0105cych si\u0119 we Wroc\u0142awskiej Szkole \u015apiewu, niezale\u017cnie od momentu rozpocz\u0119cia nauki.<\/p>\n","protected":false},"excerpt":{"rendered":"<p>CENNIK ZAJ\u0118\u0106 WE WROC\u0141AWSKIEJ SZKOLE \u015aPIEWU Cennik obowi\u0105zuje od 1.09.2025 roku i dotyczy os\u00f3b zapisanych na zaj\u0119cia we Wroc\u0142awskiej Szkole \u015apiewu od 1.09.2025 roku lub powracaj\u0105cych po co najmniej trzymiesi\u0119cznej przerwie w nauce. ZAJ\u0118CIA INDYWIDUALNE D\u0142ugo\u015b\u0107 zaj\u0119\u0107 Cena zaj\u0119\u0107 EMISJA G\u0141OSU (\u015bpiew, mowa) \u2013 Patrycja Obara 30 min45 min60 min 150 z\u0142200 z\u0142250 z\u0142 EMISJA &hellip; <\/p>\n<p class=\"link-more\"><a href=\"https:\/\/wroclawskaszkolaspiewu.pl\/index.php\/cennik-na-rok-szkolny-2025-2026\/\" class=\"more-link\">Czytaj dalej<span class=\"screen-reader-text\"> \u201eCennik na rok szkolny 2025\/2026\u201d<\/span><\/a><\/p>\n","protected":false},"author":1,"featured_media":0,"parent":0,"menu_order":0,"comment_status":"closed","ping_status":"closed","template":"","meta":{"footnotes":""},"_links":{"self":[{"href":"https:\/\/wroclawskaszkolaspiewu.pl\/index.php\/wp-json\/wp\/v2\/pages\/1154"}],"collection":[{"href":"https:\/\/wroclawskaszkolaspiewu.pl\/index.php\/wp-json\/wp\/v2\/pages"}],"about":[{"href":"https:\/\/wroclawskaszkolaspiewu.pl\/index.php\/wp-json\/wp\/v2\/types\/page"}],"author":[{"embeddable":true,"href":"https:\/\/wroclawskaszkolaspiewu.pl\/index.php\/wp-json\/wp\/v2\/users\/1"}],"replies":[{"embeddable":true,"href":"https:\/\/wroclawskaszkolaspiewu.pl\/index.php\/wp-json\/wp\/v2\/comments?post=1154"}],"version-history":[{"count":8,"href":"https:\/\/wroclawskaszkolaspiewu.pl\/index.php\/wp-json\/wp\/v2\/pages\/1154\/revisions"}],"predecessor-version":[{"id":1175,"href":"https:\/\/wroclawskaszkolaspiewu.pl\/index.php\/wp-json\/wp\/v2\/pages\/1154\/revisions\/1175"}],"wp:attachment":[{"href":"https:\/\/wroclawskaszkolaspiewu.pl\/index.php\/wp-json\/wp\/v2\/media?parent=1154"}],"curies":[{"name":"wp","href":"https:\/\/api.w.org\/{rel}","templated":true}]}}