{"id":1108,"date":"2025-05-14T17:25:19","date_gmt":"2025-05-14T17:25:19","guid":{"rendered":"https:\/\/wroclawskaszkolaspiewu.pl\/?page_id=1108"},"modified":"2025-05-14T17:25:19","modified_gmt":"2025-05-14T17:25:19","slug":"ilona-tomaszewska","status":"publish","type":"page","link":"https:\/\/wroclawskaszkolaspiewu.pl\/index.php\/zespol\/ilona-tomaszewska\/","title":{"rendered":"Ilona Tomaszewska"},"content":{"rendered":"\n<figure class=\"wp-block-image size-large\"><img loading=\"lazy\" decoding=\"async\" width=\"1024\" height=\"726\" src=\"https:\/\/wroclawskaszkolaspiewu.pl\/wp-content\/uploads\/2025\/05\/cafe-deluca-\u2014-kopia-2-1024x726.jpg\" alt=\"\" class=\"wp-image-1109\" srcset=\"https:\/\/wroclawskaszkolaspiewu.pl\/wp-content\/uploads\/2025\/05\/cafe-deluca-\u2014-kopia-2-1024x726.jpg 1024w, https:\/\/wroclawskaszkolaspiewu.pl\/wp-content\/uploads\/2025\/05\/cafe-deluca-\u2014-kopia-2-300x213.jpg 300w, https:\/\/wroclawskaszkolaspiewu.pl\/wp-content\/uploads\/2025\/05\/cafe-deluca-\u2014-kopia-2-768x545.jpg 768w, https:\/\/wroclawskaszkolaspiewu.pl\/wp-content\/uploads\/2025\/05\/cafe-deluca-\u2014-kopia-2-1536x1090.jpg 1536w, https:\/\/wroclawskaszkolaspiewu.pl\/wp-content\/uploads\/2025\/05\/cafe-deluca-\u2014-kopia-2.jpg 1748w\" sizes=\"(max-width: 767px) 89vw, (max-width: 1000px) 54vw, (max-width: 1071px) 543px, 580px\" \/><\/figure>\n\n\n\n<p>Wokalistka musicalowa, aktorka, tancerka i trenerka, zwi\u0105zana ze scen\u0105 od najm\u0142odszych<br>lat. W swojej karierze artystycznej wyst\u0119powa\u0142a m.in. w Teatrze Lalek we Wroc\u0142awiu, bior\u0105c<br>udzia\u0142 w spektaklach takich jak \u201eCalineczka z Miko\u0142ajem\u201d (re\u017c. Agnieszka Zak\u00f3rska), \u201ePiotru\u015b Pan\u201d oraz \u201eMa\u0142a Pastora\u0142ka\u201d (re\u017c. Robert Skolimowski). Zagra\u0142a tak\u017ce w przedstawieniach Teatru Kalambur oraz w spektaklu \u201eBruzda\u201d (re\u017c. Leszek M\u0105dzik).<\/p>\n\n\n\n<p>Obecnie rozwija swoje umiej\u0119tno\u015bci wokalne i aktorskie na Akademii Muzycznej w Poznaniu, gdzie kszta\u0142ci si\u0119 na specjalno\u015bci wokalistyki musicalowej. Uczestniczy\u0142a r\u00f3wnie\u017c w warsztatach wokalno-aktorskich prowadzonych przez takich ekspert\u00f3w jak: Wojciech<br>Malajkat, El\u017cbieta Zapendowska, Tadeusz Seibert, Aleksandra Gotowicka, Zbigniew<br>Zamachowski oraz Ewa \u0141obaczewska. Dodatkowo, uczestniczy\u0142a w programie tanecznym<br>Theater Jazz &amp; Fosse Style pod okiem Kamili Kwietniewskiej.<br><\/p>\n\n\n\n<p>Ilona nieustannie podnosi swoje kwalifikacje, uczestnicz\u0105c w kursach i warsztatach, m.in. w<br>takich programach jak:<\/p>\n\n\n\n<p>\u25cf \u201eJak skutecznie uczy\u0107 \u015bpiewu\u201d z Paulin\u0105 Kujawsk\u0105-Bednarek, Piotrem Markowskim i<br>Dominik\u0105 P\u0142onk\u0105, kt\u00f3re obejmowa\u0142y m.in. podstawy anatomii, prac\u0119 z g\u0142osem oraz techniki MIX i flow phonation<\/p>\n\n\n\n<p>\u25cf Kurs MIX &amp; BELT z Ew\u0105 \u0141obaczewsk\u0105,<\/p>\n\n\n\n<p>\u25cf Estill Voice Training z Michalin\u0105 Zwierzychowsk\u0105-Wydr\u0105,<\/p>\n\n\n\n<p>\u25cf Prediagnoza logopedyczna w pracy wokalnej z Aureli\u0105 Wawrowsk\u0105.<\/p>\n\n\n\n<p>W ostatnich latach Ilona bra\u0142a udzia\u0142 w koncertach muzyki filmowej i gamingowej organizowanych przez Visual Production. By\u0142a r\u00f3wnie\u017c cz\u0142onkini\u0105 zespo\u0142u kameralnego podczas wernisa\u017cu \u201eWdowa\u201d Aleksandry Ska w Trafostacji Sztuki w Szczecinie. <\/p>\n\n\n\n<p>Ilona szczeg\u00f3lnie stawia na psychologiczne aspekty pracy z g\u0142osem, wierz\u0105c, \u017ce harmonia<br>wewn\u0119trzna, zrozumienie siebie i swojego g\u0142osu, s\u0105 kluczowe do osi\u0105gania sukces\u00f3w artystycznych. Jako trenerka \u015bpiewu pomaga swoim uczniom nie tylko w rozwoju<br>technicznym, ale tak\u017ce w budowaniu pewno\u015bci siebie i \u015bwiadomo\u015bci wokalnej.<\/p>\n","protected":false},"excerpt":{"rendered":"<p>Wokalistka musicalowa, aktorka, tancerka i trenerka, zwi\u0105zana ze scen\u0105 od najm\u0142odszychlat. W swojej karierze artystycznej wyst\u0119powa\u0142a m.in. w Teatrze Lalek we Wroc\u0142awiu, bior\u0105cudzia\u0142 w spektaklach takich jak \u201eCalineczka z Miko\u0142ajem\u201d (re\u017c. Agnieszka Zak\u00f3rska), \u201ePiotru\u015b Pan\u201d oraz \u201eMa\u0142a Pastora\u0142ka\u201d (re\u017c. Robert Skolimowski). Zagra\u0142a tak\u017ce w przedstawieniach Teatru Kalambur oraz w spektaklu \u201eBruzda\u201d (re\u017c. Leszek M\u0105dzik). Obecnie &hellip; <\/p>\n<p class=\"link-more\"><a href=\"https:\/\/wroclawskaszkolaspiewu.pl\/index.php\/zespol\/ilona-tomaszewska\/\" class=\"more-link\">Czytaj dalej<span class=\"screen-reader-text\"> \u201eIlona Tomaszewska\u201d<\/span><\/a><\/p>\n","protected":false},"author":1,"featured_media":0,"parent":20,"menu_order":0,"comment_status":"closed","ping_status":"closed","template":"","meta":{"footnotes":""},"_links":{"self":[{"href":"https:\/\/wroclawskaszkolaspiewu.pl\/index.php\/wp-json\/wp\/v2\/pages\/1108"}],"collection":[{"href":"https:\/\/wroclawskaszkolaspiewu.pl\/index.php\/wp-json\/wp\/v2\/pages"}],"about":[{"href":"https:\/\/wroclawskaszkolaspiewu.pl\/index.php\/wp-json\/wp\/v2\/types\/page"}],"author":[{"embeddable":true,"href":"https:\/\/wroclawskaszkolaspiewu.pl\/index.php\/wp-json\/wp\/v2\/users\/1"}],"replies":[{"embeddable":true,"href":"https:\/\/wroclawskaszkolaspiewu.pl\/index.php\/wp-json\/wp\/v2\/comments?post=1108"}],"version-history":[{"count":1,"href":"https:\/\/wroclawskaszkolaspiewu.pl\/index.php\/wp-json\/wp\/v2\/pages\/1108\/revisions"}],"predecessor-version":[{"id":1110,"href":"https:\/\/wroclawskaszkolaspiewu.pl\/index.php\/wp-json\/wp\/v2\/pages\/1108\/revisions\/1110"}],"up":[{"embeddable":true,"href":"https:\/\/wroclawskaszkolaspiewu.pl\/index.php\/wp-json\/wp\/v2\/pages\/20"}],"wp:attachment":[{"href":"https:\/\/wroclawskaszkolaspiewu.pl\/index.php\/wp-json\/wp\/v2\/media?parent=1108"}],"curies":[{"name":"wp","href":"https:\/\/api.w.org\/{rel}","templated":true}]}}