{"id":1029,"date":"2024-10-12T18:47:47","date_gmt":"2024-10-12T18:47:47","guid":{"rendered":"https:\/\/wroclawskaszkolaspiewu.pl\/?page_id=1029"},"modified":"2025-11-29T14:56:18","modified_gmt":"2025-11-29T14:56:18","slug":"regulamin-2","status":"publish","type":"page","link":"https:\/\/wroclawskaszkolaspiewu.pl\/index.php\/regulamin-2\/","title":{"rendered":"Regulamin"},"content":{"rendered":"\n<p>Regulamin Wroc\u0142awskiej Szko\u0142y \u015apiewu jest dost\u0119pny na stronie internetowej Szko\u0142y. Rozpocz\u0119cie nauki w Szkole (dokonanie pierwszej wp\u0142aty) jest jednoznaczne z akceptacj\u0105 jego postanowie\u0144.<\/p>\n\n\n\n<p>Zaj\u0119cia we Wroc\u0142awskiej Szkole \u015apiewu kierowane s\u0105 zar\u00f3wno do amator\u00f3w bez wcze\u015bniejszego przygotowania, jak i do zaawansowanych wokalist\u00f3w.<\/p>\n\n\n\n<p><strong>Do Wroc\u0142awskiej Szko\u0142y \u015apiewu nie obowi\u0105zuj\u0105 egzaminy wst\u0119pne. Ka\u017cdy mo\u017ce rozpocz\u0105\u0107 nauk\u0119 w dowolnym momencie roku, a program nauczania b\u0119dzie dostosowany do aktualnego poziomu wiedzy i umiej\u0119tno\u015bci Ucznia.<\/strong><\/p>\n\n\n\n<p>Form\u0105 sprawdzenia nabytej wiedzy muzycznej i umiej\u0119tno\u015bci s\u0105 koncerty Uczni\u00f3w, regularnie organizowane przez Szko\u0142\u0119 na koniec ka\u017cdego semestru szkolnego.<\/p>\n\n\n\n<p>Szko\u0142a prowadzi zaj\u0119cia indywidualne dla dzieci, m\u0142odzie\u017cy i doros\u0142ych, zgodnie z ofert\u0105 dost\u0119pn\u0105 na niniejszej stronie internetowej. Mo\u017cliwe s\u0105 tak\u017ce zaj\u0119cia w parach i grupowe, podlegaj\u0105 jednak odr\u0119bnym ustaleniom.<\/p>\n\n\n\n<p><strong>Terminy zaj\u0119\u0107 ustalane s\u0105 indywidualnie.&nbsp;<\/strong>Z przyczyn organizacyjnych oraz dla zapewnienia optymalnej efektywno\u015bci nauki zalecane jest wyznaczenie sta\u0142ego terminu zaj\u0119\u0107. Je\u015bli nie jest to mo\u017cliwe, termin mo\u017ce by\u0107 zmienny \u2013 w miar\u0119 dost\u0119pno\u015bci sali i Trener\u00f3w.<\/p>\n\n\n\n<p>Cz\u0119stotliwo\u015b\u0107 zaj\u0119\u0107 jest ustalana indywidualnie z Uczniem lub jego Opiekunem. Z punktu widzenia efektywno\u015bci nauki zalecana cz\u0119stotliwo\u015b\u0107 to 1 spotkanie w tygodniu.<\/p>\n\n\n\n<p>Szko\u0142a prowadzi r\u00f3wnie\u017c na odr\u0119bnych zasadach warsztaty i zaj\u0119cia grupowe, o kt\u00f3rych informuje na stronie internetowej, w mediach spo\u0142eczno\u015bciowych i\/lub przez newsletter.<\/p>\n\n\n\n<p><strong>EFEKTY KSZTA\u0141CENIA W SZKOLE<\/strong><\/p>\n\n\n\n<p>Wynikiem nauki we Wroc\u0142awskiej Szkole \u015apiewu jest rozwini\u0119cie szerokiego wachlarza umiej\u0119tno\u015bci muzycznych oraz poszerzenie wiedzy z dziedziny muzyki, a tak\u017ce emisji i higieny g\u0142osu.<\/p>\n\n\n\n<p>W\u015br\u00f3d efekt\u00f3w kszta\u0142cenia wymieni\u0107 mo\u017cna:<\/p>\n\n\n\n<ul>\n<li>Rozw\u00f3j w zakresie indywidualnej i zespo\u0142owej ekspresji muzycznej w zr\u00f3\u017cnicowanych gatunkach i stylach muzycznych, za pomoc\u0105 g\u0142osu, instrument\u00f3w i w\u0142asnego cia\u0142a<\/li>\n\n\n\n<li>Rozw\u00f3j w zakresie znajomo\u015bci j\u0119zyka i funkcji muzyki i my\u015blenia muzycznego<\/li>\n\n\n\n<li>Rozw\u00f3j w zakresie kreatywno\u015bci muzycznej i tw\u00f3rczych dzia\u0142a\u0144 w obr\u0119bie muzyki<\/li>\n\n\n\n<li>Poszerzenie wiedzy o kulturze muzycznej<\/li>\n\n\n\n<li>Rozw\u00f3j umiej\u0119tno\u015bci w zakresie fonetyki j\u0119zyk\u00f3w obcych<\/li>\n\n\n\n<li>Rozw\u00f3j umiej\u0119tno\u015bci w zakresie tw\u00f3rczego pisania, a tak\u017ce wra\u017cliwo\u015bci i \u015bwiadomo\u015bci literackiej<\/li>\n\n\n\n<li>Rozw\u00f3j umiej\u0119tno\u015bci w zakresie s\u0142uchu (w tym s\u0142uchu harmonicznego), rytmu i improwizacji muzycznej<\/li>\n\n\n\n<li>Poszerzenie wiedzy i budowanie dobrych nawyk\u00f3w w zakresie higieny g\u0142osu i jego prawid\u0142owej emisji, a tak\u017ce dykcji i artykulacji<\/li>\n<\/ul>\n\n\n\n<h2 class=\"wp-block-heading\"><strong>ROZPOCZ\u0118CIE NAUKI W SZKOLE<\/strong><\/h2>\n\n\n\n<p><strong>Nauk\u0119 mo\u017cna rozpocz\u0105\u0107 w dowolnym momencie roku. Nauka odbywa si\u0119 w trybie ci\u0105g\u0142ym, Wroc\u0142awska Szko\u0142a \u015apiewu nie dzieli roku na semestry. Zaj\u0119cia odbywaj\u0105 si\u0119 tak\u017ce w okresie wakacyjnym w miar\u0119 dost\u0119pno\u015bci Trener\u00f3w.<\/strong><\/p>\n\n\n\n<p>Rezerwacji terminu pierwszych zaj\u0119\u0107 mo\u017cna dokona\u0107 na trzy sposoby:<\/p>\n\n\n\n<ol>\n<li>kontaktuj\u0105c si\u0119 ze Szko\u0142\u0105 pod numerem: +48 519 393 163<\/li>\n\n\n\n<li>mailowo pod adresem wroclawskaszkolaspiewu@gmail.com<\/li>\n\n\n\n<li>wype\u0142niaj\u0105c formularz kontaktowy dost\u0119pny pod adresem:<a href=\"http:\/\/bit.ly\/WSSformularz\">&nbsp;bit.ly\/WSSformularz<\/a><\/li>\n<\/ol>\n\n\n\n<p><strong>W ci\u0105gu 24 godzin od rezerwacji terminu pierwszych zaj\u0119\u0107 nale\u017cy przela\u0107 na konto Szko\u0142y kwot\u0119 nale\u017cn\u0105 za te zaj\u0119cia&nbsp;<\/strong>(zgodnie z cennikiem poni\u017cej) oraz przes\u0142a\u0107 potwierdzenie przelewu na adres wroclawskaszkolaspiewu@gmail.com.&nbsp;<strong>Brak wp\u0142aty na konto w ci\u0105gu 24 godzin od momentu rezerwacji skutkuje anulowaniem um\u00f3wionego terminu zaj\u0119\u0107.<\/strong><\/p>\n\n\n\n<h2 class=\"wp-block-heading\"><strong>UMAWIANIE I ODWO\u0141YWANIE ZAJ\u0118\u0106<\/strong><\/h2>\n\n\n\n<p><strong>Terminy kolejnych zaj\u0119\u0107 mo\u017cna umawia\u0107 na dwa sposoby:<\/strong><\/p>\n\n\n\n<ol>\n<li>Podczas zaj\u0119\u0107 mo\u017cna bezpo\u015brednio u Trenera um\u00f3wi\u0107 si\u0119 na termin kolejnego spotkania.<\/li>\n\n\n\n<li>Poza zaj\u0119ciami terminy kolejnych zaj\u0119\u0107 nale\u017cy ustala\u0107&nbsp;przez kontakt z koordynatork\u0105 zaj\u0119\u0107 Wroc\u0142awskiej Szko\u0142y \u015apiewu pod numerem: +48 519 393 163 lub mailowo pod adresem wroclawskaszkolaspiewu@gmail.com.<\/li>\n<\/ol>\n\n\n\n<p><strong>Odwo\u0142ywa\u0107 zaj\u0119cia mo\u017cna WY\u0141\u0104CZNIE kontaktuj\u0105c si\u0119 ze Szko\u0142\u0105&nbsp;<\/strong>pod numerem: +48 519 393 163 lub mailowo pod adresem wroclawskaszkolaspiewu@gmail.com.<\/p>\n\n\n\n<p><strong>Ustalony termin zaj\u0119\u0107 mo\u017cna odwo\u0142a\u0107 bez konsekwencji najp\u00f3\u017aniej do 19:00 dnia poprzedzaj\u0105cego um\u00f3wion\u0105 lekcj\u0119. Za zaj\u0119cia odwo\u0142ane po tym terminie obowi\u0105zuje kara umowna w wysoko\u015bci pe\u0142nej ceny odwo\u0142anych zaj\u0119\u0107.<\/strong><\/p>\n\n\n\n<p>W przypadku zaj\u0119\u0107 odwo\u0142anych po terminie Szko\u0142a prze\u015ble Uczniowi mailem \u0107wiczenia do wykonania we w\u0142asnym zakresie, stanowi\u0105ce ekwiwalent 1 lekcji.<\/p>\n\n\n\n<h2 class=\"wp-block-heading\"><strong>P\u0141ATNO\u015aCI<\/strong><\/h2>\n\n\n\n<p>Zaj\u0119cia rozliczane s\u0105 raz w miesi\u0105cu.<\/p>\n\n\n\n<p><strong>Po zako\u0144czeniu miesi\u0105ca kalendarzowego Ucze\u0144 w przeci\u0105gu tygodnia otrzyma drog\u0105 mailow\u0105 zestawienie przeprowadzonych zaj\u0119\u0107 wraz z nale\u017cnymi kwotami. Zestawienie to jednocze\u015bnie jest rachunkiem.<\/strong> P\u0142atno\u015bci nale\u017cy dokona\u0107 na podstawie tego rachunku. W szczeg\u00f3lnych przypadkach Szko\u0142a mo\u017ce poprosi\u0107 o dokonywanie p\u0142atno\u015bci z g\u00f3ry.<\/p>\n\n\n\n<p>Pierwsze zaj\u0119cia s\u0105 zawsze p\u0142atne z g\u00f3ry.<\/p>\n\n\n\n<p>Ucze\u0144 (lub Opiekun) zobowi\u0105zany jest dokona\u0107 p\u0142atno\u015bci w terminie okre\u015blonym w rachunku.<\/p>\n\n\n\n<p>P\u0142atno\u015bci nale\u017cy dokona\u0107 przelewem bankowym. Dane do przelewu zostan\u0105 przes\u0142ane mailowo.<\/p>\n\n\n\n<p>W szczeg\u00f3lnych przypadkach Szko\u0142a mo\u017ce przyzna\u0107 Uczniowi rabat.\u00a0<strong>Warunkiem przyznania rabatu jest terminowe dokonywanie p\u0142atno\u015bci.<\/strong><\/p>\n\n\n\n<p>OFERTA ZAJ\u0118\u0106<\/p>\n\n\n\n<p>Pe\u0142na oferta zaj\u0119\u0107 wraz z cennikiem znajduje si\u0119 na <a href=\"https:\/\/wroclawskaszkolaspiewu.pl\/index.php\/cennik-na-rok-szkolny-2024-2025\/\" data-type=\"page\" data-id=\"895\">stronie <strong>Cennik na rok szkolny 2024\/2025.<\/strong><\/a><\/p>\n\n\n\n<p>Opr\u00f3cz zaj\u0119\u0107 indywidualnych Szko\u0142a oferuje inne us\u0142ugi muzyczne, takie jak:<\/p>\n\n\n\n<ul>\n<li>Stworzenie podk\u0142adu muzycznego do piosenki<\/li>\n\n\n\n<li>Aran\u017cacja utworu<\/li>\n\n\n\n<li>Stworzenie lub korekta tekstu piosenki<\/li>\n\n\n\n<li>Stworzenie zapisu nutowego utworu<\/li>\n\n\n\n<li>Mix\/mastering nagra\u0144<\/li>\n\n\n\n<li>Warsztaty muzyczne<\/li>\n\n\n\n<li>Oprawa artystyczna wydarze\u0144<\/li>\n<\/ul>\n\n\n\n<p>Szczeg\u00f3\u0142y oraz cena us\u0142ugi ustalane s\u0105 indywidualnie w zale\u017cno\u015bci od potrzeb Zamawiaj\u0105cego lub, w przypadku warsztat\u00f3w, w zale\u017cno\u015bci od ich rodzaju.<\/p>\n","protected":false},"excerpt":{"rendered":"<p>Regulamin Wroc\u0142awskiej Szko\u0142y \u015apiewu jest dost\u0119pny na stronie internetowej Szko\u0142y. Rozpocz\u0119cie nauki w Szkole (dokonanie pierwszej wp\u0142aty) jest jednoznaczne z akceptacj\u0105 jego postanowie\u0144. Zaj\u0119cia we Wroc\u0142awskiej Szkole \u015apiewu kierowane s\u0105 zar\u00f3wno do amator\u00f3w bez wcze\u015bniejszego przygotowania, jak i do zaawansowanych wokalist\u00f3w. Do Wroc\u0142awskiej Szko\u0142y \u015apiewu nie obowi\u0105zuj\u0105 egzaminy wst\u0119pne. Ka\u017cdy mo\u017ce rozpocz\u0105\u0107 nauk\u0119 w dowolnym &hellip; <\/p>\n<p class=\"link-more\"><a href=\"https:\/\/wroclawskaszkolaspiewu.pl\/index.php\/regulamin-2\/\" class=\"more-link\">Czytaj dalej<span class=\"screen-reader-text\"> \u201eRegulamin\u201d<\/span><\/a><\/p>\n","protected":false},"author":1,"featured_media":0,"parent":0,"menu_order":0,"comment_status":"closed","ping_status":"closed","template":"","meta":{"footnotes":""},"_links":{"self":[{"href":"https:\/\/wroclawskaszkolaspiewu.pl\/index.php\/wp-json\/wp\/v2\/pages\/1029"}],"collection":[{"href":"https:\/\/wroclawskaszkolaspiewu.pl\/index.php\/wp-json\/wp\/v2\/pages"}],"about":[{"href":"https:\/\/wroclawskaszkolaspiewu.pl\/index.php\/wp-json\/wp\/v2\/types\/page"}],"author":[{"embeddable":true,"href":"https:\/\/wroclawskaszkolaspiewu.pl\/index.php\/wp-json\/wp\/v2\/users\/1"}],"replies":[{"embeddable":true,"href":"https:\/\/wroclawskaszkolaspiewu.pl\/index.php\/wp-json\/wp\/v2\/comments?post=1029"}],"version-history":[{"count":4,"href":"https:\/\/wroclawskaszkolaspiewu.pl\/index.php\/wp-json\/wp\/v2\/pages\/1029\/revisions"}],"predecessor-version":[{"id":1212,"href":"https:\/\/wroclawskaszkolaspiewu.pl\/index.php\/wp-json\/wp\/v2\/pages\/1029\/revisions\/1212"}],"wp:attachment":[{"href":"https:\/\/wroclawskaszkolaspiewu.pl\/index.php\/wp-json\/wp\/v2\/media?parent=1029"}],"curies":[{"name":"wp","href":"https:\/\/api.w.org\/{rel}","templated":true}]}}